{"id":10777,"date":"2023-02-14T10:11:22","date_gmt":"2023-02-14T10:11:22","guid":{"rendered":"https:\/\/planograma.com\/kunden"},"modified":"2026-04-17T13:57:08","modified_gmt":"2026-04-17T13:57:08","slug":"kunden","status":"publish","type":"page","link":"https:\/\/planograma.com\/de\/kunden","title":{"rendered":"Kunden"},"content":{"rendered":"\t\t<div data-elementor-type=\"wp-page\" data-elementor-id=\"10777\" class=\"elementor elementor-10777 elementor-8003\" data-elementor-settings=\"{&quot;ha_cmc_init_switcher&quot;:&quot;no&quot;}\" data-elementor-post-type=\"page\">\n\t\t\t\t\t\t<section class=\"elementor-section elementor-top-section elementor-element elementor-element-ed5083c elementor-section-height-min-height elementor-section-boxed elementor-section-height-default elementor-section-items-middle\" data-id=\"ed5083c\" data-element_type=\"section\" data-e-type=\"section\" data-settings=\"{&quot;background_background&quot;:&quot;classic&quot;,&quot;background_motion_fx_motion_fx_scrolling&quot;:&quot;yes&quot;,&quot;background_motion_fx_devices&quot;:[&quot;desktop&quot;,&quot;tablet&quot;,&quot;mobile&quot;],&quot;_ha_eqh_enable&quot;:false}\">\n\t\t\t\t\t\t\t<div class=\"elementor-background-overlay\"><\/div>\n\t\t\t\t\t\t\t<div class=\"elementor-container elementor-column-gap-default\">\n\t\t\t\t\t<div class=\"elementor-column elementor-col-100 elementor-top-column elementor-element elementor-element-b63254d\" data-id=\"b63254d\" data-element_type=\"column\" data-e-type=\"column\">\n\t\t\t<div class=\"elementor-widget-wrap elementor-element-populated\">\n\t\t\t\t\t\t<div class=\"elementor-element elementor-element-f4681f5 elementor-widget elementor-widget-heading\" data-id=\"f4681f5\" data-element_type=\"widget\" data-e-type=\"widget\" data-widget_type=\"heading.default\">\n\t\t\t\t<div class=\"elementor-widget-container\">\n\t\t\t\t\t<h1 class=\"elementor-heading-title elementor-size-medium\">Sammeln Sie relevante Erkenntnisse, um Ihre digitale Transformation zu beginnen.<\/h1>\t\t\t\t<\/div>\n\t\t\t\t<\/div>\n\t\t\t\t\t<\/div>\n\t\t<\/div>\n\t\t\t\t\t<\/div>\n\t\t<\/section>\n\t\t\t\t<section class=\"elementor-section elementor-top-section elementor-element elementor-element-4ba1492 elementor-section-boxed elementor-section-height-default elementor-section-height-default\" data-id=\"4ba1492\" data-element_type=\"section\" data-e-type=\"section\" data-settings=\"{&quot;_ha_eqh_enable&quot;:false}\">\n\t\t\t\t\t\t<div class=\"elementor-container elementor-column-gap-default\">\n\t\t\t\t\t<div class=\"elementor-column elementor-col-100 elementor-top-column elementor-element elementor-element-84dd588\" data-id=\"84dd588\" data-element_type=\"column\" data-e-type=\"column\">\n\t\t\t<div class=\"elementor-widget-wrap elementor-element-populated\">\n\t\t\t\t\t\t<section class=\"elementor-section elementor-inner-section elementor-element elementor-element-bdd7a0b elementor-section-boxed elementor-section-height-default elementor-section-height-default\" data-id=\"bdd7a0b\" data-element_type=\"section\" data-e-type=\"section\" data-settings=\"{&quot;_ha_eqh_enable&quot;:false}\">\n\t\t\t\t\t\t<div class=\"elementor-container elementor-column-gap-default\">\n\t\t\t\t\t<div class=\"elementor-column elementor-col-50 elementor-inner-column elementor-element elementor-element-b8dbb67\" data-id=\"b8dbb67\" data-element_type=\"column\" data-e-type=\"column\" data-settings=\"{&quot;background_background&quot;:&quot;classic&quot;}\">\n\t\t\t<div class=\"elementor-widget-wrap elementor-element-populated\">\n\t\t\t\t\t\t<div class=\"elementor-element elementor-element-fb7da66 elementor-widget elementor-widget-image\" data-id=\"fb7da66\" data-element_type=\"widget\" data-e-type=\"widget\" data-widget_type=\"image.default\">\n\t\t\t\t<div class=\"elementor-widget-container\">\n\t\t\t\t\t\t\t\t\t\t\t\t\t\t\t<img fetchpriority=\"high\" decoding=\"async\" width=\"626\" height=\"250\" src=\"https:\/\/planograma.com\/wp-content\/uploads\/2023\/02\/olive-oil-industry.png\" class=\"attachment-large size-large wp-image-10783\" alt=\"\" srcset=\"https:\/\/planograma.com\/wp-content\/uploads\/2023\/02\/olive-oil-industry.png 626w, https:\/\/planograma.com\/wp-content\/uploads\/2023\/02\/olive-oil-industry-300x120.png 300w\" sizes=\"(max-width: 626px) 100vw, 626px\" \/>\t\t\t\t\t\t\t\t\t\t\t\t\t\t\t<\/div>\n\t\t\t\t<\/div>\n\t\t\t\t<div class=\"elementor-element elementor-element-0ef92fe elementor-widget elementor-widget-image\" data-id=\"0ef92fe\" data-element_type=\"widget\" data-e-type=\"widget\" data-widget_type=\"image.default\">\n\t\t\t\t<div class=\"elementor-widget-container\">\n\t\t\t\t\t\t\t\t\t\t\t\t\t\t\t<img decoding=\"async\" width=\"500\" height=\"300\" src=\"https:\/\/planograma.com\/wp-content\/uploads\/2023\/02\/ola-good.png\" class=\"attachment-large size-large wp-image-10785\" alt=\"\" srcset=\"https:\/\/planograma.com\/wp-content\/uploads\/2023\/02\/ola-good.png 500w, https:\/\/planograma.com\/wp-content\/uploads\/2023\/02\/ola-good-300x180.png 300w\" sizes=\"(max-width: 500px) 100vw, 500px\" \/>\t\t\t\t\t\t\t\t\t\t\t\t\t\t\t<\/div>\n\t\t\t\t<\/div>\n\t\t\t\t<div class=\"elementor-element elementor-element-e03fa02 elementor-widget elementor-widget-text-editor\" data-id=\"e03fa02\" data-element_type=\"widget\" data-e-type=\"widget\" data-widget_type=\"text-editor.default\">\n\t\t\t\t<div class=\"elementor-widget-container\">\n\t\t\t\t\t\t\t\t\t<p>&#8222;Bevor wir Planograma einsetzten, hatten wir gro\u00dfe M\u00fche, mit der Warenbewegung Schritt zu halten. Als unser Gesch\u00e4ft wuchs, wurde es immer frustrierender. Seit dem ersten Monat, in dem wir Planograma als WMS-L\u00f6sung einsetzen, sind wir mobil und haben von jedem Ort und jedem Ger\u00e4t aus einfachen Zugriff auf die Informationen. Das ist eine gro\u00dfe Erleichterung! Wir k\u00f6nnen an Ort und Stelle Entscheidungen treffen, wann immer es n\u00f6tig ist.<\/p>\t\t\t\t\t\t\t\t<\/div>\n\t\t\t\t<\/div>\n\t\t\t\t\t<\/div>\n\t\t<\/div>\n\t\t\t\t<div class=\"elementor-column elementor-col-50 elementor-inner-column elementor-element elementor-element-57d9b1d\" data-id=\"57d9b1d\" data-element_type=\"column\" data-e-type=\"column\" data-settings=\"{&quot;background_background&quot;:&quot;classic&quot;}\">\n\t\t\t<div class=\"elementor-widget-wrap elementor-element-populated\">\n\t\t\t\t\t\t<div class=\"elementor-element elementor-element-581ef9f elementor-widget elementor-widget-image\" data-id=\"581ef9f\" data-element_type=\"widget\" data-e-type=\"widget\" data-widget_type=\"image.default\">\n\t\t\t\t<div class=\"elementor-widget-container\">\n\t\t\t\t\t\t\t\t\t\t\t\t\t\t\t<img decoding=\"async\" width=\"626\" height=\"250\" src=\"https:\/\/planograma.com\/wp-content\/uploads\/2023\/02\/olive.png\" class=\"attachment-large size-large wp-image-10779\" alt=\"\" srcset=\"https:\/\/planograma.com\/wp-content\/uploads\/2023\/02\/olive.png 626w, https:\/\/planograma.com\/wp-content\/uploads\/2023\/02\/olive-300x120.png 300w\" sizes=\"(max-width: 626px) 100vw, 626px\" \/>\t\t\t\t\t\t\t\t\t\t\t\t\t\t\t<\/div>\n\t\t\t\t<\/div>\n\t\t\t\t<div class=\"elementor-element elementor-element-08ff4e0 elementor-widget elementor-widget-image\" data-id=\"08ff4e0\" data-element_type=\"widget\" data-e-type=\"widget\" data-widget_type=\"image.default\">\n\t\t\t\t<div class=\"elementor-widget-container\">\n\t\t\t\t\t\t\t\t\t\t\t\t\t\t\t<img loading=\"lazy\" decoding=\"async\" width=\"500\" height=\"300\" src=\"https:\/\/planograma.com\/wp-content\/uploads\/2023\/02\/logo-defne.png\" class=\"attachment-large size-large wp-image-10786\" alt=\"\" srcset=\"https:\/\/planograma.com\/wp-content\/uploads\/2023\/02\/logo-defne.png 500w, https:\/\/planograma.com\/wp-content\/uploads\/2023\/02\/logo-defne-300x180.png 300w\" sizes=\"(max-width: 500px) 100vw, 500px\" \/>\t\t\t\t\t\t\t\t\t\t\t\t\t\t\t<\/div>\n\t\t\t\t<\/div>\n\t\t\t\t<div class=\"elementor-element elementor-element-5b8ee41 elementor-widget elementor-widget-text-editor\" data-id=\"5b8ee41\" data-element_type=\"widget\" data-e-type=\"widget\" data-widget_type=\"text-editor.default\">\n\t\t\t\t<div class=\"elementor-widget-container\">\n\t\t\t\t\t\t\t\t\t<p>&#8222;Planograma hat jedes Element des Inventurprozesses einfach und realisierbar gemacht. Es hat uns geholfen, einen vollst\u00e4ndigen \u00dcberblick \u00fcber die Namen der Lieferanten, die Anzahl der Bestellungen sowie die ein- und ausgehenden Best\u00e4nde zu erhalten. Wir waren in der Lage, die Produktivit\u00e4t beim Transfer zu maximieren und den Bestand in Echtzeit zu aktualisieren.  <\/p><p>Ganz zu schweigen davon, dass das Team sehr flexibel auf unsere Bed\u00fcrfnisse eingegangen ist. Schnell in der Kommunikation und zuverl\u00e4ssig im Service. Es ist eine Freude, einen Partner wie Planograma zu haben.&#8220;  <\/p>\t\t\t\t\t\t\t\t<\/div>\n\t\t\t\t<\/div>\n\t\t\t\t\t<\/div>\n\t\t<\/div>\n\t\t\t\t\t<\/div>\n\t\t<\/section>\n\t\t\t\t<section class=\"elementor-section elementor-inner-section elementor-element elementor-element-fe5d063 elementor-section-boxed elementor-section-height-default elementor-section-height-default\" data-id=\"fe5d063\" data-element_type=\"section\" data-e-type=\"section\" data-settings=\"{&quot;_ha_eqh_enable&quot;:false}\">\n\t\t\t\t\t\t<div class=\"elementor-container elementor-column-gap-default\">\n\t\t\t\t\t<div class=\"elementor-column elementor-col-50 elementor-inner-column elementor-element elementor-element-96b5ff4\" data-id=\"96b5ff4\" data-element_type=\"column\" data-e-type=\"column\" data-settings=\"{&quot;background_background&quot;:&quot;classic&quot;}\">\n\t\t\t<div class=\"elementor-widget-wrap elementor-element-populated\">\n\t\t\t\t\t\t<div class=\"elementor-element elementor-element-fbe6f72 elementor-widget elementor-widget-image\" data-id=\"fbe6f72\" data-element_type=\"widget\" data-e-type=\"widget\" data-widget_type=\"image.default\">\n\t\t\t\t<div class=\"elementor-widget-container\">\n\t\t\t\t\t\t\t\t\t\t\t\t\t\t\t<img loading=\"lazy\" decoding=\"async\" width=\"626\" height=\"250\" src=\"https:\/\/planograma.com\/wp-content\/uploads\/2023\/02\/technology.png\" class=\"attachment-large size-large wp-image-10781\" alt=\"\" srcset=\"https:\/\/planograma.com\/wp-content\/uploads\/2023\/02\/technology.png 626w, https:\/\/planograma.com\/wp-content\/uploads\/2023\/02\/technology-300x120.png 300w\" sizes=\"(max-width: 626px) 100vw, 626px\" \/>\t\t\t\t\t\t\t\t\t\t\t\t\t\t\t<\/div>\n\t\t\t\t<\/div>\n\t\t\t\t<div class=\"elementor-element elementor-element-ade8d38 elementor-widget elementor-widget-image\" data-id=\"ade8d38\" data-element_type=\"widget\" data-e-type=\"widget\" data-widget_type=\"image.default\">\n\t\t\t\t<div class=\"elementor-widget-container\">\n\t\t\t\t\t\t\t\t\t\t\t\t\t\t\t<img loading=\"lazy\" decoding=\"async\" width=\"500\" height=\"300\" src=\"https:\/\/planograma.com\/wp-content\/uploads\/2023\/02\/logo-surface-alien-1.png\" class=\"attachment-large size-large wp-image-10787\" alt=\"\" srcset=\"https:\/\/planograma.com\/wp-content\/uploads\/2023\/02\/logo-surface-alien-1.png 500w, https:\/\/planograma.com\/wp-content\/uploads\/2023\/02\/logo-surface-alien-1-300x180.png 300w\" sizes=\"(max-width: 500px) 100vw, 500px\" \/>\t\t\t\t\t\t\t\t\t\t\t\t\t\t\t<\/div>\n\t\t\t\t<\/div>\n\t\t\t\t<div class=\"elementor-element elementor-element-72f0e04 elementor-widget elementor-widget-text-editor\" data-id=\"72f0e04\" data-element_type=\"widget\" data-e-type=\"widget\" data-widget_type=\"text-editor.default\">\n\t\t\t\t<div class=\"elementor-widget-container\">\n\t\t\t\t\t\t\t\t\t<p>&#8222;Wenn Sie die Bestandsverwaltung schnell, einfach und problemlos in den Griff bekommen m\u00fcssen, ist Planograma Ihre Antwort. Es liefert Ihnen aktuelle Bestandsinformationen, und die Integration in Ihr prim\u00e4res Netzwerk erfolgt reibungslos.&#8220;<\/p>\t\t\t\t\t\t\t\t<\/div>\n\t\t\t\t<\/div>\n\t\t\t\t\t<\/div>\n\t\t<\/div>\n\t\t\t\t<div class=\"elementor-column elementor-col-50 elementor-inner-column elementor-element elementor-element-a928d4e\" data-id=\"a928d4e\" data-element_type=\"column\" data-e-type=\"column\" data-settings=\"{&quot;background_background&quot;:&quot;classic&quot;}\">\n\t\t\t<div class=\"elementor-widget-wrap elementor-element-populated\">\n\t\t\t\t\t\t<div class=\"elementor-element elementor-element-e0e37c7 elementor-widget elementor-widget-image\" data-id=\"e0e37c7\" data-element_type=\"widget\" data-e-type=\"widget\" data-widget_type=\"image.default\">\n\t\t\t\t<div class=\"elementor-widget-container\">\n\t\t\t\t\t\t\t\t\t\t\t\t\t\t\t<img loading=\"lazy\" decoding=\"async\" width=\"626\" height=\"250\" src=\"https:\/\/planograma.com\/wp-content\/uploads\/2023\/02\/tools-industry.png\" class=\"attachment-large size-large wp-image-10782\" alt=\"\" srcset=\"https:\/\/planograma.com\/wp-content\/uploads\/2023\/02\/tools-industry.png 626w, https:\/\/planograma.com\/wp-content\/uploads\/2023\/02\/tools-industry-300x120.png 300w\" sizes=\"(max-width: 626px) 100vw, 626px\" \/>\t\t\t\t\t\t\t\t\t\t\t\t\t\t\t<\/div>\n\t\t\t\t<\/div>\n\t\t\t\t<div class=\"elementor-element elementor-element-80965f9 elementor-widget elementor-widget-image\" data-id=\"80965f9\" data-element_type=\"widget\" data-e-type=\"widget\" data-widget_type=\"image.default\">\n\t\t\t\t<div class=\"elementor-widget-container\">\n\t\t\t\t\t\t\t\t\t\t\t\t\t\t\t<img loading=\"lazy\" decoding=\"async\" width=\"500\" height=\"300\" src=\"https:\/\/planograma.com\/wp-content\/uploads\/2023\/02\/wunderhaff.png\" class=\"attachment-large size-large wp-image-10788\" alt=\"\" srcset=\"https:\/\/planograma.com\/wp-content\/uploads\/2023\/02\/wunderhaff.png 500w, https:\/\/planograma.com\/wp-content\/uploads\/2023\/02\/wunderhaff-300x180.png 300w\" sizes=\"(max-width: 500px) 100vw, 500px\" \/>\t\t\t\t\t\t\t\t\t\t\t\t\t\t\t<\/div>\n\t\t\t\t<\/div>\n\t\t\t\t<div class=\"elementor-element elementor-element-ca31d15 elementor-widget elementor-widget-text-editor\" data-id=\"ca31d15\" data-element_type=\"widget\" data-e-type=\"widget\" data-widget_type=\"text-editor.default\">\n\t\t\t\t<div class=\"elementor-widget-container\">\n\t\t\t\t\t\t\t\t\t<p>&#8222;Ich w\u00fcrde nicht z\u00f6gern, Planograma jedem Unternehmen zu empfehlen, unabh\u00e4ngig von seiner Gr\u00f6\u00dfe. Es ist ein leistungsf\u00e4higes Werkzeug f\u00fcr das Unternehmenswachstum, das auf unsere speziellen Gesch\u00e4ftsanforderungen zugeschnitten ist. Vielen Dank an das Support-Team f\u00fcr die schnelle und zuverl\u00e4ssige Beantwortung unserer Anfragen.&#8220;<\/p>\t\t\t\t\t\t\t\t<\/div>\n\t\t\t\t<\/div>\n\t\t\t\t\t<\/div>\n\t\t<\/div>\n\t\t\t\t\t<\/div>\n\t\t<\/section>\n\t\t\t\t<section class=\"elementor-section elementor-inner-section elementor-element elementor-element-a21010c elementor-section-boxed elementor-section-height-default elementor-section-height-default\" data-id=\"a21010c\" data-element_type=\"section\" data-e-type=\"section\" data-settings=\"{&quot;_ha_eqh_enable&quot;:false}\">\n\t\t\t\t\t\t<div class=\"elementor-container elementor-column-gap-default\">\n\t\t\t\t\t<div class=\"elementor-column elementor-col-100 elementor-inner-column elementor-element elementor-element-83c138d\" data-id=\"83c138d\" data-element_type=\"column\" data-e-type=\"column\" data-settings=\"{&quot;background_background&quot;:&quot;classic&quot;}\">\n\t\t\t<div class=\"elementor-widget-wrap\">\n\t\t\t\t\t\t\t<\/div>\n\t\t<\/div>\n\t\t\t\t\t<\/div>\n\t\t<\/section>\n\t\t\t\t\t<\/div>\n\t\t<\/div>\n\t\t\t\t\t<\/div>\n\t\t<\/section>\n\t\t\t\t<\/div>\n\t\t","protected":false},"excerpt":{"rendered":"<p>Sammeln Sie relevante Erkenntnisse, um Ihre digitale Transformation zu beginnen. &#8222;Bevor wir Planograma einsetzten, hatten wir gro\u00dfe M\u00fche, mit der Warenbewegung Schritt zu halten. Als unser Gesch\u00e4ft wuchs, wurde es immer frustrierender. Seit dem ersten Monat, in dem wir Planograma als WMS-L\u00f6sung einsetzen, sind wir mobil und haben von jedem Ort und jedem Ger\u00e4t aus [&hellip;]<\/p>\n","protected":false},"author":14,"featured_media":0,"parent":0,"menu_order":0,"comment_status":"closed","ping_status":"closed","template":"elementor_header_footer","meta":{"footnotes":""},"class_list":["post-10777","page","type-page","status-publish","hentry"],"yoast_head":"<!-- This site is optimized with the Yoast SEO plugin v27.3 - https:\/\/yoast.com\/product\/yoast-seo-wordpress\/ -->\n<title>Kunden | Planogramm<\/title>\n<meta name=\"robots\" content=\"index, follow, max-snippet:-1, max-image-preview:large, max-video-preview:-1\" \/>\n<link rel=\"canonical\" href=\"https:\/\/planograma.com\/de\/kunden\" \/>\n<meta property=\"og:locale\" content=\"de_DE\" \/>\n<meta property=\"og:type\" content=\"article\" \/>\n<meta property=\"og:title\" content=\"Kunden | Planogramm\" \/>\n<meta property=\"og:description\" content=\"Sammeln Sie relevante Erkenntnisse, um Ihre digitale Transformation zu beginnen. &#8222;Bevor wir Planograma einsetzten, hatten wir gro\u00dfe M\u00fche, mit der Warenbewegung Schritt zu halten. Als unser Gesch\u00e4ft wuchs, wurde es immer frustrierender. Seit dem ersten Monat, in dem wir Planograma als WMS-L\u00f6sung einsetzen, sind wir mobil und haben von jedem Ort und jedem Ger\u00e4t aus [&hellip;]\" \/>\n<meta property=\"og:url\" content=\"https:\/\/planograma.com\/de\/kunden\" \/>\n<meta property=\"og:site_name\" content=\"Planogramm\" \/>\n<meta property=\"article:modified_time\" content=\"2026-04-17T13:57:08+00:00\" \/>\n<meta property=\"og:image\" content=\"https:\/\/planograma.com\/wp-content\/uploads\/2023\/02\/olive-oil-industry.png\" \/>\n<meta name=\"twitter:card\" content=\"summary_large_image\" \/>\n<meta name=\"twitter:label1\" content=\"Gesch\u00e4tzte Lesezeit\" \/>\n\t<meta name=\"twitter:data1\" content=\"1\u00a0Minute\" \/>\n<script type=\"application\/ld+json\" class=\"yoast-schema-graph\">{\"@context\":\"https:\\\/\\\/schema.org\",\"@graph\":[{\"@type\":\"WebPage\",\"@id\":\"https:\\\/\\\/planograma.com\\\/de\\\/kunden\",\"url\":\"https:\\\/\\\/planograma.com\\\/de\\\/kunden\",\"name\":\"Kunden | Planogramm\",\"isPartOf\":{\"@id\":\"https:\\\/\\\/planograma.com\\\/de#website\"},\"primaryImageOfPage\":{\"@id\":\"https:\\\/\\\/planograma.com\\\/de\\\/kunden#primaryimage\"},\"image\":{\"@id\":\"https:\\\/\\\/planograma.com\\\/de\\\/kunden#primaryimage\"},\"thumbnailUrl\":\"https:\\\/\\\/planograma.com\\\/wp-content\\\/uploads\\\/2023\\\/02\\\/olive-oil-industry.png\",\"datePublished\":\"2023-02-14T10:11:22+00:00\",\"dateModified\":\"2026-04-17T13:57:08+00:00\",\"breadcrumb\":{\"@id\":\"https:\\\/\\\/planograma.com\\\/de\\\/kunden#breadcrumb\"},\"inLanguage\":\"de\",\"potentialAction\":[{\"@type\":\"ReadAction\",\"target\":[\"https:\\\/\\\/planograma.com\\\/de\\\/kunden\"]}]},{\"@type\":\"ImageObject\",\"inLanguage\":\"de\",\"@id\":\"https:\\\/\\\/planograma.com\\\/de\\\/kunden#primaryimage\",\"url\":\"https:\\\/\\\/planograma.com\\\/wp-content\\\/uploads\\\/2023\\\/02\\\/olive-oil-industry.png\",\"contentUrl\":\"https:\\\/\\\/planograma.com\\\/wp-content\\\/uploads\\\/2023\\\/02\\\/olive-oil-industry.png\"},{\"@type\":\"BreadcrumbList\",\"@id\":\"https:\\\/\\\/planograma.com\\\/de\\\/kunden#breadcrumb\",\"itemListElement\":[{\"@type\":\"ListItem\",\"position\":1,\"name\":\"Startseite\",\"item\":\"https:\\\/\\\/planograma.com\\\/de?page_id=10861\"},{\"@type\":\"ListItem\",\"position\":2,\"name\":\"Kunden\"}]},{\"@type\":\"WebSite\",\"@id\":\"https:\\\/\\\/planograma.com\\\/de#website\",\"url\":\"https:\\\/\\\/planograma.com\\\/de\",\"name\":\"Planogramm\",\"description\":\"Professionelle WMS-Cloud-L\u00f6sung\",\"publisher\":{\"@id\":\"https:\\\/\\\/planograma.com\\\/de#organization\"},\"potentialAction\":[{\"@type\":\"SearchAction\",\"target\":{\"@type\":\"EntryPoint\",\"urlTemplate\":\"https:\\\/\\\/planograma.com\\\/de?s={search_term_string}\"},\"query-input\":{\"@type\":\"PropertyValueSpecification\",\"valueRequired\":true,\"valueName\":\"search_term_string\"}}],\"inLanguage\":\"de\"},{\"@type\":\"Organization\",\"@id\":\"https:\\\/\\\/planograma.com\\\/de#organization\",\"name\":\"Planogramm\",\"url\":\"https:\\\/\\\/planograma.com\\\/de\",\"logo\":{\"@type\":\"ImageObject\",\"inLanguage\":\"de\",\"@id\":\"https:\\\/\\\/planograma.com\\\/de#\\\/schema\\\/logo\\\/image\\\/\",\"url\":\"https:\\\/\\\/planograma.com\\\/wp-content\\\/uploads\\\/2021\\\/03\\\/logo-planograma-200-x-200-px.jpg\",\"contentUrl\":\"https:\\\/\\\/planograma.com\\\/wp-content\\\/uploads\\\/2021\\\/03\\\/logo-planograma-200-x-200-px.jpg\",\"width\":200,\"height\":200,\"caption\":\"Planogramm\"},\"image\":{\"@id\":\"https:\\\/\\\/planograma.com\\\/de#\\\/schema\\\/logo\\\/image\\\/\"}}]}<\/script>\n<!-- \/ Yoast SEO plugin. -->","yoast_head_json":{"title":"Kunden | Planogramm","robots":{"index":"index","follow":"follow","max-snippet":"max-snippet:-1","max-image-preview":"max-image-preview:large","max-video-preview":"max-video-preview:-1"},"canonical":"https:\/\/planograma.com\/de\/kunden","og_locale":"de_DE","og_type":"article","og_title":"Kunden | Planogramm","og_description":"Sammeln Sie relevante Erkenntnisse, um Ihre digitale Transformation zu beginnen. &#8222;Bevor wir Planograma einsetzten, hatten wir gro\u00dfe M\u00fche, mit der Warenbewegung Schritt zu halten. Als unser Gesch\u00e4ft wuchs, wurde es immer frustrierender. Seit dem ersten Monat, in dem wir Planograma als WMS-L\u00f6sung einsetzen, sind wir mobil und haben von jedem Ort und jedem Ger\u00e4t aus [&hellip;]","og_url":"https:\/\/planograma.com\/de\/kunden","og_site_name":"Planogramm","article_modified_time":"2026-04-17T13:57:08+00:00","og_image":[{"url":"https:\/\/planograma.com\/wp-content\/uploads\/2023\/02\/olive-oil-industry.png","type":"","width":"","height":""}],"twitter_card":"summary_large_image","twitter_misc":{"Gesch\u00e4tzte Lesezeit":"1\u00a0Minute"},"schema":{"@context":"https:\/\/schema.org","@graph":[{"@type":"WebPage","@id":"https:\/\/planograma.com\/de\/kunden","url":"https:\/\/planograma.com\/de\/kunden","name":"Kunden | Planogramm","isPartOf":{"@id":"https:\/\/planograma.com\/de#website"},"primaryImageOfPage":{"@id":"https:\/\/planograma.com\/de\/kunden#primaryimage"},"image":{"@id":"https:\/\/planograma.com\/de\/kunden#primaryimage"},"thumbnailUrl":"https:\/\/planograma.com\/wp-content\/uploads\/2023\/02\/olive-oil-industry.png","datePublished":"2023-02-14T10:11:22+00:00","dateModified":"2026-04-17T13:57:08+00:00","breadcrumb":{"@id":"https:\/\/planograma.com\/de\/kunden#breadcrumb"},"inLanguage":"de","potentialAction":[{"@type":"ReadAction","target":["https:\/\/planograma.com\/de\/kunden"]}]},{"@type":"ImageObject","inLanguage":"de","@id":"https:\/\/planograma.com\/de\/kunden#primaryimage","url":"https:\/\/planograma.com\/wp-content\/uploads\/2023\/02\/olive-oil-industry.png","contentUrl":"https:\/\/planograma.com\/wp-content\/uploads\/2023\/02\/olive-oil-industry.png"},{"@type":"BreadcrumbList","@id":"https:\/\/planograma.com\/de\/kunden#breadcrumb","itemListElement":[{"@type":"ListItem","position":1,"name":"Startseite","item":"https:\/\/planograma.com\/de?page_id=10861"},{"@type":"ListItem","position":2,"name":"Kunden"}]},{"@type":"WebSite","@id":"https:\/\/planograma.com\/de#website","url":"https:\/\/planograma.com\/de","name":"Planogramm","description":"Professionelle WMS-Cloud-L\u00f6sung","publisher":{"@id":"https:\/\/planograma.com\/de#organization"},"potentialAction":[{"@type":"SearchAction","target":{"@type":"EntryPoint","urlTemplate":"https:\/\/planograma.com\/de?s={search_term_string}"},"query-input":{"@type":"PropertyValueSpecification","valueRequired":true,"valueName":"search_term_string"}}],"inLanguage":"de"},{"@type":"Organization","@id":"https:\/\/planograma.com\/de#organization","name":"Planogramm","url":"https:\/\/planograma.com\/de","logo":{"@type":"ImageObject","inLanguage":"de","@id":"https:\/\/planograma.com\/de#\/schema\/logo\/image\/","url":"https:\/\/planograma.com\/wp-content\/uploads\/2021\/03\/logo-planograma-200-x-200-px.jpg","contentUrl":"https:\/\/planograma.com\/wp-content\/uploads\/2021\/03\/logo-planograma-200-x-200-px.jpg","width":200,"height":200,"caption":"Planogramm"},"image":{"@id":"https:\/\/planograma.com\/de#\/schema\/logo\/image\/"}}]}},"_links":{"self":[{"href":"https:\/\/planograma.com\/de\/wp-json\/wp\/v2\/pages\/10777","targetHints":{"allow":["GET"]}}],"collection":[{"href":"https:\/\/planograma.com\/de\/wp-json\/wp\/v2\/pages"}],"about":[{"href":"https:\/\/planograma.com\/de\/wp-json\/wp\/v2\/types\/page"}],"author":[{"embeddable":true,"href":"https:\/\/planograma.com\/de\/wp-json\/wp\/v2\/users\/14"}],"replies":[{"embeddable":true,"href":"https:\/\/planograma.com\/de\/wp-json\/wp\/v2\/comments?post=10777"}],"version-history":[{"count":2,"href":"https:\/\/planograma.com\/de\/wp-json\/wp\/v2\/pages\/10777\/revisions"}],"predecessor-version":[{"id":10798,"href":"https:\/\/planograma.com\/de\/wp-json\/wp\/v2\/pages\/10777\/revisions\/10798"}],"wp:attachment":[{"href":"https:\/\/planograma.com\/de\/wp-json\/wp\/v2\/media?parent=10777"}],"curies":[{"name":"wp","href":"https:\/\/api.w.org\/{rel}","templated":true}]}}