{"id":11035,"date":"2021-02-01T15:23:38","date_gmt":"2021-02-01T15:23:38","guid":{"rendered":"https:\/\/planograma.com\/cookie-richtlinie"},"modified":"2026-04-17T13:59:49","modified_gmt":"2026-04-17T13:59:49","slug":"cookie-richtlinie","status":"publish","type":"page","link":"https:\/\/planograma.com\/de\/cookie-richtlinie","title":{"rendered":"Cookie-Richtlinie"},"content":{"rendered":"\t\t<div data-elementor-type=\"wp-page\" data-elementor-id=\"11035\" class=\"elementor elementor-11035 elementor-3299\" data-elementor-settings=\"{&quot;ha_cmc_init_switcher&quot;:&quot;no&quot;}\" data-elementor-post-type=\"page\">\n\t\t\t\t\t\t<section class=\"elementor-section elementor-top-section elementor-element elementor-element-58c5312 elementor-section-boxed elementor-section-height-default elementor-section-height-default\" data-id=\"58c5312\" data-element_type=\"section\" data-e-type=\"section\" data-settings=\"{&quot;_ha_eqh_enable&quot;:false}\">\n\t\t\t\t\t\t<div class=\"elementor-container elementor-column-gap-default\">\n\t\t\t\t\t<div class=\"elementor-column elementor-col-100 elementor-top-column elementor-element elementor-element-6e3be2b\" data-id=\"6e3be2b\" data-element_type=\"column\" data-e-type=\"column\">\n\t\t\t<div class=\"elementor-widget-wrap elementor-element-populated\">\n\t\t\t\t\t\t<div class=\"elementor-element elementor-element-b4ee990 elementor-widget elementor-widget-text-editor\" data-id=\"b4ee990\" data-element_type=\"widget\" data-e-type=\"widget\" data-widget_type=\"text-editor.default\">\n\t\t\t\t<div class=\"elementor-widget-container\">\n\t\t\t\t\t\t\t\t\t<h1><span style=\"color: #7bc144;\"><b>Cookie-Richtlinie<\/b> <\/span><\/h1><p><span data-contrast=\"auto\">Bei Planograma ist uns der Schutz Ihrer Daten wichtig und wir verpflichten uns, diese zu sch\u00fctzen. Diese Datenschutzerkl\u00e4rung erl\u00e4utert, welche Daten wir \u00fcber Sie sammeln und warum, was wir mit diesen Daten tun und wie wir mit diesen Daten umgehen. Dieser Hinweis gilt f\u00fcr alle Websites, die wir besitzen und betreiben, sowie f\u00fcr alle Dienstleistungen, die wir anbieten, einschlie\u00dflich unserer Online-Plattform, unserer mobilen App und aller anderen Dienstleistungen, die wir anbieten (z.B. Veranstaltungen oder Schulungen). F\u00fcr die Zwecke dieses Hinweises nennen wir sie einfach unsere &#8222;Dienstleistungen&#8220;.   <\/span><span data-ccp-props=\"{\"> <\/span><\/p><p><span data-contrast=\"auto\">Wenn wir uns auf &#8218;wir&#8216; (oder &#8218;unser&#8216; oder &#8218;uns&#8216;) beziehen, bedeutet das <b>Planograma S.R.L.<\/b>. Unser Hauptsitz befindet sich in Mehadia 41, Bezirk 6, Bukarest, Rum\u00e4nien. <\/span><span data-ccp-props=\"{\"> <\/span><\/p><ol><li><h5><b>  Was ist ein Cookie?<\/b><\/h5><\/li><\/ol><p><span data-contrast=\"auto\">Ein Cookie ist ein kleiner Datensatz (Textdatei), den eine Website &#8211; wenn sie von einem Benutzer besucht wird &#8211; Ihren Browser bittet, auf Ihrem Ger\u00e4t zu speichern, um sich an Informationen \u00fcber Sie zu erinnern, z. B. an Ihre Spracheinstellung oder Ihre Anmeldeinformationen. Diese Cookies werden von uns gesetzt und als Erstanbieter-Cookies bezeichnet. Wir verwenden auch Cookies von Drittanbietern &#8211; das sind Cookies von einer anderen Dom\u00e4ne als der Dom\u00e4ne der von Ihnen besuchten Website &#8211; f\u00fcr unsere Werbe- und Marketingma\u00dfnahmen.    <\/span><span data-ccp-props=\"{\"> <\/span><\/p><ol start=\"2\"><li><h5><b>Welche Art von Cookies verwendet Planograma?<\/b> <\/h5><\/li><\/ol><p><span data-contrast=\"auto\">Wir verwenden Cookies und andere Tracking-Technologien f\u00fcr den folgenden Zweck:<\/span><span data-ccp-props=\"{\"> <\/span><\/p><ul><li><span style=\"color: #7bc144;\"><b><i>Notwendige Cookies<\/i><\/b><b>: <\/b><\/span><span data-contrast=\"auto\">Diese Cookies sind notwendig, damit die Website funktioniert und k\u00f6nnen in unseren Systemen nicht ausgeschaltet werden. Diese Cookies sind f\u00fcr das Funktionieren der Website erforderlich und k\u00f6nnen in unseren Systemen nicht abgeschaltet werden. Sie werden in der Regel nur als Reaktion auf Ihre Aktionen gesetzt, die einer Anfrage nach Dienstleistungen gleichkommen, wie z.B. die Einstellung Ihrer Datenschutzeinstellungen, das Einloggen oder das Ausf\u00fcllen von Formularen.<\/span><span data-ccp-props=\"{\"> <\/span><\/li><li><span style=\"color: #7bc144;\"><b><i>Funktionale Cookies<\/i><\/b><b>: <\/b><\/span><span data-contrast=\"auto\">Diese Cookies erm\u00f6glichen es der Website, verbesserte Funktionalit\u00e4t und Personalisierung zu bieten. Sie k\u00f6nnen von uns oder von Drittanbietern gesetzt werden, deren Dienste wir auf unseren Seiten hinzugef\u00fcgt haben. Wenn Sie diese Cookies nicht zulassen, k\u00f6nnen einige oder alle dieser Dienste nicht richtig funktionieren.<\/span><span data-ccp-props=\"{\"> <\/span><\/li><li><span style=\"color: #7bc144;\"><b><i>Statistische Cookies: <\/i><\/b><\/span><span data-contrast=\"auto\">Diese Cookies helfen Website-Betreibern zu verstehen, wie Besucher mit Websites interagieren, indem sie anonyme Informationen sammeln und melden.<\/span><span data-ccp-props=\"{\"> <\/span><\/li><li><b><i><span data-contrast=\"auto\"><span style=\"color: #7bc144;\">Marketing Cookies<\/span>: <\/span><\/i><\/b><span data-contrast=\"auto\">Diese Cookies verfolgen Ihre Online-Aktivit\u00e4ten, um Werbetreibenden zu helfen, relevantere Werbung zu liefern oder zu begrenzen, wie oft Sie eine Anzeige sehen. Diese Cookies k\u00f6nnen diese Informationen mit anderen Organisationen oder Werbetreibenden teilen. Es handelt sich um dauerhafte Cookies, die fast immer von Dritten stammen.<\/span><span data-ccp-props=\"{\"> <\/span><\/li><\/ul><ul><li data-leveltext=\"\uf0b7\" data-font=\"Symbol\" data-listid=\"11\" aria-setsize=\"-1\" data-aria-posinset=\"29\" data-aria-level=\"1\"><span style=\"color: #7bc144;\"><b><i>Cookies f\u00fcr soziale Medien:<\/i><\/b><\/span><span data-contrast=\"auto\"> Cookies f\u00fcr soziale Medien erm\u00f6glichen Benutzern eine einfachere Interaktion mit sozialen Medien, wie Facebook und Instagram. Wir haben keine Kontrolle \u00fcber Social Media Cookies und sie erm\u00f6glichen uns keinen Zugriff auf Ihre Social Media Konten. Bitte informieren Sie sich in den Datenschutzrichtlinien der jeweiligen Social Media-Plattform \u00fcber deren Cookies.<\/span><span data-ccp-props=\"{\"> <\/span><\/li><\/ul>\t\t\t\t\t\t\t\t<\/div>\n\t\t\t\t<\/div>\n\t\t\t\t\t<\/div>\n\t\t<\/div>\n\t\t\t\t\t<\/div>\n\t\t<\/section>\n\t\t\t\t<\/div>\n\t\t","protected":false},"excerpt":{"rendered":"<p>Cookie-Richtlinie Bei Planograma ist uns der Schutz Ihrer Daten wichtig und wir verpflichten uns, diese zu sch\u00fctzen. Diese Datenschutzerkl\u00e4rung erl\u00e4utert, welche Daten wir \u00fcber Sie sammeln und warum, was wir mit diesen Daten tun und wie wir mit diesen Daten umgehen. Dieser Hinweis gilt f\u00fcr alle Websites, die wir besitzen und betreiben, sowie f\u00fcr alle [&hellip;]<\/p>\n","protected":false},"author":14,"featured_media":0,"parent":0,"menu_order":0,"comment_status":"closed","ping_status":"closed","template":"elementor_header_footer","meta":{"footnotes":""},"class_list":["post-11035","page","type-page","status-publish","hentry"],"yoast_head":"<!-- This site is optimized with the Yoast SEO plugin v27.3 - https:\/\/yoast.com\/product\/yoast-seo-wordpress\/ -->\n<title>Cookie-Richtlinie | Planogramm<\/title>\n<meta name=\"description\" content=\"Bei Planograma ist uns der Schutz Ihrer Daten wichtig und wir verpflichten uns, diese zu sch\u00fctzen. Lesen Sie unsere Cookie-Richtlinie.\" \/>\n<meta name=\"robots\" content=\"index, follow, max-snippet:-1, max-image-preview:large, max-video-preview:-1\" \/>\n<link rel=\"canonical\" href=\"https:\/\/planograma.com\/de\/cookie-richtlinie\" \/>\n<meta property=\"og:locale\" content=\"de_DE\" \/>\n<meta property=\"og:type\" content=\"article\" \/>\n<meta property=\"og:title\" content=\"Cookie-Richtlinie - Planograma\" \/>\n<meta property=\"og:description\" content=\"Bei Planograma ist uns der Schutz Ihrer Daten wichtig und wir verpflichten uns, diese zu sch\u00fctzen. Lesen Sie unsere Cookie-Richtlinie.\" \/>\n<meta property=\"og:url\" content=\"https:\/\/planograma.com\/de\/cookie-richtlinie\" \/>\n<meta property=\"og:site_name\" content=\"Planogramm\" \/>\n<meta property=\"article:modified_time\" content=\"2026-04-17T13:59:49+00:00\" \/>\n<meta property=\"og:image\" content=\"https:\/\/planograma.com\/wp-content\/uploads\/2021\/03\/logo-planograma-200-x-200-px.jpg\" \/>\n<meta name=\"twitter:card\" content=\"summary_large_image\" \/>\n<meta name=\"twitter:title\" content=\"Cookie-Richtlinie - Planograma\" \/>\n<meta name=\"twitter:description\" content=\"Bei Planograma ist uns der Schutz Ihrer Daten wichtig und wir verpflichten uns, diese zu sch\u00fctzen. Lesen Sie unsere Cookie-Richtlinie.\" \/>\n<meta name=\"twitter:image\" content=\"https:\/\/planograma.com\/wp-content\/uploads\/2021\/03\/logo-planograma-200-x-200-px.jpg\" \/>\n<meta name=\"twitter:label1\" content=\"Gesch\u00e4tzte Lesezeit\" \/>\n\t<meta name=\"twitter:data1\" content=\"2\u00a0Minuten\" \/>\n<script type=\"application\/ld+json\" class=\"yoast-schema-graph\">{\"@context\":\"https:\\\/\\\/schema.org\",\"@graph\":[{\"@type\":\"WebPage\",\"@id\":\"https:\\\/\\\/planograma.com\\\/de\\\/cookie-richtlinie\",\"url\":\"https:\\\/\\\/planograma.com\\\/de\\\/cookie-richtlinie\",\"name\":\"Cookie-Richtlinie | Planogramm\",\"isPartOf\":{\"@id\":\"https:\\\/\\\/planograma.com\\\/de#website\"},\"datePublished\":\"2021-02-01T15:23:38+00:00\",\"dateModified\":\"2026-04-17T13:59:49+00:00\",\"description\":\"Bei Planograma ist uns der Schutz Ihrer Daten wichtig und wir verpflichten uns, diese zu sch\u00fctzen. Lesen Sie unsere Cookie-Richtlinie.\",\"breadcrumb\":{\"@id\":\"https:\\\/\\\/planograma.com\\\/de\\\/cookie-richtlinie#breadcrumb\"},\"inLanguage\":\"de\",\"potentialAction\":[{\"@type\":\"ReadAction\",\"target\":[\"https:\\\/\\\/planograma.com\\\/de\\\/cookie-richtlinie\"]}]},{\"@type\":\"BreadcrumbList\",\"@id\":\"https:\\\/\\\/planograma.com\\\/de\\\/cookie-richtlinie#breadcrumb\",\"itemListElement\":[{\"@type\":\"ListItem\",\"position\":1,\"name\":\"Startseite\",\"item\":\"https:\\\/\\\/planograma.com\\\/de?page_id=10861\"},{\"@type\":\"ListItem\",\"position\":2,\"name\":\"Cookie-Richtlinie\"}]},{\"@type\":\"WebSite\",\"@id\":\"https:\\\/\\\/planograma.com\\\/de#website\",\"url\":\"https:\\\/\\\/planograma.com\\\/de\",\"name\":\"Planogramm\",\"description\":\"Professionelle WMS-Cloud-L\u00f6sung\",\"publisher\":{\"@id\":\"https:\\\/\\\/planograma.com\\\/de#organization\"},\"potentialAction\":[{\"@type\":\"SearchAction\",\"target\":{\"@type\":\"EntryPoint\",\"urlTemplate\":\"https:\\\/\\\/planograma.com\\\/de?s={search_term_string}\"},\"query-input\":{\"@type\":\"PropertyValueSpecification\",\"valueRequired\":true,\"valueName\":\"search_term_string\"}}],\"inLanguage\":\"de\"},{\"@type\":\"Organization\",\"@id\":\"https:\\\/\\\/planograma.com\\\/de#organization\",\"name\":\"Planogramm\",\"url\":\"https:\\\/\\\/planograma.com\\\/de\",\"logo\":{\"@type\":\"ImageObject\",\"inLanguage\":\"de\",\"@id\":\"https:\\\/\\\/planograma.com\\\/de#\\\/schema\\\/logo\\\/image\\\/\",\"url\":\"https:\\\/\\\/planograma.com\\\/wp-content\\\/uploads\\\/2021\\\/03\\\/logo-planograma-200-x-200-px.jpg\",\"contentUrl\":\"https:\\\/\\\/planograma.com\\\/wp-content\\\/uploads\\\/2021\\\/03\\\/logo-planograma-200-x-200-px.jpg\",\"width\":200,\"height\":200,\"caption\":\"Planogramm\"},\"image\":{\"@id\":\"https:\\\/\\\/planograma.com\\\/de#\\\/schema\\\/logo\\\/image\\\/\"}}]}<\/script>\n<!-- \/ Yoast SEO plugin. -->","yoast_head_json":{"title":"Cookie-Richtlinie | Planogramm","description":"Bei Planograma ist uns der Schutz Ihrer Daten wichtig und wir verpflichten uns, diese zu sch\u00fctzen. Lesen Sie unsere Cookie-Richtlinie.","robots":{"index":"index","follow":"follow","max-snippet":"max-snippet:-1","max-image-preview":"max-image-preview:large","max-video-preview":"max-video-preview:-1"},"canonical":"https:\/\/planograma.com\/de\/cookie-richtlinie","og_locale":"de_DE","og_type":"article","og_title":"Cookie-Richtlinie - Planograma","og_description":"Bei Planograma ist uns der Schutz Ihrer Daten wichtig und wir verpflichten uns, diese zu sch\u00fctzen. Lesen Sie unsere Cookie-Richtlinie.","og_url":"https:\/\/planograma.com\/de\/cookie-richtlinie","og_site_name":"Planogramm","article_modified_time":"2026-04-17T13:59:49+00:00","og_image":[{"url":"https:\/\/planograma.com\/wp-content\/uploads\/2021\/03\/logo-planograma-200-x-200-px.jpg","type":"","width":"","height":""}],"twitter_card":"summary_large_image","twitter_title":"Cookie-Richtlinie - Planograma","twitter_description":"Bei Planograma ist uns der Schutz Ihrer Daten wichtig und wir verpflichten uns, diese zu sch\u00fctzen. Lesen Sie unsere Cookie-Richtlinie.","twitter_image":"https:\/\/planograma.com\/wp-content\/uploads\/2021\/03\/logo-planograma-200-x-200-px.jpg","twitter_misc":{"Gesch\u00e4tzte Lesezeit":"2\u00a0Minuten"},"schema":{"@context":"https:\/\/schema.org","@graph":[{"@type":"WebPage","@id":"https:\/\/planograma.com\/de\/cookie-richtlinie","url":"https:\/\/planograma.com\/de\/cookie-richtlinie","name":"Cookie-Richtlinie | Planogramm","isPartOf":{"@id":"https:\/\/planograma.com\/de#website"},"datePublished":"2021-02-01T15:23:38+00:00","dateModified":"2026-04-17T13:59:49+00:00","description":"Bei Planograma ist uns der Schutz Ihrer Daten wichtig und wir verpflichten uns, diese zu sch\u00fctzen. Lesen Sie unsere Cookie-Richtlinie.","breadcrumb":{"@id":"https:\/\/planograma.com\/de\/cookie-richtlinie#breadcrumb"},"inLanguage":"de","potentialAction":[{"@type":"ReadAction","target":["https:\/\/planograma.com\/de\/cookie-richtlinie"]}]},{"@type":"BreadcrumbList","@id":"https:\/\/planograma.com\/de\/cookie-richtlinie#breadcrumb","itemListElement":[{"@type":"ListItem","position":1,"name":"Startseite","item":"https:\/\/planograma.com\/de?page_id=10861"},{"@type":"ListItem","position":2,"name":"Cookie-Richtlinie"}]},{"@type":"WebSite","@id":"https:\/\/planograma.com\/de#website","url":"https:\/\/planograma.com\/de","name":"Planogramm","description":"Professionelle WMS-Cloud-L\u00f6sung","publisher":{"@id":"https:\/\/planograma.com\/de#organization"},"potentialAction":[{"@type":"SearchAction","target":{"@type":"EntryPoint","urlTemplate":"https:\/\/planograma.com\/de?s={search_term_string}"},"query-input":{"@type":"PropertyValueSpecification","valueRequired":true,"valueName":"search_term_string"}}],"inLanguage":"de"},{"@type":"Organization","@id":"https:\/\/planograma.com\/de#organization","name":"Planogramm","url":"https:\/\/planograma.com\/de","logo":{"@type":"ImageObject","inLanguage":"de","@id":"https:\/\/planograma.com\/de#\/schema\/logo\/image\/","url":"https:\/\/planograma.com\/wp-content\/uploads\/2021\/03\/logo-planograma-200-x-200-px.jpg","contentUrl":"https:\/\/planograma.com\/wp-content\/uploads\/2021\/03\/logo-planograma-200-x-200-px.jpg","width":200,"height":200,"caption":"Planogramm"},"image":{"@id":"https:\/\/planograma.com\/de#\/schema\/logo\/image\/"}}]}},"_links":{"self":[{"href":"https:\/\/planograma.com\/de\/wp-json\/wp\/v2\/pages\/11035","targetHints":{"allow":["GET"]}}],"collection":[{"href":"https:\/\/planograma.com\/de\/wp-json\/wp\/v2\/pages"}],"about":[{"href":"https:\/\/planograma.com\/de\/wp-json\/wp\/v2\/types\/page"}],"author":[{"embeddable":true,"href":"https:\/\/planograma.com\/de\/wp-json\/wp\/v2\/users\/14"}],"replies":[{"embeddable":true,"href":"https:\/\/planograma.com\/de\/wp-json\/wp\/v2\/comments?post=11035"}],"version-history":[{"count":2,"href":"https:\/\/planograma.com\/de\/wp-json\/wp\/v2\/pages\/11035\/revisions"}],"predecessor-version":[{"id":11037,"href":"https:\/\/planograma.com\/de\/wp-json\/wp\/v2\/pages\/11035\/revisions\/11037"}],"wp:attachment":[{"href":"https:\/\/planograma.com\/de\/wp-json\/wp\/v2\/media?parent=11035"}],"curies":[{"name":"wp","href":"https:\/\/api.w.org\/{rel}","templated":true}]}}