{"id":8821,"date":"2021-02-01T15:23:38","date_gmt":"2021-02-01T15:23:38","guid":{"rendered":"https:\/\/planograma.com\/politica-de-cookies"},"modified":"2026-04-09T08:29:34","modified_gmt":"2026-04-09T08:29:34","slug":"politica-de-cookies","status":"publish","type":"page","link":"https:\/\/planograma.com\/es\/politica-de-cookies","title":{"rendered":"Pol\u00edtica de cookies"},"content":{"rendered":"\t\t<div data-elementor-type=\"wp-page\" data-elementor-id=\"8821\" class=\"elementor elementor-8821 elementor-3299\" data-elementor-settings=\"{&quot;ha_cmc_init_switcher&quot;:&quot;no&quot;}\" data-elementor-post-type=\"page\">\n\t\t\t\t\t\t<section class=\"elementor-section elementor-top-section elementor-element elementor-element-58c5312 elementor-section-boxed elementor-section-height-default elementor-section-height-default\" data-id=\"58c5312\" data-element_type=\"section\" data-e-type=\"section\" data-settings=\"{&quot;_ha_eqh_enable&quot;:false}\">\n\t\t\t\t\t\t<div class=\"elementor-container elementor-column-gap-default\">\n\t\t\t\t\t<div class=\"elementor-column elementor-col-100 elementor-top-column elementor-element elementor-element-6e3be2b\" data-id=\"6e3be2b\" data-element_type=\"column\" data-e-type=\"column\">\n\t\t\t<div class=\"elementor-widget-wrap elementor-element-populated\">\n\t\t\t\t\t\t<div class=\"elementor-element elementor-element-b4ee990 elementor-widget elementor-widget-text-editor\" data-id=\"b4ee990\" data-element_type=\"widget\" data-e-type=\"widget\" data-widget_type=\"text-editor.default\">\n\t\t\t\t<div class=\"elementor-widget-container\">\n\t\t\t\t\t\t\t\t\t<h1><span style=\"color: #7bc144;\"><b>Pol\u00edtica de cookies<\/b> <\/span><\/h1><p><span data-contrast=\"auto\">En Planograma, nos preocupamos por la privacidad de sus datos y nos comprometemos a protegerlos. Esta Pol\u00edtica de privacidad explica qu\u00e9 informaci\u00f3n recopilamos sobre usted y por qu\u00e9, qu\u00e9 hacemos con esa informaci\u00f3n y c\u00f3mo la tratamos. Este aviso se aplica a todos los sitios web de nuestra propiedad y que operamos, as\u00ed como a todos los servicios que prestamos, incluida nuestra plataforma en l\u00ednea, la aplicaci\u00f3n m\u00f3vil y cualquier otro servicio que podamos ofrecer (por ejemplo, eventos o formaci\u00f3n). A efectos de este aviso, los denominaremos simplemente nuestros \u00abservicios\u00bb.   <\/span><span data-ccp-props=\"{\"> <\/span><\/p><p><span data-contrast=\"auto\">Cuando nos referimos a \u00abnosotros\u00bb (o \u00abnuestro\u00bb o \u00abnos\u00bb), nos referimos a <b>Planograma S.R.L.<\/b>. Nuestra sede central se encuentra en Mehadia 41, distrito 6, Bucarest, Ruman\u00eda. <\/span><span data-ccp-props=\"{\"> <\/span><\/p><ol><li><h5><b> \u00bfQu\u00e9 es una cookie?<\/b><\/h5><\/li><\/ol><p><span data-contrast=\"auto\">Una cookie es un peque\u00f1o fragmento de datos (archivo de texto) que un sitio web, al ser visitado por un usuario, solicita a su navegador que almacene en su dispositivo para recordar informaci\u00f3n sobre usted, como su preferencia de idioma o su informaci\u00f3n de inicio de sesi\u00f3n. Estas cookies son establecidas por nosotros y se denominan cookies de primera parte. Tambi\u00e9n utilizamos cookies de terceros, que son cookies de un dominio diferente al del sitio web que est\u00e1 visitando, para nuestros esfuerzos publicitarios y de marketing.   <\/span><span data-ccp-props=\"{\"> <\/span><\/p><ol start=\"2\"><li><h5><b>\u00bfQu\u00e9 tipo de cookies utiliza Planograma?<\/b> <\/h5><\/li><\/ol><p><span data-contrast=\"auto\">Utilizamos cookies y otras tecnolog\u00edas de seguimiento con los siguientes fines:<\/span><span data-ccp-props=\"{\"> <\/span><\/p><ul><li><span style=\"color: #7bc144;\"><b><i>Cookies necesarias<\/i><\/b><b>: <\/b><\/span><span data-contrast=\"auto\">Estas cookies son necesarias para que el sitio web funcione y no se pueden desactivar en nuestros sistemas. Son necesarias para el funcionamiento del sitio web y no pueden desactivarse en nuestros sistemas. Normalmente, solo se configuran en respuesta a acciones realizadas por usted que equivalen a una solicitud de servicios, como establecer sus preferencias de privacidad, iniciar sesi\u00f3n o completar formularios.<\/span><span data-ccp-props=\"{\"> <\/span><\/li><li><span style=\"color: #7bc144;\"><b><i>Cookies funcionales<\/i><\/b><b>: <\/b><\/span><span data-contrast=\"auto\">Estas cookies permiten que el sitio web proporcione una funcionalidad y personalizaci\u00f3n mejoradas. Pueden ser establecidas por nosotros o por proveedores externos cuyos servicios hayamos a\u00f1adido a nuestras p\u00e1ginas. Si no permite estas cookies, es posible que algunos o todos estos servicios no funcionen correctamente.<\/span><span data-ccp-props=\"{\"> <\/span><\/li><li><span style=\"color: #7bc144;\"><b><i>Cookies estad\u00edsticas: <\/i><\/b><\/span><span data-contrast=\"auto\">Estas cookies ayudan a los propietarios de los sitios a comprender c\u00f3mo interact\u00faan los visitantes con las p\u00e1ginas web mediante la recopilaci\u00f3n y notificaci\u00f3n de informaci\u00f3n an\u00f3nima.<\/span><span data-ccp-props=\"{\"> <\/span><\/li><li><b><i><span data-contrast=\"auto\"><span style=\"color: #7bc144;\">Cookies de marketing<\/span>: <\/span><\/i><\/b><span data-contrast=\"auto\">Estas cookies rastrean su actividad en l\u00ednea para ayudar a los anunciantes a ofrecer publicidad m\u00e1s relevante o para limitar el n\u00famero de veces que ve un anuncio. Estas cookies pueden compartir esa informaci\u00f3n con otras organizaciones o anunciantes. Son cookies persistentes y casi siempre de procedencia de terceros.<\/span><span data-ccp-props=\"{\"> <\/span><\/li><\/ul><ul><li data-leveltext=\"\uf0b7\" data-font=\"Symbol\" data-listid=\"11\" aria-setsize=\"-1\" data-aria-posinset=\"29\" data-aria-level=\"1\"><span style=\"color: #7bc144;\"><b><i>Cookies de redes sociales:<\/i><\/b><\/span><span data-contrast=\"auto\"> Las cookies de redes sociales permiten a los usuarios interactuar m\u00e1s f\u00e1cilmente con las redes sociales, como Facebook e Instagram. Nosotros no controlamos las cookies de las redes sociales y estas no nos permiten acceder a sus cuentas de redes sociales. Consulte las pol\u00edticas de privacidad de la plataforma de red social correspondiente para obtener informaci\u00f3n sobre sus cookies.<\/span><span data-ccp-props=\"{\"> <\/span><\/li><\/ul>\t\t\t\t\t\t\t\t<\/div>\n\t\t\t\t<\/div>\n\t\t\t\t\t<\/div>\n\t\t<\/div>\n\t\t\t\t\t<\/div>\n\t\t<\/section>\n\t\t\t\t<\/div>\n\t\t","protected":false},"excerpt":{"rendered":"<p>Pol\u00edtica de cookies En Planograma, nos preocupamos por la privacidad de sus datos y nos comprometemos a protegerlos. Esta Pol\u00edtica de privacidad explica qu\u00e9 informaci\u00f3n recopilamos sobre usted y por qu\u00e9, qu\u00e9 hacemos con esa informaci\u00f3n y c\u00f3mo la tratamos. Este aviso se aplica a todos los sitios web de nuestra propiedad y que operamos, [&hellip;]<\/p>\n","protected":false},"author":14,"featured_media":0,"parent":0,"menu_order":0,"comment_status":"closed","ping_status":"closed","template":"elementor_header_footer","meta":{"footnotes":""},"class_list":["post-8821","page","type-page","status-publish","hentry"],"yoast_head":"<!-- This site is optimized with the Yoast SEO plugin v27.3 - https:\/\/yoast.com\/product\/yoast-seo-wordpress\/ -->\n<title>Pol\u00edtica de cookies | Planograma<\/title>\n<meta name=\"description\" content=\"En Planograma, nos preocupamos por la privacidad de sus datos y nos comprometemos a protegerlos. Consulte nuestra pol\u00edtica de cookies.\" \/>\n<meta name=\"robots\" content=\"index, follow, max-snippet:-1, max-image-preview:large, max-video-preview:-1\" \/>\n<link rel=\"canonical\" href=\"https:\/\/planograma.com\/es\/politica-de-cookies\" \/>\n<meta property=\"og:locale\" content=\"es_ES\" \/>\n<meta property=\"og:type\" content=\"article\" \/>\n<meta property=\"og:title\" content=\"Pol\u00edtica de cookies - Planograma\" \/>\n<meta property=\"og:description\" content=\"En Planograma, nos preocupamos por la privacidad de sus datos y nos comprometemos a protegerlos. Consulte nuestra pol\u00edtica de cookies.\" \/>\n<meta property=\"og:url\" content=\"https:\/\/planograma.com\/es\/politica-de-cookies\" \/>\n<meta property=\"og:site_name\" content=\"Planograma\" \/>\n<meta property=\"article:modified_time\" content=\"2026-04-09T08:29:34+00:00\" \/>\n<meta property=\"og:image\" content=\"https:\/\/planograma.com\/wp-content\/uploads\/2021\/03\/logo-planograma-200-x-200-px.jpg\" \/>\n<meta name=\"twitter:card\" content=\"summary_large_image\" \/>\n<meta name=\"twitter:title\" content=\"Pol\u00edtica de cookies - Planograma\" \/>\n<meta name=\"twitter:description\" content=\"En Planograma, nos preocupamos por la privacidad de sus datos y nos comprometemos a protegerlos. Consulte nuestra pol\u00edtica de cookies.\" \/>\n<meta name=\"twitter:image\" content=\"https:\/\/planograma.com\/wp-content\/uploads\/2021\/03\/logo-planograma-200-x-200-px.jpg\" \/>\n<meta name=\"twitter:label1\" content=\"Tiempo de lectura\" \/>\n\t<meta name=\"twitter:data1\" content=\"3 minutos\" \/>\n<script type=\"application\/ld+json\" class=\"yoast-schema-graph\">{\"@context\":\"https:\\\/\\\/schema.org\",\"@graph\":[{\"@type\":\"WebPage\",\"@id\":\"https:\\\/\\\/planograma.com\\\/es\\\/politica-de-cookies\",\"url\":\"https:\\\/\\\/planograma.com\\\/es\\\/politica-de-cookies\",\"name\":\"Pol\u00edtica de cookies | Planograma\",\"isPartOf\":{\"@id\":\"https:\\\/\\\/planograma.com\\\/es#website\"},\"datePublished\":\"2021-02-01T15:23:38+00:00\",\"dateModified\":\"2026-04-09T08:29:34+00:00\",\"description\":\"En Planograma, nos preocupamos por la privacidad de sus datos y nos comprometemos a protegerlos. Consulte nuestra pol\u00edtica de cookies.\",\"breadcrumb\":{\"@id\":\"https:\\\/\\\/planograma.com\\\/es\\\/politica-de-cookies#breadcrumb\"},\"inLanguage\":\"es\",\"potentialAction\":[{\"@type\":\"ReadAction\",\"target\":[\"https:\\\/\\\/planograma.com\\\/es\\\/politica-de-cookies\"]}]},{\"@type\":\"BreadcrumbList\",\"@id\":\"https:\\\/\\\/planograma.com\\\/es\\\/politica-de-cookies#breadcrumb\",\"itemListElement\":[{\"@type\":\"ListItem\",\"position\":1,\"name\":\"Home\",\"item\":\"https:\\\/\\\/planograma.com\\\/es\\\/inicio\"},{\"@type\":\"ListItem\",\"position\":2,\"name\":\"Pol\u00edtica de cookies\"}]},{\"@type\":\"WebSite\",\"@id\":\"https:\\\/\\\/planograma.com\\\/es#website\",\"url\":\"https:\\\/\\\/planograma.com\\\/es\",\"name\":\"Planograma\",\"description\":\"Professional WMS cloud solution\",\"publisher\":{\"@id\":\"https:\\\/\\\/planograma.com\\\/es#organization\"},\"potentialAction\":[{\"@type\":\"SearchAction\",\"target\":{\"@type\":\"EntryPoint\",\"urlTemplate\":\"https:\\\/\\\/planograma.com\\\/es?s={search_term_string}\"},\"query-input\":{\"@type\":\"PropertyValueSpecification\",\"valueRequired\":true,\"valueName\":\"search_term_string\"}}],\"inLanguage\":\"es\"},{\"@type\":\"Organization\",\"@id\":\"https:\\\/\\\/planograma.com\\\/es#organization\",\"name\":\"Planograma\",\"url\":\"https:\\\/\\\/planograma.com\\\/es\",\"logo\":{\"@type\":\"ImageObject\",\"inLanguage\":\"es\",\"@id\":\"https:\\\/\\\/planograma.com\\\/es#\\\/schema\\\/logo\\\/image\\\/\",\"url\":\"https:\\\/\\\/planograma.com\\\/wp-content\\\/uploads\\\/2021\\\/03\\\/logo-planograma-200-x-200-px.jpg\",\"contentUrl\":\"https:\\\/\\\/planograma.com\\\/wp-content\\\/uploads\\\/2021\\\/03\\\/logo-planograma-200-x-200-px.jpg\",\"width\":200,\"height\":200,\"caption\":\"Planograma\"},\"image\":{\"@id\":\"https:\\\/\\\/planograma.com\\\/es#\\\/schema\\\/logo\\\/image\\\/\"}}]}<\/script>\n<!-- \/ Yoast SEO plugin. -->","yoast_head_json":{"title":"Pol\u00edtica de cookies | Planograma","description":"En Planograma, nos preocupamos por la privacidad de sus datos y nos comprometemos a protegerlos. Consulte nuestra pol\u00edtica de cookies.","robots":{"index":"index","follow":"follow","max-snippet":"max-snippet:-1","max-image-preview":"max-image-preview:large","max-video-preview":"max-video-preview:-1"},"canonical":"https:\/\/planograma.com\/es\/politica-de-cookies","og_locale":"es_ES","og_type":"article","og_title":"Pol\u00edtica de cookies - Planograma","og_description":"En Planograma, nos preocupamos por la privacidad de sus datos y nos comprometemos a protegerlos. Consulte nuestra pol\u00edtica de cookies.","og_url":"https:\/\/planograma.com\/es\/politica-de-cookies","og_site_name":"Planograma","article_modified_time":"2026-04-09T08:29:34+00:00","og_image":[{"url":"https:\/\/planograma.com\/wp-content\/uploads\/2021\/03\/logo-planograma-200-x-200-px.jpg","type":"","width":"","height":""}],"twitter_card":"summary_large_image","twitter_title":"Pol\u00edtica de cookies - Planograma","twitter_description":"En Planograma, nos preocupamos por la privacidad de sus datos y nos comprometemos a protegerlos. Consulte nuestra pol\u00edtica de cookies.","twitter_image":"https:\/\/planograma.com\/wp-content\/uploads\/2021\/03\/logo-planograma-200-x-200-px.jpg","twitter_misc":{"Tiempo de lectura":"3 minutos"},"schema":{"@context":"https:\/\/schema.org","@graph":[{"@type":"WebPage","@id":"https:\/\/planograma.com\/es\/politica-de-cookies","url":"https:\/\/planograma.com\/es\/politica-de-cookies","name":"Pol\u00edtica de cookies | Planograma","isPartOf":{"@id":"https:\/\/planograma.com\/es#website"},"datePublished":"2021-02-01T15:23:38+00:00","dateModified":"2026-04-09T08:29:34+00:00","description":"En Planograma, nos preocupamos por la privacidad de sus datos y nos comprometemos a protegerlos. Consulte nuestra pol\u00edtica de cookies.","breadcrumb":{"@id":"https:\/\/planograma.com\/es\/politica-de-cookies#breadcrumb"},"inLanguage":"es","potentialAction":[{"@type":"ReadAction","target":["https:\/\/planograma.com\/es\/politica-de-cookies"]}]},{"@type":"BreadcrumbList","@id":"https:\/\/planograma.com\/es\/politica-de-cookies#breadcrumb","itemListElement":[{"@type":"ListItem","position":1,"name":"Home","item":"https:\/\/planograma.com\/es\/inicio"},{"@type":"ListItem","position":2,"name":"Pol\u00edtica de cookies"}]},{"@type":"WebSite","@id":"https:\/\/planograma.com\/es#website","url":"https:\/\/planograma.com\/es","name":"Planograma","description":"Professional WMS cloud solution","publisher":{"@id":"https:\/\/planograma.com\/es#organization"},"potentialAction":[{"@type":"SearchAction","target":{"@type":"EntryPoint","urlTemplate":"https:\/\/planograma.com\/es?s={search_term_string}"},"query-input":{"@type":"PropertyValueSpecification","valueRequired":true,"valueName":"search_term_string"}}],"inLanguage":"es"},{"@type":"Organization","@id":"https:\/\/planograma.com\/es#organization","name":"Planograma","url":"https:\/\/planograma.com\/es","logo":{"@type":"ImageObject","inLanguage":"es","@id":"https:\/\/planograma.com\/es#\/schema\/logo\/image\/","url":"https:\/\/planograma.com\/wp-content\/uploads\/2021\/03\/logo-planograma-200-x-200-px.jpg","contentUrl":"https:\/\/planograma.com\/wp-content\/uploads\/2021\/03\/logo-planograma-200-x-200-px.jpg","width":200,"height":200,"caption":"Planograma"},"image":{"@id":"https:\/\/planograma.com\/es#\/schema\/logo\/image\/"}}]}},"_links":{"self":[{"href":"https:\/\/planograma.com\/es\/wp-json\/wp\/v2\/pages\/8821","targetHints":{"allow":["GET"]}}],"collection":[{"href":"https:\/\/planograma.com\/es\/wp-json\/wp\/v2\/pages"}],"about":[{"href":"https:\/\/planograma.com\/es\/wp-json\/wp\/v2\/types\/page"}],"author":[{"embeddable":true,"href":"https:\/\/planograma.com\/es\/wp-json\/wp\/v2\/users\/14"}],"replies":[{"embeddable":true,"href":"https:\/\/planograma.com\/es\/wp-json\/wp\/v2\/comments?post=8821"}],"version-history":[{"count":1,"href":"https:\/\/planograma.com\/es\/wp-json\/wp\/v2\/pages\/8821\/revisions"}],"predecessor-version":[{"id":8822,"href":"https:\/\/planograma.com\/es\/wp-json\/wp\/v2\/pages\/8821\/revisions\/8822"}],"wp:attachment":[{"href":"https:\/\/planograma.com\/es\/wp-json\/wp\/v2\/media?parent=8821"}],"curies":[{"name":"wp","href":"https:\/\/api.w.org\/{rel}","templated":true}]}}