{"id":8837,"date":"2023-02-14T10:11:22","date_gmt":"2023-02-14T10:11:22","guid":{"rendered":"https:\/\/planograma.com\/clientes"},"modified":"2026-04-09T09:40:35","modified_gmt":"2026-04-09T09:40:35","slug":"clientes","status":"publish","type":"page","link":"https:\/\/planograma.com\/es\/clientes","title":{"rendered":"Clientes"},"content":{"rendered":"\t\t<div data-elementor-type=\"wp-page\" data-elementor-id=\"8837\" class=\"elementor elementor-8837 elementor-8003\" data-elementor-settings=\"{&quot;ha_cmc_init_switcher&quot;:&quot;no&quot;}\" data-elementor-post-type=\"page\">\n\t\t\t\t\t\t<section class=\"elementor-section elementor-top-section elementor-element elementor-element-ed5083c elementor-section-height-min-height elementor-section-boxed elementor-section-height-default elementor-section-items-middle\" data-id=\"ed5083c\" data-element_type=\"section\" data-e-type=\"section\" data-settings=\"{&quot;background_background&quot;:&quot;classic&quot;,&quot;background_motion_fx_motion_fx_scrolling&quot;:&quot;yes&quot;,&quot;background_motion_fx_devices&quot;:[&quot;desktop&quot;,&quot;tablet&quot;,&quot;mobile&quot;],&quot;_ha_eqh_enable&quot;:false}\">\n\t\t\t\t\t\t\t<div class=\"elementor-background-overlay\"><\/div>\n\t\t\t\t\t\t\t<div class=\"elementor-container elementor-column-gap-default\">\n\t\t\t\t\t<div class=\"elementor-column elementor-col-100 elementor-top-column elementor-element elementor-element-b63254d\" data-id=\"b63254d\" data-element_type=\"column\" data-e-type=\"column\">\n\t\t\t<div class=\"elementor-widget-wrap elementor-element-populated\">\n\t\t\t\t\t\t<div class=\"elementor-element elementor-element-f4681f5 elementor-widget elementor-widget-heading\" data-id=\"f4681f5\" data-element_type=\"widget\" data-e-type=\"widget\" data-widget_type=\"heading.default\">\n\t\t\t\t<div class=\"elementor-widget-container\">\n\t\t\t\t\t<h1 class=\"elementor-heading-title elementor-size-medium\">Recopile informaci\u00f3n relevante para iniciar su transformaci\u00f3n digital.<\/h1>\t\t\t\t<\/div>\n\t\t\t\t<\/div>\n\t\t\t\t\t<\/div>\n\t\t<\/div>\n\t\t\t\t\t<\/div>\n\t\t<\/section>\n\t\t\t\t<section class=\"elementor-section elementor-top-section elementor-element elementor-element-4ba1492 elementor-section-boxed elementor-section-height-default elementor-section-height-default\" data-id=\"4ba1492\" data-element_type=\"section\" data-e-type=\"section\" data-settings=\"{&quot;_ha_eqh_enable&quot;:false}\">\n\t\t\t\t\t\t<div class=\"elementor-container elementor-column-gap-default\">\n\t\t\t\t\t<div class=\"elementor-column elementor-col-100 elementor-top-column elementor-element elementor-element-84dd588\" data-id=\"84dd588\" data-element_type=\"column\" data-e-type=\"column\">\n\t\t\t<div class=\"elementor-widget-wrap elementor-element-populated\">\n\t\t\t\t\t\t<section class=\"elementor-section elementor-inner-section elementor-element elementor-element-bdd7a0b elementor-section-boxed elementor-section-height-default elementor-section-height-default\" data-id=\"bdd7a0b\" data-element_type=\"section\" data-e-type=\"section\" data-settings=\"{&quot;_ha_eqh_enable&quot;:false}\">\n\t\t\t\t\t\t<div class=\"elementor-container elementor-column-gap-default\">\n\t\t\t\t\t<div class=\"elementor-column elementor-col-50 elementor-inner-column elementor-element elementor-element-b8dbb67\" data-id=\"b8dbb67\" data-element_type=\"column\" data-e-type=\"column\" data-settings=\"{&quot;background_background&quot;:&quot;classic&quot;}\">\n\t\t\t<div class=\"elementor-widget-wrap elementor-element-populated\">\n\t\t\t\t\t\t<div class=\"elementor-element elementor-element-fb7da66 elementor-widget elementor-widget-image\" data-id=\"fb7da66\" data-element_type=\"widget\" data-e-type=\"widget\" data-widget_type=\"image.default\">\n\t\t\t\t<div class=\"elementor-widget-container\">\n\t\t\t\t\t\t\t\t\t\t\t\t\t\t\t<img fetchpriority=\"high\" decoding=\"async\" width=\"626\" height=\"250\" src=\"https:\/\/planograma.com\/wp-content\/uploads\/2023\/02\/olive-oil-industry.png\" class=\"attachment-large size-large wp-image-8843\" alt=\"\" srcset=\"https:\/\/planograma.com\/wp-content\/uploads\/2023\/02\/olive-oil-industry.png 626w, https:\/\/planograma.com\/wp-content\/uploads\/2023\/02\/olive-oil-industry-300x120.png 300w\" sizes=\"(max-width: 626px) 100vw, 626px\" \/>\t\t\t\t\t\t\t\t\t\t\t\t\t\t\t<\/div>\n\t\t\t\t<\/div>\n\t\t\t\t<div class=\"elementor-element elementor-element-0ef92fe elementor-widget elementor-widget-image\" data-id=\"0ef92fe\" data-element_type=\"widget\" data-e-type=\"widget\" data-widget_type=\"image.default\">\n\t\t\t\t<div class=\"elementor-widget-container\">\n\t\t\t\t\t\t\t\t\t\t\t\t\t\t\t<img decoding=\"async\" width=\"500\" height=\"300\" src=\"https:\/\/planograma.com\/wp-content\/uploads\/2023\/02\/ola-good.png\" class=\"attachment-large size-large wp-image-8845\" alt=\"\" srcset=\"https:\/\/planograma.com\/wp-content\/uploads\/2023\/02\/ola-good.png 500w, https:\/\/planograma.com\/wp-content\/uploads\/2023\/02\/ola-good-300x180.png 300w\" sizes=\"(max-width: 500px) 100vw, 500px\" \/>\t\t\t\t\t\t\t\t\t\t\t\t\t\t\t<\/div>\n\t\t\t\t<\/div>\n\t\t\t\t<div class=\"elementor-element elementor-element-e03fa02 elementor-widget elementor-widget-text-editor\" data-id=\"e03fa02\" data-element_type=\"widget\" data-e-type=\"widget\" data-widget_type=\"text-editor.default\">\n\t\t\t\t<div class=\"elementor-widget-container\">\n\t\t\t\t\t\t\t\t\t<p>\u00abAntes de usar Planograma, nos costaba much\u00edsimo seguir el ritmo del movimiento de mercanc\u00edas. A medida que nuestro negocio crec\u00eda, resultaba cada vez m\u00e1s frustrante. Desde el primer mes de uso como soluci\u00f3n WMS, contamos con movilidad y acceso f\u00e1cil a la informaci\u00f3n desde cualquier lugar y dispositivo. \u00a1Qu\u00e9 alivio! Podemos tomar decisiones al momento y siempre que sea necesario\u00bb.<\/p>\t\t\t\t\t\t\t\t<\/div>\n\t\t\t\t<\/div>\n\t\t\t\t\t<\/div>\n\t\t<\/div>\n\t\t\t\t<div class=\"elementor-column elementor-col-50 elementor-inner-column elementor-element elementor-element-57d9b1d\" data-id=\"57d9b1d\" data-element_type=\"column\" data-e-type=\"column\" data-settings=\"{&quot;background_background&quot;:&quot;classic&quot;}\">\n\t\t\t<div class=\"elementor-widget-wrap elementor-element-populated\">\n\t\t\t\t\t\t<div class=\"elementor-element elementor-element-581ef9f elementor-widget elementor-widget-image\" data-id=\"581ef9f\" data-element_type=\"widget\" data-e-type=\"widget\" data-widget_type=\"image.default\">\n\t\t\t\t<div class=\"elementor-widget-container\">\n\t\t\t\t\t\t\t\t\t\t\t\t\t\t\t<img decoding=\"async\" width=\"626\" height=\"250\" src=\"https:\/\/planograma.com\/wp-content\/uploads\/2023\/02\/olive.png\" class=\"attachment-large size-large wp-image-8839\" alt=\"\" srcset=\"https:\/\/planograma.com\/wp-content\/uploads\/2023\/02\/olive.png 626w, https:\/\/planograma.com\/wp-content\/uploads\/2023\/02\/olive-300x120.png 300w\" sizes=\"(max-width: 626px) 100vw, 626px\" \/>\t\t\t\t\t\t\t\t\t\t\t\t\t\t\t<\/div>\n\t\t\t\t<\/div>\n\t\t\t\t<div class=\"elementor-element elementor-element-08ff4e0 elementor-widget elementor-widget-image\" data-id=\"08ff4e0\" data-element_type=\"widget\" data-e-type=\"widget\" data-widget_type=\"image.default\">\n\t\t\t\t<div class=\"elementor-widget-container\">\n\t\t\t\t\t\t\t\t\t\t\t\t\t\t\t<img loading=\"lazy\" decoding=\"async\" width=\"500\" height=\"300\" src=\"https:\/\/planograma.com\/wp-content\/uploads\/2023\/02\/logo-defne.png\" class=\"attachment-large size-large wp-image-8846\" alt=\"\" srcset=\"https:\/\/planograma.com\/wp-content\/uploads\/2023\/02\/logo-defne.png 500w, https:\/\/planograma.com\/wp-content\/uploads\/2023\/02\/logo-defne-300x180.png 300w\" sizes=\"(max-width: 500px) 100vw, 500px\" \/>\t\t\t\t\t\t\t\t\t\t\t\t\t\t\t<\/div>\n\t\t\t\t<\/div>\n\t\t\t\t<div class=\"elementor-element elementor-element-5b8ee41 elementor-widget elementor-widget-text-editor\" data-id=\"5b8ee41\" data-element_type=\"widget\" data-e-type=\"widget\" data-widget_type=\"text-editor.default\">\n\t\t\t\t<div class=\"elementor-widget-container\">\n\t\t\t\t\t\t\t\t\t<p>\u00abPlanograma ha hecho que cada elemento del proceso de inventario sea f\u00e1cil y alcanzable. Nos ayud\u00f3 a obtener una visi\u00f3n completa del nombre del proveedor, el n\u00famero de \u00f3rdenes de compra y el stock entrante y saliente. Pudimos maximizar la productividad de las transferencias y disponer de actualizaciones de inventario en tiempo real.<\/p><p>Por no mencionar que el equipo fue muy flexible a la hora de adaptarse a nuestras necesidades. R\u00e1pidos en la comunicaci\u00f3n y fiables en el servicio. Es un placer contar con un socio como Planograma\u00bb.<\/p>\t\t\t\t\t\t\t\t<\/div>\n\t\t\t\t<\/div>\n\t\t\t\t\t<\/div>\n\t\t<\/div>\n\t\t\t\t\t<\/div>\n\t\t<\/section>\n\t\t\t\t<section class=\"elementor-section elementor-inner-section elementor-element elementor-element-fe5d063 elementor-section-boxed elementor-section-height-default elementor-section-height-default\" data-id=\"fe5d063\" data-element_type=\"section\" data-e-type=\"section\" data-settings=\"{&quot;_ha_eqh_enable&quot;:false}\">\n\t\t\t\t\t\t<div class=\"elementor-container elementor-column-gap-default\">\n\t\t\t\t\t<div class=\"elementor-column elementor-col-50 elementor-inner-column elementor-element elementor-element-96b5ff4\" data-id=\"96b5ff4\" data-element_type=\"column\" data-e-type=\"column\" data-settings=\"{&quot;background_background&quot;:&quot;classic&quot;}\">\n\t\t\t<div class=\"elementor-widget-wrap elementor-element-populated\">\n\t\t\t\t\t\t<div class=\"elementor-element elementor-element-fbe6f72 elementor-widget elementor-widget-image\" data-id=\"fbe6f72\" data-element_type=\"widget\" data-e-type=\"widget\" data-widget_type=\"image.default\">\n\t\t\t\t<div class=\"elementor-widget-container\">\n\t\t\t\t\t\t\t\t\t\t\t\t\t\t\t<img loading=\"lazy\" decoding=\"async\" width=\"626\" height=\"250\" src=\"https:\/\/planograma.com\/wp-content\/uploads\/2023\/02\/technology.png\" class=\"attachment-large size-large wp-image-8841\" alt=\"\" srcset=\"https:\/\/planograma.com\/wp-content\/uploads\/2023\/02\/technology.png 626w, https:\/\/planograma.com\/wp-content\/uploads\/2023\/02\/technology-300x120.png 300w\" sizes=\"(max-width: 626px) 100vw, 626px\" \/>\t\t\t\t\t\t\t\t\t\t\t\t\t\t\t<\/div>\n\t\t\t\t<\/div>\n\t\t\t\t<div class=\"elementor-element elementor-element-ade8d38 elementor-widget elementor-widget-image\" data-id=\"ade8d38\" data-element_type=\"widget\" data-e-type=\"widget\" data-widget_type=\"image.default\">\n\t\t\t\t<div class=\"elementor-widget-container\">\n\t\t\t\t\t\t\t\t\t\t\t\t\t\t\t<img loading=\"lazy\" decoding=\"async\" width=\"500\" height=\"300\" src=\"https:\/\/planograma.com\/wp-content\/uploads\/2023\/02\/logo-surface-alien-1.png\" class=\"attachment-large size-large wp-image-8847\" alt=\"\" srcset=\"https:\/\/planograma.com\/wp-content\/uploads\/2023\/02\/logo-surface-alien-1.png 500w, https:\/\/planograma.com\/wp-content\/uploads\/2023\/02\/logo-surface-alien-1-300x180.png 300w\" sizes=\"(max-width: 500px) 100vw, 500px\" \/>\t\t\t\t\t\t\t\t\t\t\t\t\t\t\t<\/div>\n\t\t\t\t<\/div>\n\t\t\t\t<div class=\"elementor-element elementor-element-72f0e04 elementor-widget elementor-widget-text-editor\" data-id=\"72f0e04\" data-element_type=\"widget\" data-e-type=\"widget\" data-widget_type=\"text-editor.default\">\n\t\t\t\t<div class=\"elementor-widget-container\">\n\t\t\t\t\t\t\t\t\t<p>\u00abSi necesita tomar el control de la gesti\u00f3n de inventario de forma r\u00e1pida, sencilla y sin complicaciones, Planograma es la respuesta. Le ofrece informaci\u00f3n de inventario al minuto, y la integraci\u00f3n con su red principal se realiza de forma muy fluida\u00bb.<\/p>\t\t\t\t\t\t\t\t<\/div>\n\t\t\t\t<\/div>\n\t\t\t\t\t<\/div>\n\t\t<\/div>\n\t\t\t\t<div class=\"elementor-column elementor-col-50 elementor-inner-column elementor-element elementor-element-a928d4e\" data-id=\"a928d4e\" data-element_type=\"column\" data-e-type=\"column\" data-settings=\"{&quot;background_background&quot;:&quot;classic&quot;}\">\n\t\t\t<div class=\"elementor-widget-wrap elementor-element-populated\">\n\t\t\t\t\t\t<div class=\"elementor-element elementor-element-e0e37c7 elementor-widget elementor-widget-image\" data-id=\"e0e37c7\" data-element_type=\"widget\" data-e-type=\"widget\" data-widget_type=\"image.default\">\n\t\t\t\t<div class=\"elementor-widget-container\">\n\t\t\t\t\t\t\t\t\t\t\t\t\t\t\t<img loading=\"lazy\" decoding=\"async\" width=\"626\" height=\"250\" src=\"https:\/\/planograma.com\/wp-content\/uploads\/2023\/02\/tools-industry.png\" class=\"attachment-large size-large wp-image-8842\" alt=\"\" srcset=\"https:\/\/planograma.com\/wp-content\/uploads\/2023\/02\/tools-industry.png 626w, https:\/\/planograma.com\/wp-content\/uploads\/2023\/02\/tools-industry-300x120.png 300w\" sizes=\"(max-width: 626px) 100vw, 626px\" \/>\t\t\t\t\t\t\t\t\t\t\t\t\t\t\t<\/div>\n\t\t\t\t<\/div>\n\t\t\t\t<div class=\"elementor-element elementor-element-80965f9 elementor-widget elementor-widget-image\" data-id=\"80965f9\" data-element_type=\"widget\" data-e-type=\"widget\" data-widget_type=\"image.default\">\n\t\t\t\t<div class=\"elementor-widget-container\">\n\t\t\t\t\t\t\t\t\t\t\t\t\t\t\t<img loading=\"lazy\" decoding=\"async\" width=\"500\" height=\"300\" src=\"https:\/\/planograma.com\/wp-content\/uploads\/2023\/02\/wunderhaff.png\" class=\"attachment-large size-large wp-image-8848\" alt=\"\" srcset=\"https:\/\/planograma.com\/wp-content\/uploads\/2023\/02\/wunderhaff.png 500w, https:\/\/planograma.com\/wp-content\/uploads\/2023\/02\/wunderhaff-300x180.png 300w\" sizes=\"(max-width: 500px) 100vw, 500px\" \/>\t\t\t\t\t\t\t\t\t\t\t\t\t\t\t<\/div>\n\t\t\t\t<\/div>\n\t\t\t\t<div class=\"elementor-element elementor-element-ca31d15 elementor-widget elementor-widget-text-editor\" data-id=\"ca31d15\" data-element_type=\"widget\" data-e-type=\"widget\" data-widget_type=\"text-editor.default\">\n\t\t\t\t<div class=\"elementor-widget-container\">\n\t\t\t\t\t\t\t\t\t<p>\u00abNo dudar\u00eda en recomendar Planograma a cualquier empresa, independientemente de su tama\u00f1o. Es una herramienta potente para el crecimiento empresarial, adaptada a nuestras necesidades espec\u00edficas. Muchas gracias al equipo de soporte por ofrecer respuestas r\u00e1pidas y fiables a nuestras consultas\u00bb.<\/p>\t\t\t\t\t\t\t\t<\/div>\n\t\t\t\t<\/div>\n\t\t\t\t\t<\/div>\n\t\t<\/div>\n\t\t\t\t\t<\/div>\n\t\t<\/section>\n\t\t\t\t<section class=\"elementor-section elementor-inner-section elementor-element elementor-element-a21010c elementor-section-boxed elementor-section-height-default elementor-section-height-default\" data-id=\"a21010c\" data-element_type=\"section\" data-e-type=\"section\" data-settings=\"{&quot;_ha_eqh_enable&quot;:false}\">\n\t\t\t\t\t\t<div class=\"elementor-container elementor-column-gap-default\">\n\t\t\t\t\t<div class=\"elementor-column elementor-col-100 elementor-inner-column elementor-element elementor-element-83c138d\" data-id=\"83c138d\" data-element_type=\"column\" data-e-type=\"column\" data-settings=\"{&quot;background_background&quot;:&quot;classic&quot;}\">\n\t\t\t<div class=\"elementor-widget-wrap\">\n\t\t\t\t\t\t\t<\/div>\n\t\t<\/div>\n\t\t\t\t\t<\/div>\n\t\t<\/section>\n\t\t\t\t\t<\/div>\n\t\t<\/div>\n\t\t\t\t\t<\/div>\n\t\t<\/section>\n\t\t\t\t<\/div>\n\t\t","protected":false},"excerpt":{"rendered":"<p>Recopile informaci\u00f3n relevante para iniciar su transformaci\u00f3n digital. \u00abAntes de usar Planograma, nos costaba much\u00edsimo seguir el ritmo del movimiento de mercanc\u00edas. A medida que nuestro negocio crec\u00eda, resultaba cada vez m\u00e1s frustrante. Desde el primer mes de uso como soluci\u00f3n WMS, contamos con movilidad y acceso f\u00e1cil a la informaci\u00f3n desde cualquier lugar y [&hellip;]<\/p>\n","protected":false},"author":14,"featured_media":0,"parent":0,"menu_order":0,"comment_status":"closed","ping_status":"closed","template":"elementor_header_footer","meta":{"footnotes":""},"class_list":["post-8837","page","type-page","status-publish","hentry"],"yoast_head":"<!-- This site is optimized with the Yoast SEO plugin v27.3 - https:\/\/yoast.com\/product\/yoast-seo-wordpress\/ -->\n<title>Clientes | Planograma<\/title>\n<meta name=\"robots\" content=\"index, follow, max-snippet:-1, max-image-preview:large, max-video-preview:-1\" \/>\n<link rel=\"canonical\" href=\"https:\/\/planograma.com\/es\/clientes\" \/>\n<meta property=\"og:locale\" content=\"es_ES\" \/>\n<meta property=\"og:type\" content=\"article\" \/>\n<meta property=\"og:title\" content=\"Clientes | Planograma\" \/>\n<meta property=\"og:description\" content=\"Recopile informaci\u00f3n relevante para iniciar su transformaci\u00f3n digital. \u00abAntes de usar Planograma, nos costaba much\u00edsimo seguir el ritmo del movimiento de mercanc\u00edas. A medida que nuestro negocio crec\u00eda, resultaba cada vez m\u00e1s frustrante. Desde el primer mes de uso como soluci\u00f3n WMS, contamos con movilidad y acceso f\u00e1cil a la informaci\u00f3n desde cualquier lugar y [&hellip;]\" \/>\n<meta property=\"og:url\" content=\"https:\/\/planograma.com\/es\/clientes\" \/>\n<meta property=\"og:site_name\" content=\"Planograma\" \/>\n<meta property=\"article:modified_time\" content=\"2026-04-09T09:40:35+00:00\" \/>\n<meta property=\"og:image\" content=\"https:\/\/planograma.com\/wp-content\/uploads\/2023\/02\/olive-oil-industry.png\" \/>\n\t<meta property=\"og:image:width\" content=\"626\" \/>\n\t<meta property=\"og:image:height\" content=\"250\" \/>\n\t<meta property=\"og:image:type\" content=\"image\/png\" \/>\n<meta name=\"twitter:card\" content=\"summary_large_image\" \/>\n<meta name=\"twitter:label1\" content=\"Tiempo de lectura\" \/>\n\t<meta name=\"twitter:data1\" content=\"1 minuto\" \/>\n<script type=\"application\/ld+json\" class=\"yoast-schema-graph\">{\"@context\":\"https:\\\/\\\/schema.org\",\"@graph\":[{\"@type\":\"WebPage\",\"@id\":\"https:\\\/\\\/planograma.com\\\/es\\\/clientes\",\"url\":\"https:\\\/\\\/planograma.com\\\/es\\\/clientes\",\"name\":\"Clientes | Planograma\",\"isPartOf\":{\"@id\":\"https:\\\/\\\/planograma.com\\\/es#website\"},\"primaryImageOfPage\":{\"@id\":\"https:\\\/\\\/planograma.com\\\/es\\\/clientes#primaryimage\"},\"image\":{\"@id\":\"https:\\\/\\\/planograma.com\\\/es\\\/clientes#primaryimage\"},\"thumbnailUrl\":\"https:\\\/\\\/planograma.com\\\/wp-content\\\/uploads\\\/2023\\\/02\\\/olive-oil-industry.png\",\"datePublished\":\"2023-02-14T10:11:22+00:00\",\"dateModified\":\"2026-04-09T09:40:35+00:00\",\"breadcrumb\":{\"@id\":\"https:\\\/\\\/planograma.com\\\/es\\\/clientes#breadcrumb\"},\"inLanguage\":\"es\",\"potentialAction\":[{\"@type\":\"ReadAction\",\"target\":[\"https:\\\/\\\/planograma.com\\\/es\\\/clientes\"]}]},{\"@type\":\"ImageObject\",\"inLanguage\":\"es\",\"@id\":\"https:\\\/\\\/planograma.com\\\/es\\\/clientes#primaryimage\",\"url\":\"https:\\\/\\\/planograma.com\\\/wp-content\\\/uploads\\\/2023\\\/02\\\/olive-oil-industry.png\",\"contentUrl\":\"https:\\\/\\\/planograma.com\\\/wp-content\\\/uploads\\\/2023\\\/02\\\/olive-oil-industry.png\"},{\"@type\":\"BreadcrumbList\",\"@id\":\"https:\\\/\\\/planograma.com\\\/es\\\/clientes#breadcrumb\",\"itemListElement\":[{\"@type\":\"ListItem\",\"position\":1,\"name\":\"Home\",\"item\":\"https:\\\/\\\/planograma.com\\\/es\\\/inicio\"},{\"@type\":\"ListItem\",\"position\":2,\"name\":\"Clientes\"}]},{\"@type\":\"WebSite\",\"@id\":\"https:\\\/\\\/planograma.com\\\/es#website\",\"url\":\"https:\\\/\\\/planograma.com\\\/es\",\"name\":\"Planograma\",\"description\":\"Professional WMS cloud solution\",\"publisher\":{\"@id\":\"https:\\\/\\\/planograma.com\\\/es#organization\"},\"potentialAction\":[{\"@type\":\"SearchAction\",\"target\":{\"@type\":\"EntryPoint\",\"urlTemplate\":\"https:\\\/\\\/planograma.com\\\/es?s={search_term_string}\"},\"query-input\":{\"@type\":\"PropertyValueSpecification\",\"valueRequired\":true,\"valueName\":\"search_term_string\"}}],\"inLanguage\":\"es\"},{\"@type\":\"Organization\",\"@id\":\"https:\\\/\\\/planograma.com\\\/es#organization\",\"name\":\"Planograma\",\"url\":\"https:\\\/\\\/planograma.com\\\/es\",\"logo\":{\"@type\":\"ImageObject\",\"inLanguage\":\"es\",\"@id\":\"https:\\\/\\\/planograma.com\\\/es#\\\/schema\\\/logo\\\/image\\\/\",\"url\":\"https:\\\/\\\/planograma.com\\\/wp-content\\\/uploads\\\/2021\\\/03\\\/logo-planograma-200-x-200-px.jpg\",\"contentUrl\":\"https:\\\/\\\/planograma.com\\\/wp-content\\\/uploads\\\/2021\\\/03\\\/logo-planograma-200-x-200-px.jpg\",\"width\":200,\"height\":200,\"caption\":\"Planograma\"},\"image\":{\"@id\":\"https:\\\/\\\/planograma.com\\\/es#\\\/schema\\\/logo\\\/image\\\/\"}}]}<\/script>\n<!-- \/ Yoast SEO plugin. -->","yoast_head_json":{"title":"Clientes | Planograma","robots":{"index":"index","follow":"follow","max-snippet":"max-snippet:-1","max-image-preview":"max-image-preview:large","max-video-preview":"max-video-preview:-1"},"canonical":"https:\/\/planograma.com\/es\/clientes","og_locale":"es_ES","og_type":"article","og_title":"Clientes | Planograma","og_description":"Recopile informaci\u00f3n relevante para iniciar su transformaci\u00f3n digital. \u00abAntes de usar Planograma, nos costaba much\u00edsimo seguir el ritmo del movimiento de mercanc\u00edas. A medida que nuestro negocio crec\u00eda, resultaba cada vez m\u00e1s frustrante. Desde el primer mes de uso como soluci\u00f3n WMS, contamos con movilidad y acceso f\u00e1cil a la informaci\u00f3n desde cualquier lugar y [&hellip;]","og_url":"https:\/\/planograma.com\/es\/clientes","og_site_name":"Planograma","article_modified_time":"2026-04-09T09:40:35+00:00","og_image":[{"width":626,"height":250,"url":"https:\/\/planograma.com\/wp-content\/uploads\/2023\/02\/olive-oil-industry.png","type":"image\/png"}],"twitter_card":"summary_large_image","twitter_misc":{"Tiempo de lectura":"1 minuto"},"schema":{"@context":"https:\/\/schema.org","@graph":[{"@type":"WebPage","@id":"https:\/\/planograma.com\/es\/clientes","url":"https:\/\/planograma.com\/es\/clientes","name":"Clientes | Planograma","isPartOf":{"@id":"https:\/\/planograma.com\/es#website"},"primaryImageOfPage":{"@id":"https:\/\/planograma.com\/es\/clientes#primaryimage"},"image":{"@id":"https:\/\/planograma.com\/es\/clientes#primaryimage"},"thumbnailUrl":"https:\/\/planograma.com\/wp-content\/uploads\/2023\/02\/olive-oil-industry.png","datePublished":"2023-02-14T10:11:22+00:00","dateModified":"2026-04-09T09:40:35+00:00","breadcrumb":{"@id":"https:\/\/planograma.com\/es\/clientes#breadcrumb"},"inLanguage":"es","potentialAction":[{"@type":"ReadAction","target":["https:\/\/planograma.com\/es\/clientes"]}]},{"@type":"ImageObject","inLanguage":"es","@id":"https:\/\/planograma.com\/es\/clientes#primaryimage","url":"https:\/\/planograma.com\/wp-content\/uploads\/2023\/02\/olive-oil-industry.png","contentUrl":"https:\/\/planograma.com\/wp-content\/uploads\/2023\/02\/olive-oil-industry.png"},{"@type":"BreadcrumbList","@id":"https:\/\/planograma.com\/es\/clientes#breadcrumb","itemListElement":[{"@type":"ListItem","position":1,"name":"Home","item":"https:\/\/planograma.com\/es\/inicio"},{"@type":"ListItem","position":2,"name":"Clientes"}]},{"@type":"WebSite","@id":"https:\/\/planograma.com\/es#website","url":"https:\/\/planograma.com\/es","name":"Planograma","description":"Professional WMS cloud solution","publisher":{"@id":"https:\/\/planograma.com\/es#organization"},"potentialAction":[{"@type":"SearchAction","target":{"@type":"EntryPoint","urlTemplate":"https:\/\/planograma.com\/es?s={search_term_string}"},"query-input":{"@type":"PropertyValueSpecification","valueRequired":true,"valueName":"search_term_string"}}],"inLanguage":"es"},{"@type":"Organization","@id":"https:\/\/planograma.com\/es#organization","name":"Planograma","url":"https:\/\/planograma.com\/es","logo":{"@type":"ImageObject","inLanguage":"es","@id":"https:\/\/planograma.com\/es#\/schema\/logo\/image\/","url":"https:\/\/planograma.com\/wp-content\/uploads\/2021\/03\/logo-planograma-200-x-200-px.jpg","contentUrl":"https:\/\/planograma.com\/wp-content\/uploads\/2021\/03\/logo-planograma-200-x-200-px.jpg","width":200,"height":200,"caption":"Planograma"},"image":{"@id":"https:\/\/planograma.com\/es#\/schema\/logo\/image\/"}}]}},"_links":{"self":[{"href":"https:\/\/planograma.com\/es\/wp-json\/wp\/v2\/pages\/8837","targetHints":{"allow":["GET"]}}],"collection":[{"href":"https:\/\/planograma.com\/es\/wp-json\/wp\/v2\/pages"}],"about":[{"href":"https:\/\/planograma.com\/es\/wp-json\/wp\/v2\/types\/page"}],"author":[{"embeddable":true,"href":"https:\/\/planograma.com\/es\/wp-json\/wp\/v2\/users\/14"}],"replies":[{"embeddable":true,"href":"https:\/\/planograma.com\/es\/wp-json\/wp\/v2\/comments?post=8837"}],"version-history":[{"count":1,"href":"https:\/\/planograma.com\/es\/wp-json\/wp\/v2\/pages\/8837\/revisions"}],"predecessor-version":[{"id":8849,"href":"https:\/\/planograma.com\/es\/wp-json\/wp\/v2\/pages\/8837\/revisions\/8849"}],"wp:attachment":[{"href":"https:\/\/planograma.com\/es\/wp-json\/wp\/v2\/media?parent=8837"}],"curies":[{"name":"wp","href":"https:\/\/api.w.org\/{rel}","templated":true}]}}