{"id":9396,"date":"2023-02-14T10:11:22","date_gmt":"2023-02-14T10:11:22","guid":{"rendered":"https:\/\/planograma.com\/clients"},"modified":"2026-04-17T11:33:55","modified_gmt":"2026-04-17T11:33:55","slug":"clients","status":"publish","type":"page","link":"https:\/\/planograma.com\/fr\/clients","title":{"rendered":"Clients"},"content":{"rendered":"\t\t<div data-elementor-type=\"wp-page\" data-elementor-id=\"9396\" class=\"elementor elementor-9396 elementor-8003\" data-elementor-settings=\"{&quot;ha_cmc_init_switcher&quot;:&quot;no&quot;}\" data-elementor-post-type=\"page\">\n\t\t\t\t\t\t<section class=\"elementor-section elementor-top-section elementor-element elementor-element-ed5083c elementor-section-height-min-height elementor-section-boxed elementor-section-height-default elementor-section-items-middle\" data-id=\"ed5083c\" data-element_type=\"section\" data-e-type=\"section\" data-settings=\"{&quot;background_background&quot;:&quot;classic&quot;,&quot;background_motion_fx_motion_fx_scrolling&quot;:&quot;yes&quot;,&quot;background_motion_fx_devices&quot;:[&quot;desktop&quot;,&quot;tablet&quot;,&quot;mobile&quot;],&quot;_ha_eqh_enable&quot;:false}\">\n\t\t\t\t\t\t\t<div class=\"elementor-background-overlay\"><\/div>\n\t\t\t\t\t\t\t<div class=\"elementor-container elementor-column-gap-default\">\n\t\t\t\t\t<div class=\"elementor-column elementor-col-100 elementor-top-column elementor-element elementor-element-b63254d\" data-id=\"b63254d\" data-element_type=\"column\" data-e-type=\"column\">\n\t\t\t<div class=\"elementor-widget-wrap elementor-element-populated\">\n\t\t\t\t\t\t<div class=\"elementor-element elementor-element-f4681f5 elementor-widget elementor-widget-heading\" data-id=\"f4681f5\" data-element_type=\"widget\" data-e-type=\"widget\" data-widget_type=\"heading.default\">\n\t\t\t\t<div class=\"elementor-widget-container\">\n\t\t\t\t\t<h1 class=\"elementor-heading-title elementor-size-medium\">Recueillez des informations pertinentes pour commencer votre transformation num\u00e9rique.<\/h1>\t\t\t\t<\/div>\n\t\t\t\t<\/div>\n\t\t\t\t\t<\/div>\n\t\t<\/div>\n\t\t\t\t\t<\/div>\n\t\t<\/section>\n\t\t\t\t<section class=\"elementor-section elementor-top-section elementor-element elementor-element-4ba1492 elementor-section-boxed elementor-section-height-default elementor-section-height-default\" data-id=\"4ba1492\" data-element_type=\"section\" data-e-type=\"section\" data-settings=\"{&quot;_ha_eqh_enable&quot;:false}\">\n\t\t\t\t\t\t<div class=\"elementor-container elementor-column-gap-default\">\n\t\t\t\t\t<div class=\"elementor-column elementor-col-100 elementor-top-column elementor-element elementor-element-84dd588\" data-id=\"84dd588\" data-element_type=\"column\" data-e-type=\"column\">\n\t\t\t<div class=\"elementor-widget-wrap elementor-element-populated\">\n\t\t\t\t\t\t<section class=\"elementor-section elementor-inner-section elementor-element elementor-element-bdd7a0b elementor-section-boxed elementor-section-height-default elementor-section-height-default\" data-id=\"bdd7a0b\" data-element_type=\"section\" data-e-type=\"section\" data-settings=\"{&quot;_ha_eqh_enable&quot;:false}\">\n\t\t\t\t\t\t<div class=\"elementor-container elementor-column-gap-default\">\n\t\t\t\t\t<div class=\"elementor-column elementor-col-50 elementor-inner-column elementor-element elementor-element-b8dbb67\" data-id=\"b8dbb67\" data-element_type=\"column\" data-e-type=\"column\" data-settings=\"{&quot;background_background&quot;:&quot;classic&quot;}\">\n\t\t\t<div class=\"elementor-widget-wrap elementor-element-populated\">\n\t\t\t\t\t\t<div class=\"elementor-element elementor-element-fb7da66 elementor-widget elementor-widget-image\" data-id=\"fb7da66\" data-element_type=\"widget\" data-e-type=\"widget\" data-widget_type=\"image.default\">\n\t\t\t\t<div class=\"elementor-widget-container\">\n\t\t\t\t\t\t\t\t\t\t\t\t\t\t\t<img fetchpriority=\"high\" decoding=\"async\" width=\"626\" height=\"250\" src=\"https:\/\/planograma.com\/wp-content\/uploads\/2023\/02\/olive-oil-industry.png\" class=\"attachment-large size-large wp-image-9402\" alt=\"\" srcset=\"https:\/\/planograma.com\/wp-content\/uploads\/2023\/02\/olive-oil-industry.png 626w, https:\/\/planograma.com\/wp-content\/uploads\/2023\/02\/olive-oil-industry-300x120.png 300w\" sizes=\"(max-width: 626px) 100vw, 626px\" \/>\t\t\t\t\t\t\t\t\t\t\t\t\t\t\t<\/div>\n\t\t\t\t<\/div>\n\t\t\t\t<div class=\"elementor-element elementor-element-0ef92fe elementor-widget elementor-widget-image\" data-id=\"0ef92fe\" data-element_type=\"widget\" data-e-type=\"widget\" data-widget_type=\"image.default\">\n\t\t\t\t<div class=\"elementor-widget-container\">\n\t\t\t\t\t\t\t\t\t\t\t\t\t\t\t<img decoding=\"async\" width=\"500\" height=\"300\" src=\"https:\/\/planograma.com\/wp-content\/uploads\/2023\/02\/ola-good.png\" class=\"attachment-large size-large wp-image-9404\" alt=\"\" srcset=\"https:\/\/planograma.com\/wp-content\/uploads\/2023\/02\/ola-good.png 500w, https:\/\/planograma.com\/wp-content\/uploads\/2023\/02\/ola-good-300x180.png 300w\" sizes=\"(max-width: 500px) 100vw, 500px\" \/>\t\t\t\t\t\t\t\t\t\t\t\t\t\t\t<\/div>\n\t\t\t\t<\/div>\n\t\t\t\t<div class=\"elementor-element elementor-element-e03fa02 elementor-widget elementor-widget-text-editor\" data-id=\"e03fa02\" data-element_type=\"widget\" data-e-type=\"widget\" data-widget_type=\"text-editor.default\">\n\t\t\t\t<div class=\"elementor-widget-container\">\n\t\t\t\t\t\t\t\t\t<p>\u00ab Avant d\u2019utiliser Planograma, nous avions \u00e9norm\u00e9ment de mal \u00e0 suivre les mouvements de marchandises. \u00c0 mesure que notre entreprise se d\u00e9veloppait, cela devenait de plus en plus frustrant. D\u00e8s le premier mois d\u2019utilisation comme solution WMS, nous avons b\u00e9n\u00e9fici\u00e9 d\u2019une mobilit\u00e9 et d\u2019un acc\u00e8s facile aux informations depuis n\u2019importe quel endroit et n\u2019importe quel appareil. Quel soulagement ! Nous pouvons prendre des d\u00e9cisions sur-le-champ et chaque fois que cela est n\u00e9cessaire. \u00bb<\/p>\t\t\t\t\t\t\t\t<\/div>\n\t\t\t\t<\/div>\n\t\t\t\t\t<\/div>\n\t\t<\/div>\n\t\t\t\t<div class=\"elementor-column elementor-col-50 elementor-inner-column elementor-element elementor-element-57d9b1d\" data-id=\"57d9b1d\" data-element_type=\"column\" data-e-type=\"column\" data-settings=\"{&quot;background_background&quot;:&quot;classic&quot;}\">\n\t\t\t<div class=\"elementor-widget-wrap elementor-element-populated\">\n\t\t\t\t\t\t<div class=\"elementor-element elementor-element-581ef9f elementor-widget elementor-widget-image\" data-id=\"581ef9f\" data-element_type=\"widget\" data-e-type=\"widget\" data-widget_type=\"image.default\">\n\t\t\t\t<div class=\"elementor-widget-container\">\n\t\t\t\t\t\t\t\t\t\t\t\t\t\t\t<img decoding=\"async\" width=\"626\" height=\"250\" src=\"https:\/\/planograma.com\/wp-content\/uploads\/2023\/02\/olive.png\" class=\"attachment-large size-large wp-image-9398\" alt=\"\" srcset=\"https:\/\/planograma.com\/wp-content\/uploads\/2023\/02\/olive.png 626w, https:\/\/planograma.com\/wp-content\/uploads\/2023\/02\/olive-300x120.png 300w\" sizes=\"(max-width: 626px) 100vw, 626px\" \/>\t\t\t\t\t\t\t\t\t\t\t\t\t\t\t<\/div>\n\t\t\t\t<\/div>\n\t\t\t\t<div class=\"elementor-element elementor-element-08ff4e0 elementor-widget elementor-widget-image\" data-id=\"08ff4e0\" data-element_type=\"widget\" data-e-type=\"widget\" data-widget_type=\"image.default\">\n\t\t\t\t<div class=\"elementor-widget-container\">\n\t\t\t\t\t\t\t\t\t\t\t\t\t\t\t<img loading=\"lazy\" decoding=\"async\" width=\"500\" height=\"300\" src=\"https:\/\/planograma.com\/wp-content\/uploads\/2023\/02\/logo-defne.png\" class=\"attachment-large size-large wp-image-9405\" alt=\"\" srcset=\"https:\/\/planograma.com\/wp-content\/uploads\/2023\/02\/logo-defne.png 500w, https:\/\/planograma.com\/wp-content\/uploads\/2023\/02\/logo-defne-300x180.png 300w\" sizes=\"(max-width: 500px) 100vw, 500px\" \/>\t\t\t\t\t\t\t\t\t\t\t\t\t\t\t<\/div>\n\t\t\t\t<\/div>\n\t\t\t\t<div class=\"elementor-element elementor-element-5b8ee41 elementor-widget elementor-widget-text-editor\" data-id=\"5b8ee41\" data-element_type=\"widget\" data-e-type=\"widget\" data-widget_type=\"text-editor.default\">\n\t\t\t\t<div class=\"elementor-widget-container\">\n\t\t\t\t\t\t\t\t\t<p>\u00ab Planograma a rendu chaque \u00e9l\u00e9ment du processus d\u2019inventaire facile et r\u00e9alisable. Il nous a aid\u00e9s \u00e0 obtenir une vue d\u2019ensemble compl\u00e8te du nom du fournisseur, du nombre de bons de commande, ainsi que des stocks entrants et sortants. Nous avons pu maximiser la productivit\u00e9 des transferts et disposer de mises \u00e0 jour de l\u2019inventaire en temps r\u00e9el.  <\/p><p>Sans oublier que l\u2019\u00e9quipe a \u00e9t\u00e9 tr\u00e8s flexible pour s\u2019adapter \u00e0 nos besoins. Rapide dans la communication et fiable dans le service. C\u2019est un plaisir d\u2019avoir un partenaire comme Planograma. \u00bb  <\/p>\t\t\t\t\t\t\t\t<\/div>\n\t\t\t\t<\/div>\n\t\t\t\t\t<\/div>\n\t\t<\/div>\n\t\t\t\t\t<\/div>\n\t\t<\/section>\n\t\t\t\t<section class=\"elementor-section elementor-inner-section elementor-element elementor-element-fe5d063 elementor-section-boxed elementor-section-height-default elementor-section-height-default\" data-id=\"fe5d063\" data-element_type=\"section\" data-e-type=\"section\" data-settings=\"{&quot;_ha_eqh_enable&quot;:false}\">\n\t\t\t\t\t\t<div class=\"elementor-container elementor-column-gap-default\">\n\t\t\t\t\t<div class=\"elementor-column elementor-col-50 elementor-inner-column elementor-element elementor-element-96b5ff4\" data-id=\"96b5ff4\" data-element_type=\"column\" data-e-type=\"column\" data-settings=\"{&quot;background_background&quot;:&quot;classic&quot;}\">\n\t\t\t<div class=\"elementor-widget-wrap elementor-element-populated\">\n\t\t\t\t\t\t<div class=\"elementor-element elementor-element-fbe6f72 elementor-widget elementor-widget-image\" data-id=\"fbe6f72\" data-element_type=\"widget\" data-e-type=\"widget\" data-widget_type=\"image.default\">\n\t\t\t\t<div class=\"elementor-widget-container\">\n\t\t\t\t\t\t\t\t\t\t\t\t\t\t\t<img loading=\"lazy\" decoding=\"async\" width=\"626\" height=\"250\" src=\"https:\/\/planograma.com\/wp-content\/uploads\/2023\/02\/technology.png\" class=\"attachment-large size-large wp-image-9400\" alt=\"\" srcset=\"https:\/\/planograma.com\/wp-content\/uploads\/2023\/02\/technology.png 626w, https:\/\/planograma.com\/wp-content\/uploads\/2023\/02\/technology-300x120.png 300w\" sizes=\"(max-width: 626px) 100vw, 626px\" \/>\t\t\t\t\t\t\t\t\t\t\t\t\t\t\t<\/div>\n\t\t\t\t<\/div>\n\t\t\t\t<div class=\"elementor-element elementor-element-ade8d38 elementor-widget elementor-widget-image\" data-id=\"ade8d38\" data-element_type=\"widget\" data-e-type=\"widget\" data-widget_type=\"image.default\">\n\t\t\t\t<div class=\"elementor-widget-container\">\n\t\t\t\t\t\t\t\t\t\t\t\t\t\t\t<img loading=\"lazy\" decoding=\"async\" width=\"500\" height=\"300\" src=\"https:\/\/planograma.com\/wp-content\/uploads\/2023\/02\/logo-surface-alien-1.png\" class=\"attachment-large size-large wp-image-9406\" alt=\"\" srcset=\"https:\/\/planograma.com\/wp-content\/uploads\/2023\/02\/logo-surface-alien-1.png 500w, https:\/\/planograma.com\/wp-content\/uploads\/2023\/02\/logo-surface-alien-1-300x180.png 300w\" sizes=\"(max-width: 500px) 100vw, 500px\" \/>\t\t\t\t\t\t\t\t\t\t\t\t\t\t\t<\/div>\n\t\t\t\t<\/div>\n\t\t\t\t<div class=\"elementor-element elementor-element-72f0e04 elementor-widget elementor-widget-text-editor\" data-id=\"72f0e04\" data-element_type=\"widget\" data-e-type=\"widget\" data-widget_type=\"text-editor.default\">\n\t\t\t\t<div class=\"elementor-widget-container\">\n\t\t\t\t\t\t\t\t\t<p>\u00ab Si vous avez besoin de prendre le contr\u00f4le de la gestion des stocks rapidement, facilement et sans douleur, Planograma est votre r\u00e9ponse. Il vous donne des informations sur l\u2019inventaire \u00e0 la minute pr\u00e8s, et l\u2019int\u00e9gration avec votre r\u00e9seau principal se fait tr\u00e8s en douceur. \u00bb<\/p>\t\t\t\t\t\t\t\t<\/div>\n\t\t\t\t<\/div>\n\t\t\t\t\t<\/div>\n\t\t<\/div>\n\t\t\t\t<div class=\"elementor-column elementor-col-50 elementor-inner-column elementor-element elementor-element-a928d4e\" data-id=\"a928d4e\" data-element_type=\"column\" data-e-type=\"column\" data-settings=\"{&quot;background_background&quot;:&quot;classic&quot;}\">\n\t\t\t<div class=\"elementor-widget-wrap elementor-element-populated\">\n\t\t\t\t\t\t<div class=\"elementor-element elementor-element-e0e37c7 elementor-widget elementor-widget-image\" data-id=\"e0e37c7\" data-element_type=\"widget\" data-e-type=\"widget\" data-widget_type=\"image.default\">\n\t\t\t\t<div class=\"elementor-widget-container\">\n\t\t\t\t\t\t\t\t\t\t\t\t\t\t\t<img loading=\"lazy\" decoding=\"async\" width=\"626\" height=\"250\" src=\"https:\/\/planograma.com\/wp-content\/uploads\/2023\/02\/tools-industry.png\" class=\"attachment-large size-large wp-image-9401\" alt=\"\" srcset=\"https:\/\/planograma.com\/wp-content\/uploads\/2023\/02\/tools-industry.png 626w, https:\/\/planograma.com\/wp-content\/uploads\/2023\/02\/tools-industry-300x120.png 300w\" sizes=\"(max-width: 626px) 100vw, 626px\" \/>\t\t\t\t\t\t\t\t\t\t\t\t\t\t\t<\/div>\n\t\t\t\t<\/div>\n\t\t\t\t<div class=\"elementor-element elementor-element-80965f9 elementor-widget elementor-widget-image\" data-id=\"80965f9\" data-element_type=\"widget\" data-e-type=\"widget\" data-widget_type=\"image.default\">\n\t\t\t\t<div class=\"elementor-widget-container\">\n\t\t\t\t\t\t\t\t\t\t\t\t\t\t\t<img loading=\"lazy\" decoding=\"async\" width=\"500\" height=\"300\" src=\"https:\/\/planograma.com\/wp-content\/uploads\/2023\/02\/wunderhaff.png\" class=\"attachment-large size-large wp-image-9407\" alt=\"\" srcset=\"https:\/\/planograma.com\/wp-content\/uploads\/2023\/02\/wunderhaff.png 500w, https:\/\/planograma.com\/wp-content\/uploads\/2023\/02\/wunderhaff-300x180.png 300w\" sizes=\"(max-width: 500px) 100vw, 500px\" \/>\t\t\t\t\t\t\t\t\t\t\t\t\t\t\t<\/div>\n\t\t\t\t<\/div>\n\t\t\t\t<div class=\"elementor-element elementor-element-ca31d15 elementor-widget elementor-widget-text-editor\" data-id=\"ca31d15\" data-element_type=\"widget\" data-e-type=\"widget\" data-widget_type=\"text-editor.default\">\n\t\t\t\t<div class=\"elementor-widget-container\">\n\t\t\t\t\t\t\t\t\t<p>\u00ab Je n\u2019h\u00e9siterais pas \u00e0 recommander Planograma \u00e0 n\u2019importe quelle entreprise, quelle que soit sa taille. C\u2019est un outil puissant pour la croissance de l\u2019entreprise, adapt\u00e9 \u00e0 nos besoins sp\u00e9cifiques. Un grand merci \u00e0 l\u2019\u00e9quipe d\u2019assistance pour avoir fourni des r\u00e9ponses rapides et fiables \u00e0 nos demandes. \u00bb<\/p>\t\t\t\t\t\t\t\t<\/div>\n\t\t\t\t<\/div>\n\t\t\t\t\t<\/div>\n\t\t<\/div>\n\t\t\t\t\t<\/div>\n\t\t<\/section>\n\t\t\t\t<section class=\"elementor-section elementor-inner-section elementor-element elementor-element-a21010c elementor-section-boxed elementor-section-height-default elementor-section-height-default\" data-id=\"a21010c\" data-element_type=\"section\" data-e-type=\"section\" data-settings=\"{&quot;_ha_eqh_enable&quot;:false}\">\n\t\t\t\t\t\t<div class=\"elementor-container elementor-column-gap-default\">\n\t\t\t\t\t<div class=\"elementor-column elementor-col-100 elementor-inner-column elementor-element elementor-element-83c138d\" data-id=\"83c138d\" data-element_type=\"column\" data-e-type=\"column\" data-settings=\"{&quot;background_background&quot;:&quot;classic&quot;}\">\n\t\t\t<div class=\"elementor-widget-wrap\">\n\t\t\t\t\t\t\t<\/div>\n\t\t<\/div>\n\t\t\t\t\t<\/div>\n\t\t<\/section>\n\t\t\t\t\t<\/div>\n\t\t<\/div>\n\t\t\t\t\t<\/div>\n\t\t<\/section>\n\t\t\t\t<\/div>\n\t\t","protected":false},"excerpt":{"rendered":"<p>Recueillez des informations pertinentes pour commencer votre transformation num\u00e9rique. \u00ab Avant d\u2019utiliser Planograma, nous avions \u00e9norm\u00e9ment de mal \u00e0 suivre les mouvements de marchandises. \u00c0 mesure que notre entreprise se d\u00e9veloppait, cela devenait de plus en plus frustrant. D\u00e8s le premier mois d\u2019utilisation comme solution WMS, nous avons b\u00e9n\u00e9fici\u00e9 d\u2019une mobilit\u00e9 et d\u2019un acc\u00e8s facile [&hellip;]<\/p>\n","protected":false},"author":14,"featured_media":0,"parent":0,"menu_order":0,"comment_status":"closed","ping_status":"closed","template":"elementor_header_footer","meta":{"footnotes":""},"class_list":["post-9396","page","type-page","status-publish","hentry"],"yoast_head":"<!-- This site is optimized with the Yoast SEO plugin v27.3 - https:\/\/yoast.com\/product\/yoast-seo-wordpress\/ -->\n<title>Clients | Planograma<\/title>\n<meta name=\"robots\" content=\"index, follow, max-snippet:-1, max-image-preview:large, max-video-preview:-1\" \/>\n<link rel=\"canonical\" href=\"https:\/\/planograma.com\/fr\/clients\" \/>\n<meta property=\"og:locale\" content=\"fr_FR\" \/>\n<meta property=\"og:type\" content=\"article\" \/>\n<meta property=\"og:title\" content=\"Clients | Planograma\" \/>\n<meta property=\"og:description\" content=\"Recueillez des informations pertinentes pour commencer votre transformation num\u00e9rique. \u00ab Avant d\u2019utiliser Planograma, nous avions \u00e9norm\u00e9ment de mal \u00e0 suivre les mouvements de marchandises. \u00c0 mesure que notre entreprise se d\u00e9veloppait, cela devenait de plus en plus frustrant. D\u00e8s le premier mois d\u2019utilisation comme solution WMS, nous avons b\u00e9n\u00e9fici\u00e9 d\u2019une mobilit\u00e9 et d\u2019un acc\u00e8s facile [&hellip;]\" \/>\n<meta property=\"og:url\" content=\"https:\/\/planograma.com\/fr\/clients\" \/>\n<meta property=\"og:site_name\" content=\"Planograma\" \/>\n<meta property=\"article:modified_time\" content=\"2026-04-17T11:33:55+00:00\" \/>\n<meta property=\"og:image\" content=\"https:\/\/planograma.com\/wp-content\/uploads\/2023\/02\/olive-oil-industry.png\" \/>\n\t<meta property=\"og:image:width\" content=\"626\" \/>\n\t<meta property=\"og:image:height\" content=\"250\" \/>\n\t<meta property=\"og:image:type\" content=\"image\/png\" \/>\n<meta name=\"twitter:card\" content=\"summary_large_image\" \/>\n<meta name=\"twitter:label1\" content=\"Dur\u00e9e de lecture estim\u00e9e\" \/>\n\t<meta name=\"twitter:data1\" content=\"1 minute\" \/>\n<script type=\"application\/ld+json\" class=\"yoast-schema-graph\">{\"@context\":\"https:\\\/\\\/schema.org\",\"@graph\":[{\"@type\":\"WebPage\",\"@id\":\"https:\\\/\\\/planograma.com\\\/fr\\\/clients\",\"url\":\"https:\\\/\\\/planograma.com\\\/fr\\\/clients\",\"name\":\"Clients | Planograma\",\"isPartOf\":{\"@id\":\"https:\\\/\\\/planograma.com\\\/fr#website\"},\"primaryImageOfPage\":{\"@id\":\"https:\\\/\\\/planograma.com\\\/fr\\\/clients#primaryimage\"},\"image\":{\"@id\":\"https:\\\/\\\/planograma.com\\\/fr\\\/clients#primaryimage\"},\"thumbnailUrl\":\"https:\\\/\\\/planograma.com\\\/wp-content\\\/uploads\\\/2023\\\/02\\\/olive-oil-industry.png\",\"datePublished\":\"2023-02-14T10:11:22+00:00\",\"dateModified\":\"2026-04-17T11:33:55+00:00\",\"breadcrumb\":{\"@id\":\"https:\\\/\\\/planograma.com\\\/fr\\\/clients#breadcrumb\"},\"inLanguage\":\"fr-FR\",\"potentialAction\":[{\"@type\":\"ReadAction\",\"target\":[\"https:\\\/\\\/planograma.com\\\/fr\\\/clients\"]}]},{\"@type\":\"ImageObject\",\"inLanguage\":\"fr-FR\",\"@id\":\"https:\\\/\\\/planograma.com\\\/fr\\\/clients#primaryimage\",\"url\":\"https:\\\/\\\/planograma.com\\\/wp-content\\\/uploads\\\/2023\\\/02\\\/olive-oil-industry.png\",\"contentUrl\":\"https:\\\/\\\/planograma.com\\\/wp-content\\\/uploads\\\/2023\\\/02\\\/olive-oil-industry.png\"},{\"@type\":\"BreadcrumbList\",\"@id\":\"https:\\\/\\\/planograma.com\\\/fr\\\/clients#breadcrumb\",\"itemListElement\":[{\"@type\":\"ListItem\",\"position\":1,\"name\":\"Accueil\",\"item\":\"https:\\\/\\\/planograma.com\\\/fr\\\/accueil\"},{\"@type\":\"ListItem\",\"position\":2,\"name\":\"Clients\"}]},{\"@type\":\"WebSite\",\"@id\":\"https:\\\/\\\/planograma.com\\\/fr#website\",\"url\":\"https:\\\/\\\/planograma.com\\\/fr\",\"name\":\"Planograma\",\"description\":\"Solution WMS cloud professionnelle\",\"publisher\":{\"@id\":\"https:\\\/\\\/planograma.com\\\/fr#organization\"},\"potentialAction\":[{\"@type\":\"SearchAction\",\"target\":{\"@type\":\"EntryPoint\",\"urlTemplate\":\"https:\\\/\\\/planograma.com\\\/fr?s={search_term_string}\"},\"query-input\":{\"@type\":\"PropertyValueSpecification\",\"valueRequired\":true,\"valueName\":\"search_term_string\"}}],\"inLanguage\":\"fr-FR\"},{\"@type\":\"Organization\",\"@id\":\"https:\\\/\\\/planograma.com\\\/fr#organization\",\"name\":\"Planograma\",\"url\":\"https:\\\/\\\/planograma.com\\\/fr\",\"logo\":{\"@type\":\"ImageObject\",\"inLanguage\":\"fr-FR\",\"@id\":\"https:\\\/\\\/planograma.com\\\/fr#\\\/schema\\\/logo\\\/image\\\/\",\"url\":\"https:\\\/\\\/planograma.com\\\/wp-content\\\/uploads\\\/2021\\\/03\\\/logo-planograma-200-x-200-px.jpg\",\"contentUrl\":\"https:\\\/\\\/planograma.com\\\/wp-content\\\/uploads\\\/2021\\\/03\\\/logo-planograma-200-x-200-px.jpg\",\"width\":200,\"height\":200,\"caption\":\"Planograma\"},\"image\":{\"@id\":\"https:\\\/\\\/planograma.com\\\/fr#\\\/schema\\\/logo\\\/image\\\/\"}}]}<\/script>\n<!-- \/ Yoast SEO plugin. -->","yoast_head_json":{"title":"Clients | Planograma","robots":{"index":"index","follow":"follow","max-snippet":"max-snippet:-1","max-image-preview":"max-image-preview:large","max-video-preview":"max-video-preview:-1"},"canonical":"https:\/\/planograma.com\/fr\/clients","og_locale":"fr_FR","og_type":"article","og_title":"Clients | Planograma","og_description":"Recueillez des informations pertinentes pour commencer votre transformation num\u00e9rique. \u00ab Avant d\u2019utiliser Planograma, nous avions \u00e9norm\u00e9ment de mal \u00e0 suivre les mouvements de marchandises. \u00c0 mesure que notre entreprise se d\u00e9veloppait, cela devenait de plus en plus frustrant. D\u00e8s le premier mois d\u2019utilisation comme solution WMS, nous avons b\u00e9n\u00e9fici\u00e9 d\u2019une mobilit\u00e9 et d\u2019un acc\u00e8s facile [&hellip;]","og_url":"https:\/\/planograma.com\/fr\/clients","og_site_name":"Planograma","article_modified_time":"2026-04-17T11:33:55+00:00","og_image":[{"width":626,"height":250,"url":"https:\/\/planograma.com\/wp-content\/uploads\/2023\/02\/olive-oil-industry.png","type":"image\/png"}],"twitter_card":"summary_large_image","twitter_misc":{"Dur\u00e9e de lecture estim\u00e9e":"1 minute"},"schema":{"@context":"https:\/\/schema.org","@graph":[{"@type":"WebPage","@id":"https:\/\/planograma.com\/fr\/clients","url":"https:\/\/planograma.com\/fr\/clients","name":"Clients | Planograma","isPartOf":{"@id":"https:\/\/planograma.com\/fr#website"},"primaryImageOfPage":{"@id":"https:\/\/planograma.com\/fr\/clients#primaryimage"},"image":{"@id":"https:\/\/planograma.com\/fr\/clients#primaryimage"},"thumbnailUrl":"https:\/\/planograma.com\/wp-content\/uploads\/2023\/02\/olive-oil-industry.png","datePublished":"2023-02-14T10:11:22+00:00","dateModified":"2026-04-17T11:33:55+00:00","breadcrumb":{"@id":"https:\/\/planograma.com\/fr\/clients#breadcrumb"},"inLanguage":"fr-FR","potentialAction":[{"@type":"ReadAction","target":["https:\/\/planograma.com\/fr\/clients"]}]},{"@type":"ImageObject","inLanguage":"fr-FR","@id":"https:\/\/planograma.com\/fr\/clients#primaryimage","url":"https:\/\/planograma.com\/wp-content\/uploads\/2023\/02\/olive-oil-industry.png","contentUrl":"https:\/\/planograma.com\/wp-content\/uploads\/2023\/02\/olive-oil-industry.png"},{"@type":"BreadcrumbList","@id":"https:\/\/planograma.com\/fr\/clients#breadcrumb","itemListElement":[{"@type":"ListItem","position":1,"name":"Accueil","item":"https:\/\/planograma.com\/fr\/accueil"},{"@type":"ListItem","position":2,"name":"Clients"}]},{"@type":"WebSite","@id":"https:\/\/planograma.com\/fr#website","url":"https:\/\/planograma.com\/fr","name":"Planograma","description":"Solution WMS cloud professionnelle","publisher":{"@id":"https:\/\/planograma.com\/fr#organization"},"potentialAction":[{"@type":"SearchAction","target":{"@type":"EntryPoint","urlTemplate":"https:\/\/planograma.com\/fr?s={search_term_string}"},"query-input":{"@type":"PropertyValueSpecification","valueRequired":true,"valueName":"search_term_string"}}],"inLanguage":"fr-FR"},{"@type":"Organization","@id":"https:\/\/planograma.com\/fr#organization","name":"Planograma","url":"https:\/\/planograma.com\/fr","logo":{"@type":"ImageObject","inLanguage":"fr-FR","@id":"https:\/\/planograma.com\/fr#\/schema\/logo\/image\/","url":"https:\/\/planograma.com\/wp-content\/uploads\/2021\/03\/logo-planograma-200-x-200-px.jpg","contentUrl":"https:\/\/planograma.com\/wp-content\/uploads\/2021\/03\/logo-planograma-200-x-200-px.jpg","width":200,"height":200,"caption":"Planograma"},"image":{"@id":"https:\/\/planograma.com\/fr#\/schema\/logo\/image\/"}}]}},"_links":{"self":[{"href":"https:\/\/planograma.com\/fr\/wp-json\/wp\/v2\/pages\/9396","targetHints":{"allow":["GET"]}}],"collection":[{"href":"https:\/\/planograma.com\/fr\/wp-json\/wp\/v2\/pages"}],"about":[{"href":"https:\/\/planograma.com\/fr\/wp-json\/wp\/v2\/types\/page"}],"author":[{"embeddable":true,"href":"https:\/\/planograma.com\/fr\/wp-json\/wp\/v2\/users\/14"}],"replies":[{"embeddable":true,"href":"https:\/\/planograma.com\/fr\/wp-json\/wp\/v2\/comments?post=9396"}],"version-history":[{"count":1,"href":"https:\/\/planograma.com\/fr\/wp-json\/wp\/v2\/pages\/9396\/revisions"}],"predecessor-version":[{"id":9409,"href":"https:\/\/planograma.com\/fr\/wp-json\/wp\/v2\/pages\/9396\/revisions\/9409"}],"wp:attachment":[{"href":"https:\/\/planograma.com\/fr\/wp-json\/wp\/v2\/media?parent=9396"}],"curies":[{"name":"wp","href":"https:\/\/api.w.org\/{rel}","templated":true}]}}