{"id":9436,"date":"2021-02-01T15:23:38","date_gmt":"2021-02-01T15:23:38","guid":{"rendered":"https:\/\/planograma.com\/politique-relative-aux-cookies"},"modified":"2026-04-17T11:35:27","modified_gmt":"2026-04-17T11:35:27","slug":"politique-relative-aux-cookies","status":"publish","type":"page","link":"https:\/\/planograma.com\/fr\/politique-relative-aux-cookies","title":{"rendered":"Politique relative aux cookies"},"content":{"rendered":"\t\t<div data-elementor-type=\"wp-page\" data-elementor-id=\"9436\" class=\"elementor elementor-9436 elementor-3299\" data-elementor-settings=\"{&quot;ha_cmc_init_switcher&quot;:&quot;no&quot;}\" data-elementor-post-type=\"page\">\n\t\t\t\t\t\t<section class=\"elementor-section elementor-top-section elementor-element elementor-element-58c5312 elementor-section-boxed elementor-section-height-default elementor-section-height-default\" data-id=\"58c5312\" data-element_type=\"section\" data-e-type=\"section\" data-settings=\"{&quot;_ha_eqh_enable&quot;:false}\">\n\t\t\t\t\t\t<div class=\"elementor-container elementor-column-gap-default\">\n\t\t\t\t\t<div class=\"elementor-column elementor-col-100 elementor-top-column elementor-element elementor-element-6e3be2b\" data-id=\"6e3be2b\" data-element_type=\"column\" data-e-type=\"column\">\n\t\t\t<div class=\"elementor-widget-wrap elementor-element-populated\">\n\t\t\t\t\t\t<div class=\"elementor-element elementor-element-b4ee990 elementor-widget elementor-widget-text-editor\" data-id=\"b4ee990\" data-element_type=\"widget\" data-e-type=\"widget\" data-widget_type=\"text-editor.default\">\n\t\t\t\t<div class=\"elementor-widget-container\">\n\t\t\t\t\t\t\t\t\t<h1><span style=\"color: #7bc144;\"><b>Politique relative aux cookies<\/b> <\/span><\/h1><p><span data-contrast=\"auto\">Chez Planograma, nous accordons une grande importance \u00e0 la confidentialit\u00e9 de vos donn\u00e9es et nous nous engageons \u00e0 les prot\u00e9ger. La pr\u00e9sente politique de confidentialit\u00e9 explique quelles informations nous collectons \u00e0 votre sujet et pourquoi, ce que nous faisons de ces informations et comment nous les traitons. Le pr\u00e9sent avis s\u2019applique \u00e0 l\u2019ensemble des sites web que nous poss\u00e9dons et exploitons, ainsi qu\u2019\u00e0 tous les services que nous fournissons, y compris notre plateforme en ligne, notre application mobile et tout autre service que nous pourrions proposer (par exemple, des \u00e9v\u00e9nements ou des formations). Aux fins du pr\u00e9sent avis, nous les appellerons simplement nos \u00ab services \u00bb.   <\/span><span data-ccp-props=\"{\"> <\/span><\/p><p><span data-contrast=\"auto\">Lorsque nous faisons r\u00e9f\u00e9rence \u00e0 \u00ab nous \u00bb (ou \u00ab notre \u00bb ou \u00ab nos \u00bb), cela d\u00e9signe <b>Planograma S.R.L.<\/b>. Notre si\u00e8ge social est situ\u00e9 \u00e0 Mehadia 41, district 6, Bucarest, Roumanie. <\/span><span data-ccp-props=\"{\"> <\/span><\/p><ol><li><h5><b>  Qu\u2019est-ce qu\u2019un cookie ?<\/b><\/h5><\/li><\/ol><p><span data-contrast=\"auto\">Un cookie est un petit \u00e9l\u00e9ment de donn\u00e9es (fichier texte) qu\u2019un site web \u2013 lorsqu\u2019il est visit\u00e9 par un utilisateur \u2013 demande \u00e0 votre navigateur d\u2019enregistrer sur votre appareil afin de m\u00e9moriser des informations vous concernant, telles que votre pr\u00e9f\u00e9rence linguistique ou vos informations de connexion. Ces cookies sont d\u00e9pos\u00e9s par nous et sont appel\u00e9s cookies internes (first-party). Nous utilisons \u00e9galement des cookies tiers \u2013 c\u2019est-\u00e0-dire des cookies provenant d\u2019un domaine diff\u00e9rent de celui du site web que vous visitez \u2013 pour nos actions publicitaires et marketing.    <\/span><span data-ccp-props=\"{\"> <\/span><\/p><ol start=\"2\"><li><h5><b>Quels types de cookies Planograma utilise-t-il ?<\/b> <\/h5><\/li><\/ol><p><span data-contrast=\"auto\">Nous utilisons des cookies et d\u2019autres technologies de suivi aux fins suivantes :<\/span><span data-ccp-props=\"{\"> <\/span><\/p><ul><li><span style=\"color: #7bc144;\"><b><i>Cookies n\u00e9cessaires<\/i><\/b><b> : <\/b><\/span><span data-contrast=\"auto\">Ces cookies sont n\u00e9cessaires au fonctionnement du site web et ne peuvent pas \u00eatre d\u00e9sactiv\u00e9s dans nos syst\u00e8mes. Ces cookies sont n\u00e9cessaires au fonctionnement du site web et ne peuvent pas \u00eatre d\u00e9sactiv\u00e9s dans nos syst\u00e8mes. Ils sont g\u00e9n\u00e9ralement d\u00e9pos\u00e9s uniquement en r\u00e9ponse \u00e0 des actions de votre part correspondant \u00e0 une demande de services, telles que la d\u00e9finition de vos pr\u00e9f\u00e9rences de confidentialit\u00e9, la connexion ou le remplissage de formulaires.<\/span><span data-ccp-props=\"{\"> <\/span><\/li><li><span style=\"color: #7bc144;\"><b><i>Cookies fonctionnels<\/i><\/b><b> : <\/b><\/span><span data-contrast=\"auto\">Ces cookies permettent au site web d\u2019offrir des fonctionnalit\u00e9s am\u00e9lior\u00e9es et une personnalisation. Ils peuvent \u00eatre d\u00e9pos\u00e9s par nous ou par des prestataires tiers dont nous avons ajout\u00e9 les services \u00e0 nos pages. Si vous n\u2019autorisez pas ces cookies, certains ou l\u2019ensemble de ces services peuvent ne pas fonctionner correctement.<\/span><span data-ccp-props=\"{\"> <\/span><\/li><li><span style=\"color: #7bc144;\"><b><i>Cookies statistiques : <\/i><\/b><\/span><span data-contrast=\"auto\">Ces cookies aident les propri\u00e9taires de sites \u00e0 comprendre comment les visiteurs interagissent avec les sites web en collectant et en transmettant des informations anonymes.<\/span><span data-ccp-props=\"{\"> <\/span><\/li><li><b><i><span data-contrast=\"auto\"><span style=\"color: #7bc144;\">Cookies marketing<\/span>: <\/span><\/i><\/b><span data-contrast=\"auto\">Ces cookies suivent votre activit\u00e9 en ligne afin d\u2019aider les annonceurs \u00e0 diffuser des publicit\u00e9s plus pertinentes ou \u00e0 limiter le nombre de fois o\u00f9 vous voyez une annonce. Ces cookies peuvent partager ces informations avec d\u2019autres organisations ou annonceurs. Il s\u2019agit de cookies persistants et presque toujours d\u2019origine tierce.<\/span><span data-ccp-props=\"{\"> <\/span><\/li><\/ul><ul><li data-leveltext=\"\uf0b7\" data-font=\"Symbol\" data-listid=\"11\" aria-setsize=\"-1\" data-aria-posinset=\"29\" data-aria-level=\"1\"><span style=\"color: #7bc144;\"><b><i>Cookies des r\u00e9seaux sociaux :<\/i><\/b><\/span><span data-contrast=\"auto\"> Les cookies des r\u00e9seaux sociaux permettent aux utilisateurs d\u2019interagir plus facilement avec les r\u00e9seaux sociaux, tels que Facebook et Instagram. Nous ne contr\u00f4lons pas les cookies des r\u00e9seaux sociaux et ils ne nous permettent pas d\u2019acc\u00e9der \u00e0 vos comptes sur les r\u00e9seaux sociaux. Veuillez consulter les politiques de confidentialit\u00e9 de la plateforme de r\u00e9seau social concern\u00e9e pour obtenir des informations sur leurs cookies.<\/span><span data-ccp-props=\"{\"> <\/span><\/li><\/ul>\t\t\t\t\t\t\t\t<\/div>\n\t\t\t\t<\/div>\n\t\t\t\t\t<\/div>\n\t\t<\/div>\n\t\t\t\t\t<\/div>\n\t\t<\/section>\n\t\t\t\t<\/div>\n\t\t","protected":false},"excerpt":{"rendered":"<p>Politique relative aux cookies Chez Planograma, nous accordons une grande importance \u00e0 la confidentialit\u00e9 de vos donn\u00e9es et nous nous engageons \u00e0 les prot\u00e9ger. La pr\u00e9sente politique de confidentialit\u00e9 explique quelles informations nous collectons \u00e0 votre sujet et pourquoi, ce que nous faisons de ces informations et comment nous les traitons. Le pr\u00e9sent avis s\u2019applique [&hellip;]<\/p>\n","protected":false},"author":14,"featured_media":0,"parent":0,"menu_order":0,"comment_status":"closed","ping_status":"closed","template":"elementor_header_footer","meta":{"footnotes":""},"class_list":["post-9436","page","type-page","status-publish","hentry"],"yoast_head":"<!-- This site is optimized with the Yoast SEO plugin v27.3 - https:\/\/yoast.com\/product\/yoast-seo-wordpress\/ -->\n<title>Politique relative aux cookies | Planograma<\/title>\n<meta name=\"description\" content=\"Chez Planograma, nous accordons une grande importance \u00e0 la confidentialit\u00e9 de vos donn\u00e9es et nous nous engageons \u00e0 les prot\u00e9ger. Consultez notre politique relative aux cookies.\" \/>\n<meta name=\"robots\" content=\"index, follow, max-snippet:-1, max-image-preview:large, max-video-preview:-1\" \/>\n<link rel=\"canonical\" href=\"https:\/\/planograma.com\/fr\/politique-relative-aux-cookies\" \/>\n<meta property=\"og:locale\" content=\"fr_FR\" \/>\n<meta property=\"og:type\" content=\"article\" \/>\n<meta property=\"og:title\" content=\"Politique relative aux cookies - Planograma\" \/>\n<meta property=\"og:description\" content=\"Chez Planograma, nous accordons une grande importance \u00e0 la confidentialit\u00e9 de vos donn\u00e9es et nous nous engageons \u00e0 les prot\u00e9ger. Consultez notre politique relative aux cookies.\" \/>\n<meta property=\"og:url\" content=\"https:\/\/planograma.com\/fr\/politique-relative-aux-cookies\" \/>\n<meta property=\"og:site_name\" content=\"Planograma\" \/>\n<meta property=\"article:modified_time\" content=\"2026-04-17T11:35:27+00:00\" \/>\n<meta property=\"og:image\" content=\"https:\/\/planograma.com\/wp-content\/uploads\/2021\/03\/logo-planograma-200-x-200-px.jpg\" \/>\n<meta name=\"twitter:card\" content=\"summary_large_image\" \/>\n<meta name=\"twitter:title\" content=\"Politique relative aux cookies - Planograma\" \/>\n<meta name=\"twitter:description\" content=\"Chez Planograma, nous accordons une grande importance \u00e0 la confidentialit\u00e9 de vos donn\u00e9es et nous nous engageons \u00e0 les prot\u00e9ger. Consultez notre politique relative aux cookies.\" \/>\n<meta name=\"twitter:image\" content=\"https:\/\/planograma.com\/wp-content\/uploads\/2021\/03\/logo-planograma-200-x-200-px.jpg\" \/>\n<meta name=\"twitter:label1\" content=\"Dur\u00e9e de lecture estim\u00e9e\" \/>\n\t<meta name=\"twitter:data1\" content=\"3 minutes\" \/>\n<script type=\"application\/ld+json\" class=\"yoast-schema-graph\">{\"@context\":\"https:\\\/\\\/schema.org\",\"@graph\":[{\"@type\":\"WebPage\",\"@id\":\"https:\\\/\\\/planograma.com\\\/fr\\\/politique-relative-aux-cookies\",\"url\":\"https:\\\/\\\/planograma.com\\\/fr\\\/politique-relative-aux-cookies\",\"name\":\"Politique relative aux cookies | Planograma\",\"isPartOf\":{\"@id\":\"https:\\\/\\\/planograma.com\\\/fr#website\"},\"datePublished\":\"2021-02-01T15:23:38+00:00\",\"dateModified\":\"2026-04-17T11:35:27+00:00\",\"description\":\"Chez Planograma, nous accordons une grande importance \u00e0 la confidentialit\u00e9 de vos donn\u00e9es et nous nous engageons \u00e0 les prot\u00e9ger. Consultez notre politique relative aux cookies.\",\"breadcrumb\":{\"@id\":\"https:\\\/\\\/planograma.com\\\/fr\\\/politique-relative-aux-cookies#breadcrumb\"},\"inLanguage\":\"fr-FR\",\"potentialAction\":[{\"@type\":\"ReadAction\",\"target\":[\"https:\\\/\\\/planograma.com\\\/fr\\\/politique-relative-aux-cookies\"]}]},{\"@type\":\"BreadcrumbList\",\"@id\":\"https:\\\/\\\/planograma.com\\\/fr\\\/politique-relative-aux-cookies#breadcrumb\",\"itemListElement\":[{\"@type\":\"ListItem\",\"position\":1,\"name\":\"Accueil\",\"item\":\"https:\\\/\\\/planograma.com\\\/fr\\\/accueil\"},{\"@type\":\"ListItem\",\"position\":2,\"name\":\"Politique relative aux cookies\"}]},{\"@type\":\"WebSite\",\"@id\":\"https:\\\/\\\/planograma.com\\\/fr#website\",\"url\":\"https:\\\/\\\/planograma.com\\\/fr\",\"name\":\"Planograma\",\"description\":\"Solution WMS cloud professionnelle\",\"publisher\":{\"@id\":\"https:\\\/\\\/planograma.com\\\/fr#organization\"},\"potentialAction\":[{\"@type\":\"SearchAction\",\"target\":{\"@type\":\"EntryPoint\",\"urlTemplate\":\"https:\\\/\\\/planograma.com\\\/fr?s={search_term_string}\"},\"query-input\":{\"@type\":\"PropertyValueSpecification\",\"valueRequired\":true,\"valueName\":\"search_term_string\"}}],\"inLanguage\":\"fr-FR\"},{\"@type\":\"Organization\",\"@id\":\"https:\\\/\\\/planograma.com\\\/fr#organization\",\"name\":\"Planograma\",\"url\":\"https:\\\/\\\/planograma.com\\\/fr\",\"logo\":{\"@type\":\"ImageObject\",\"inLanguage\":\"fr-FR\",\"@id\":\"https:\\\/\\\/planograma.com\\\/fr#\\\/schema\\\/logo\\\/image\\\/\",\"url\":\"https:\\\/\\\/planograma.com\\\/wp-content\\\/uploads\\\/2021\\\/03\\\/logo-planograma-200-x-200-px.jpg\",\"contentUrl\":\"https:\\\/\\\/planograma.com\\\/wp-content\\\/uploads\\\/2021\\\/03\\\/logo-planograma-200-x-200-px.jpg\",\"width\":200,\"height\":200,\"caption\":\"Planograma\"},\"image\":{\"@id\":\"https:\\\/\\\/planograma.com\\\/fr#\\\/schema\\\/logo\\\/image\\\/\"}}]}<\/script>\n<!-- \/ Yoast SEO plugin. -->","yoast_head_json":{"title":"Politique relative aux cookies | Planograma","description":"Chez Planograma, nous accordons une grande importance \u00e0 la confidentialit\u00e9 de vos donn\u00e9es et nous nous engageons \u00e0 les prot\u00e9ger. Consultez notre politique relative aux cookies.","robots":{"index":"index","follow":"follow","max-snippet":"max-snippet:-1","max-image-preview":"max-image-preview:large","max-video-preview":"max-video-preview:-1"},"canonical":"https:\/\/planograma.com\/fr\/politique-relative-aux-cookies","og_locale":"fr_FR","og_type":"article","og_title":"Politique relative aux cookies - Planograma","og_description":"Chez Planograma, nous accordons une grande importance \u00e0 la confidentialit\u00e9 de vos donn\u00e9es et nous nous engageons \u00e0 les prot\u00e9ger. Consultez notre politique relative aux cookies.","og_url":"https:\/\/planograma.com\/fr\/politique-relative-aux-cookies","og_site_name":"Planograma","article_modified_time":"2026-04-17T11:35:27+00:00","og_image":[{"url":"https:\/\/planograma.com\/wp-content\/uploads\/2021\/03\/logo-planograma-200-x-200-px.jpg","type":"","width":"","height":""}],"twitter_card":"summary_large_image","twitter_title":"Politique relative aux cookies - Planograma","twitter_description":"Chez Planograma, nous accordons une grande importance \u00e0 la confidentialit\u00e9 de vos donn\u00e9es et nous nous engageons \u00e0 les prot\u00e9ger. Consultez notre politique relative aux cookies.","twitter_image":"https:\/\/planograma.com\/wp-content\/uploads\/2021\/03\/logo-planograma-200-x-200-px.jpg","twitter_misc":{"Dur\u00e9e de lecture estim\u00e9e":"3 minutes"},"schema":{"@context":"https:\/\/schema.org","@graph":[{"@type":"WebPage","@id":"https:\/\/planograma.com\/fr\/politique-relative-aux-cookies","url":"https:\/\/planograma.com\/fr\/politique-relative-aux-cookies","name":"Politique relative aux cookies | Planograma","isPartOf":{"@id":"https:\/\/planograma.com\/fr#website"},"datePublished":"2021-02-01T15:23:38+00:00","dateModified":"2026-04-17T11:35:27+00:00","description":"Chez Planograma, nous accordons une grande importance \u00e0 la confidentialit\u00e9 de vos donn\u00e9es et nous nous engageons \u00e0 les prot\u00e9ger. Consultez notre politique relative aux cookies.","breadcrumb":{"@id":"https:\/\/planograma.com\/fr\/politique-relative-aux-cookies#breadcrumb"},"inLanguage":"fr-FR","potentialAction":[{"@type":"ReadAction","target":["https:\/\/planograma.com\/fr\/politique-relative-aux-cookies"]}]},{"@type":"BreadcrumbList","@id":"https:\/\/planograma.com\/fr\/politique-relative-aux-cookies#breadcrumb","itemListElement":[{"@type":"ListItem","position":1,"name":"Accueil","item":"https:\/\/planograma.com\/fr\/accueil"},{"@type":"ListItem","position":2,"name":"Politique relative aux cookies"}]},{"@type":"WebSite","@id":"https:\/\/planograma.com\/fr#website","url":"https:\/\/planograma.com\/fr","name":"Planograma","description":"Solution WMS cloud professionnelle","publisher":{"@id":"https:\/\/planograma.com\/fr#organization"},"potentialAction":[{"@type":"SearchAction","target":{"@type":"EntryPoint","urlTemplate":"https:\/\/planograma.com\/fr?s={search_term_string}"},"query-input":{"@type":"PropertyValueSpecification","valueRequired":true,"valueName":"search_term_string"}}],"inLanguage":"fr-FR"},{"@type":"Organization","@id":"https:\/\/planograma.com\/fr#organization","name":"Planograma","url":"https:\/\/planograma.com\/fr","logo":{"@type":"ImageObject","inLanguage":"fr-FR","@id":"https:\/\/planograma.com\/fr#\/schema\/logo\/image\/","url":"https:\/\/planograma.com\/wp-content\/uploads\/2021\/03\/logo-planograma-200-x-200-px.jpg","contentUrl":"https:\/\/planograma.com\/wp-content\/uploads\/2021\/03\/logo-planograma-200-x-200-px.jpg","width":200,"height":200,"caption":"Planograma"},"image":{"@id":"https:\/\/planograma.com\/fr#\/schema\/logo\/image\/"}}]}},"_links":{"self":[{"href":"https:\/\/planograma.com\/fr\/wp-json\/wp\/v2\/pages\/9436","targetHints":{"allow":["GET"]}}],"collection":[{"href":"https:\/\/planograma.com\/fr\/wp-json\/wp\/v2\/pages"}],"about":[{"href":"https:\/\/planograma.com\/fr\/wp-json\/wp\/v2\/types\/page"}],"author":[{"embeddable":true,"href":"https:\/\/planograma.com\/fr\/wp-json\/wp\/v2\/users\/14"}],"replies":[{"embeddable":true,"href":"https:\/\/planograma.com\/fr\/wp-json\/wp\/v2\/comments?post=9436"}],"version-history":[{"count":1,"href":"https:\/\/planograma.com\/fr\/wp-json\/wp\/v2\/pages\/9436\/revisions"}],"predecessor-version":[{"id":9437,"href":"https:\/\/planograma.com\/fr\/wp-json\/wp\/v2\/pages\/9436\/revisions\/9437"}],"wp:attachment":[{"href":"https:\/\/planograma.com\/fr\/wp-json\/wp\/v2\/media?parent=9436"}],"curies":[{"name":"wp","href":"https:\/\/api.w.org\/{rel}","templated":true}]}}