{"id":9845,"date":"2021-02-01T15:23:38","date_gmt":"2021-02-01T15:23:38","guid":{"rendered":"https:\/\/planograma.com\/cookie-szabalyzat"},"modified":"2026-04-17T12:07:53","modified_gmt":"2026-04-17T12:07:53","slug":"cookie-szabalyzat","status":"publish","type":"page","link":"https:\/\/planograma.com\/hu\/cookie-szabalyzat","title":{"rendered":"Cookie-szab\u00e1lyzat"},"content":{"rendered":"\t\t<div data-elementor-type=\"wp-page\" data-elementor-id=\"9845\" class=\"elementor elementor-9845 elementor-3299\" data-elementor-settings=\"{&quot;ha_cmc_init_switcher&quot;:&quot;no&quot;}\" data-elementor-post-type=\"page\">\n\t\t\t\t\t\t<section class=\"elementor-section elementor-top-section elementor-element elementor-element-58c5312 elementor-section-boxed elementor-section-height-default elementor-section-height-default\" data-id=\"58c5312\" data-element_type=\"section\" data-e-type=\"section\" data-settings=\"{&quot;_ha_eqh_enable&quot;:false}\">\n\t\t\t\t\t\t<div class=\"elementor-container elementor-column-gap-default\">\n\t\t\t\t\t<div class=\"elementor-column elementor-col-100 elementor-top-column elementor-element elementor-element-6e3be2b\" data-id=\"6e3be2b\" data-element_type=\"column\" data-e-type=\"column\">\n\t\t\t<div class=\"elementor-widget-wrap elementor-element-populated\">\n\t\t\t\t\t\t<div class=\"elementor-element elementor-element-b4ee990 elementor-widget elementor-widget-text-editor\" data-id=\"b4ee990\" data-element_type=\"widget\" data-e-type=\"widget\" data-widget_type=\"text-editor.default\">\n\t\t\t\t<div class=\"elementor-widget-container\">\n\t\t\t\t\t\t\t\t\t<h1><span style=\"color: #7bc144;\"><b>Cookie-szab\u00e1lyzat<\/b> <\/span><\/h1><p><span data-contrast=\"auto\">A Planogram\u00e1n\u00e1l fontos sz\u00e1munkra adataid v\u00e9delme, \u00e9s elk\u00f6telezettek vagyunk a meg\u00f3v\u00e1suk ir\u00e1nt. Ez az Adatv\u00e9delmi Szab\u00e1lyzat elmagyar\u00e1zza, milyen adatokat gy\u0171jt\u00fcnk r\u00f3lad \u00e9s mi\u00e9rt, mit tesz\u00fcnk ezekkel az adatokkal, \u00e9s hogyan kezelj\u00fck \u0151ket. Ez a t\u00e1j\u00e9koztat\u00f3 vonatkozik minden \u00e1ltalunk birtokolt \u00e9s \u00fczemeltetett weboldalra, valamint minden \u00e1ltalunk ny\u00fajtott szolg\u00e1ltat\u00e1sra, bele\u00e9rtve online platformunkat, mobilalkalmaz\u00e1sunkat \u00e9s b\u00e1rmely m\u00e1s szolg\u00e1ltat\u00e1sunkat (p\u00e9ld\u00e1ul rendezv\u00e9nyeket vagy k\u00e9pz\u00e9seket). Ennek a t\u00e1j\u00e9koztat\u00f3nak az egyszer\u0171s\u00edt\u00e9se \u00e9rdek\u00e9ben ezeket egyszer\u0171en \u201eszolg\u00e1ltat\u00e1sainknak\u201d nevezz\u00fck.   <\/span><span data-ccp-props=\"{\"> <\/span><\/p><p><span data-contrast=\"auto\">Amikor \u201emi\u201d (vagy \u201emi\u00e9nk\u201d vagy \u201enek\u00fcnk\u201d) kifejez\u00e9st haszn\u00e1lunk, az a <b>Planograma S.R.L.<\/b>-t jelenti. Sz\u00e9khely\u00fcnk a Mehadia 41, 6. ker\u00fclet, Bukarest, Rom\u00e1nia c\u00edmen tal\u00e1lhat\u00f3. <\/span><span data-ccp-props=\"{\"> <\/span><\/p><ol><li><h5><b> Mi az a cookie?<\/b><\/h5><\/li><\/ol><p><span data-contrast=\"auto\">A cookie egy kis adatcsomag (sz\u00f6veges f\u00e1jl), amelyet egy weboldal \u2013 amikor egy felhaszn\u00e1l\u00f3 megl\u00e1togatja \u2013 arra k\u00e9ri a b\u00f6ng\u00e9sz\u0151det, hogy t\u00e1rolja az eszk\u00f6z\u00f6d\u00f6n, hogy megjegyezzen r\u00f3lad bizonyos inform\u00e1ci\u00f3kat, p\u00e9ld\u00e1ul a nyelvi be\u00e1ll\u00edt\u00e1saidat vagy bejelentkez\u00e9si adataidat. Ezeket a cookie-kat mi \u00e1ll\u00edtjuk be, \u00e9s els\u0151 f\u00e9lt\u0151l sz\u00e1rmaz\u00f3 cookie-knak nevezz\u00fck \u0151ket. Harmadik f\u00e9lt\u0151l sz\u00e1rmaz\u00f3 cookie-kat is haszn\u00e1lunk \u2013 amelyek olyan cookie-k, amelyek egy m\u00e1sik domainr\u0151l sz\u00e1rmaznak, mint a megl\u00e1togatott weboldal domainje \u2013 hirdet\u00e9si \u00e9s marketing c\u00e9ljainkra.   <\/span><span data-ccp-props=\"{\"> <\/span><\/p><ol start=\"2\"><li><h5><b>Milyen cookie-kat haszn\u00e1l a Planograma?<\/b> <\/h5><\/li><\/ol><p><span data-contrast=\"auto\">Cookie-kat \u00e9s egy\u00e9b nyomk\u00f6vet\u0151 technol\u00f3gi\u00e1kat haszn\u00e1lunk a k\u00f6vetkez\u0151 c\u00e9lokra:<\/span><span data-ccp-props=\"{\"> <\/span><\/p><ul><li><span style=\"color: #7bc144;\"><b><i>Sz\u00fcks\u00e9ges cookie-k<\/i><\/b><b>: <\/b><\/span><span data-contrast=\"auto\">Ezek a cookie-k sz\u00fcks\u00e9gesek a weboldal m\u0171k\u00f6d\u00e9s\u00e9hez, \u00e9s nem kapcsolhat\u00f3k ki a rendszereinkben. \u00c1ltal\u00e1ban csak az \u00e1ltalad v\u00e9grehajtott m\u0171veletekre reag\u00e1lva ker\u00fclnek be\u00e1ll\u00edt\u00e1sra, amelyek szolg\u00e1ltat\u00e1sok ir\u00e1nti k\u00e9r\u00e9snek min\u0151s\u00fclnek, p\u00e9ld\u00e1ul az adatv\u00e9delmi be\u00e1ll\u00edt\u00e1said megad\u00e1sa, bejelentkez\u00e9s vagy \u0171rlapok kit\u00f6lt\u00e9se.<\/span><span data-ccp-props=\"{\"> <\/span><\/li><li><span style=\"color: #7bc144;\"><b><i>Funkcion\u00e1lis cookie-k<\/i><\/b><b>: <\/b><\/span><span data-contrast=\"auto\">Ezek a cookie-k lehet\u0151v\u00e9 teszik a weboldal sz\u00e1m\u00e1ra, hogy tov\u00e1bbfejlesztett funkcionalit\u00e1st \u00e9s szem\u00e9lyre szab\u00e1st biztos\u00edtson. Be\u00e1ll\u00edthatjuk mi vagy harmadik f\u00e9l szolg\u00e1ltat\u00f3k, akiknek szolg\u00e1ltat\u00e1sait hozz\u00e1adtuk az oldalainkhoz. Ha nem enged\u00e9lyezed ezeket a cookie-kat, akkor ezek a szolg\u00e1ltat\u00e1sok egy r\u00e9sze vagy mindegyike nem fog megfelel\u0151en m\u0171k\u00f6dni.<\/span><span data-ccp-props=\"{\"> <\/span><\/li><li><span style=\"color: #7bc144;\"><b><i>Statisztikai cookie-k: <\/i><\/b><\/span><span data-contrast=\"auto\">Ezek a cookie-k seg\u00edtenek az oldal tulajdonosainak meg\u00e9rteni, hogyan l\u00e9pnek kapcsolatba a l\u00e1togat\u00f3k a weboldalakkal anonim inform\u00e1ci\u00f3k gy\u0171jt\u00e9s\u00e9vel \u00e9s jelent\u00e9s\u00e9vel.<\/span><span data-ccp-props=\"{\"> <\/span><\/li><li><b><i><span data-contrast=\"auto\"><span style=\"color: #7bc144;\">Marketing cookie-k<\/span>: <\/span><\/i><\/b><span data-contrast=\"auto\">Ezek a cookie-k nyomon k\u00f6vetik az online tev\u00e9kenys\u00e9gedet, hogy seg\u00edts\u00e9k a hirdet\u0151ket relev\u00e1nsabb hirdet\u00e9sek megjelen\u00edt\u00e9s\u00e9ben, vagy korl\u00e1tozz\u00e1k, h\u00e1nyszor l\u00e1tsz egy hirdet\u00e9st. Ezek a cookie-k megoszthatj\u00e1k ezeket az inform\u00e1ci\u00f3kat m\u00e1s szervezetekkel vagy hirdet\u0151kkel. Ezek \u00e1lland\u00f3 cookie-k, \u00e9s szinte mindig harmadik f\u00e9lt\u0151l sz\u00e1rmaznak.<\/span><span data-ccp-props=\"{\"> <\/span><\/li><\/ul><ul><li data-leveltext=\"\uf0b7\" data-font=\"Symbol\" data-listid=\"11\" aria-setsize=\"-1\" data-aria-posinset=\"29\" data-aria-level=\"1\"><span style=\"color: #7bc144;\"><b><i>K\u00f6z\u00f6ss\u00e9gi m\u00e9dia cookie-k:<\/i><\/b><\/span><span data-contrast=\"auto\"> A k\u00f6z\u00f6ss\u00e9gi m\u00e9dia cookie-k lehet\u0151v\u00e9 teszik a felhaszn\u00e1l\u00f3k sz\u00e1m\u00e1ra, hogy k\u00f6nnyebben kapcsolatba l\u00e9pjenek a k\u00f6z\u00f6ss\u00e9gi m\u00e9di\u00e1val, p\u00e9ld\u00e1ul a Facebookkal \u00e9s az Instagrammal. Nem ir\u00e1ny\u00edtjuk a k\u00f6z\u00f6ss\u00e9gi m\u00e9dia cookie-kat, \u00e9s ezek nem teszik lehet\u0151v\u00e9 sz\u00e1munkra, hogy hozz\u00e1f\u00e9rj\u00fcnk a k\u00f6z\u00f6ss\u00e9gi m\u00e9dia fi\u00f3kjaidhoz. K\u00e9rj\u00fck, tekintsd meg az adott k\u00f6z\u00f6ss\u00e9gi m\u00e9dia platform adatv\u00e9delmi szab\u00e1lyzat\u00e1t a cookie-jaikkal kapcsolatos inform\u00e1ci\u00f3k\u00e9rt.<\/span><span data-ccp-props=\"{\"> <\/span><\/li><\/ul>\t\t\t\t\t\t\t\t<\/div>\n\t\t\t\t<\/div>\n\t\t\t\t\t<\/div>\n\t\t<\/div>\n\t\t\t\t\t<\/div>\n\t\t<\/section>\n\t\t\t\t<\/div>\n\t\t","protected":false},"excerpt":{"rendered":"<p>Cookie-szab\u00e1lyzat A Planogram\u00e1n\u00e1l fontos sz\u00e1munkra adataid v\u00e9delme, \u00e9s elk\u00f6telezettek vagyunk a meg\u00f3v\u00e1suk ir\u00e1nt. Ez az Adatv\u00e9delmi Szab\u00e1lyzat elmagyar\u00e1zza, milyen adatokat gy\u0171jt\u00fcnk r\u00f3lad \u00e9s mi\u00e9rt, mit tesz\u00fcnk ezekkel az adatokkal, \u00e9s hogyan kezelj\u00fck \u0151ket. Ez a t\u00e1j\u00e9koztat\u00f3 vonatkozik minden \u00e1ltalunk birtokolt \u00e9s \u00fczemeltetett weboldalra, valamint minden \u00e1ltalunk ny\u00fajtott szolg\u00e1ltat\u00e1sra, bele\u00e9rtve online platformunkat, mobilalkalmaz\u00e1sunkat \u00e9s b\u00e1rmely m\u00e1s [&hellip;]<\/p>\n","protected":false},"author":14,"featured_media":0,"parent":0,"menu_order":0,"comment_status":"closed","ping_status":"closed","template":"elementor_header_footer","meta":{"footnotes":""},"class_list":["post-9845","page","type-page","status-publish","hentry"],"yoast_head":"<!-- This site is optimized with the Yoast SEO plugin v27.3 - https:\/\/yoast.com\/product\/yoast-seo-wordpress\/ -->\n<title>Cookie-szab\u00e1lyzat | Planograma<\/title>\n<meta name=\"description\" content=\"A Planogram\u00e1n\u00e1l fontos sz\u00e1munkra az adataid v\u00e9delme, \u00e9s elk\u00f6telezettek vagyunk a meg\u00f3v\u00e1suk ir\u00e1nt. N\u00e9zd meg a cookie-szab\u00e1lyzatunkat.\" \/>\n<meta name=\"robots\" content=\"index, follow, max-snippet:-1, max-image-preview:large, max-video-preview:-1\" \/>\n<link rel=\"canonical\" href=\"https:\/\/planograma.com\/hu\/cookie-szabalyzat\" \/>\n<meta property=\"og:locale\" content=\"hu_HU\" \/>\n<meta property=\"og:type\" content=\"article\" \/>\n<meta property=\"og:title\" content=\"Cookie-szab\u00e1lyzat - Planograma\" \/>\n<meta property=\"og:description\" content=\"A Planogram\u00e1n\u00e1l fontos sz\u00e1munkra az adataid v\u00e9delme, \u00e9s elk\u00f6telezettek vagyunk a meg\u00f3v\u00e1suk ir\u00e1nt. N\u00e9zd meg a cookie-szab\u00e1lyzatunkat.\" \/>\n<meta property=\"og:url\" content=\"https:\/\/planograma.com\/hu\/cookie-szabalyzat\" \/>\n<meta property=\"og:site_name\" content=\"Planograma\" \/>\n<meta property=\"article:modified_time\" content=\"2026-04-17T12:07:53+00:00\" \/>\n<meta property=\"og:image\" content=\"https:\/\/planograma.com\/wp-content\/uploads\/2021\/03\/logo-planograma-200-x-200-px.jpg\" \/>\n<meta name=\"twitter:card\" content=\"summary_large_image\" \/>\n<meta name=\"twitter:title\" content=\"Cookie-szab\u00e1lyzat - Planograma\" \/>\n<meta name=\"twitter:description\" content=\"A Planogram\u00e1n\u00e1l fontos sz\u00e1munkra az adataid v\u00e9delme, \u00e9s elk\u00f6telezettek vagyunk a meg\u00f3v\u00e1suk ir\u00e1nt. N\u00e9zd meg a cookie-szab\u00e1lyzatunkat.\" \/>\n<meta name=\"twitter:image\" content=\"https:\/\/planograma.com\/wp-content\/uploads\/2021\/03\/logo-planograma-200-x-200-px.jpg\" \/>\n<meta name=\"twitter:label1\" content=\"Becs\u00fclt olvas\u00e1si id\u0151\" \/>\n\t<meta name=\"twitter:data1\" content=\"3 perc\" \/>\n<script type=\"application\/ld+json\" class=\"yoast-schema-graph\">{\"@context\":\"https:\\\/\\\/schema.org\",\"@graph\":[{\"@type\":\"WebPage\",\"@id\":\"https:\\\/\\\/planograma.com\\\/hu\\\/cookie-szabalyzat\",\"url\":\"https:\\\/\\\/planograma.com\\\/hu\\\/cookie-szabalyzat\",\"name\":\"Cookie-szab\u00e1lyzat | Planograma\",\"isPartOf\":{\"@id\":\"https:\\\/\\\/planograma.com\\\/hu#website\"},\"datePublished\":\"2021-02-01T15:23:38+00:00\",\"dateModified\":\"2026-04-17T12:07:53+00:00\",\"description\":\"A Planogram\u00e1n\u00e1l fontos sz\u00e1munkra az adataid v\u00e9delme, \u00e9s elk\u00f6telezettek vagyunk a meg\u00f3v\u00e1suk ir\u00e1nt. N\u00e9zd meg a cookie-szab\u00e1lyzatunkat.\",\"breadcrumb\":{\"@id\":\"https:\\\/\\\/planograma.com\\\/hu\\\/cookie-szabalyzat#breadcrumb\"},\"inLanguage\":\"hu\",\"potentialAction\":[{\"@type\":\"ReadAction\",\"target\":[\"https:\\\/\\\/planograma.com\\\/hu\\\/cookie-szabalyzat\"]}]},{\"@type\":\"BreadcrumbList\",\"@id\":\"https:\\\/\\\/planograma.com\\\/hu\\\/cookie-szabalyzat#breadcrumb\",\"itemListElement\":[{\"@type\":\"ListItem\",\"position\":1,\"name\":\"Kezd\u0151lap\",\"item\":\"https:\\\/\\\/planograma.com\\\/hu\\\/kezdolap\"},{\"@type\":\"ListItem\",\"position\":2,\"name\":\"Cookie-szab\u00e1lyzat\"}]},{\"@type\":\"WebSite\",\"@id\":\"https:\\\/\\\/planograma.com\\\/hu#website\",\"url\":\"https:\\\/\\\/planograma.com\\\/hu\",\"name\":\"Planograma\",\"description\":\"Professzion\u00e1lis WMS felh\u0151megold\u00e1s\",\"publisher\":{\"@id\":\"https:\\\/\\\/planograma.com\\\/hu#organization\"},\"potentialAction\":[{\"@type\":\"SearchAction\",\"target\":{\"@type\":\"EntryPoint\",\"urlTemplate\":\"https:\\\/\\\/planograma.com\\\/hu?s={search_term_string}\"},\"query-input\":{\"@type\":\"PropertyValueSpecification\",\"valueRequired\":true,\"valueName\":\"search_term_string\"}}],\"inLanguage\":\"hu\"},{\"@type\":\"Organization\",\"@id\":\"https:\\\/\\\/planograma.com\\\/hu#organization\",\"name\":\"Planograma\",\"url\":\"https:\\\/\\\/planograma.com\\\/hu\",\"logo\":{\"@type\":\"ImageObject\",\"inLanguage\":\"hu\",\"@id\":\"https:\\\/\\\/planograma.com\\\/hu#\\\/schema\\\/logo\\\/image\\\/\",\"url\":\"https:\\\/\\\/planograma.com\\\/wp-content\\\/uploads\\\/2021\\\/03\\\/logo-planograma-200-x-200-px.jpg\",\"contentUrl\":\"https:\\\/\\\/planograma.com\\\/wp-content\\\/uploads\\\/2021\\\/03\\\/logo-planograma-200-x-200-px.jpg\",\"width\":200,\"height\":200,\"caption\":\"Planograma\"},\"image\":{\"@id\":\"https:\\\/\\\/planograma.com\\\/hu#\\\/schema\\\/logo\\\/image\\\/\"}}]}<\/script>\n<!-- \/ Yoast SEO plugin. -->","yoast_head_json":{"title":"Cookie-szab\u00e1lyzat | Planograma","description":"A Planogram\u00e1n\u00e1l fontos sz\u00e1munkra az adataid v\u00e9delme, \u00e9s elk\u00f6telezettek vagyunk a meg\u00f3v\u00e1suk ir\u00e1nt. N\u00e9zd meg a cookie-szab\u00e1lyzatunkat.","robots":{"index":"index","follow":"follow","max-snippet":"max-snippet:-1","max-image-preview":"max-image-preview:large","max-video-preview":"max-video-preview:-1"},"canonical":"https:\/\/planograma.com\/hu\/cookie-szabalyzat","og_locale":"hu_HU","og_type":"article","og_title":"Cookie-szab\u00e1lyzat - Planograma","og_description":"A Planogram\u00e1n\u00e1l fontos sz\u00e1munkra az adataid v\u00e9delme, \u00e9s elk\u00f6telezettek vagyunk a meg\u00f3v\u00e1suk ir\u00e1nt. N\u00e9zd meg a cookie-szab\u00e1lyzatunkat.","og_url":"https:\/\/planograma.com\/hu\/cookie-szabalyzat","og_site_name":"Planograma","article_modified_time":"2026-04-17T12:07:53+00:00","og_image":[{"url":"https:\/\/planograma.com\/wp-content\/uploads\/2021\/03\/logo-planograma-200-x-200-px.jpg","type":"","width":"","height":""}],"twitter_card":"summary_large_image","twitter_title":"Cookie-szab\u00e1lyzat - Planograma","twitter_description":"A Planogram\u00e1n\u00e1l fontos sz\u00e1munkra az adataid v\u00e9delme, \u00e9s elk\u00f6telezettek vagyunk a meg\u00f3v\u00e1suk ir\u00e1nt. N\u00e9zd meg a cookie-szab\u00e1lyzatunkat.","twitter_image":"https:\/\/planograma.com\/wp-content\/uploads\/2021\/03\/logo-planograma-200-x-200-px.jpg","twitter_misc":{"Becs\u00fclt olvas\u00e1si id\u0151":"3 perc"},"schema":{"@context":"https:\/\/schema.org","@graph":[{"@type":"WebPage","@id":"https:\/\/planograma.com\/hu\/cookie-szabalyzat","url":"https:\/\/planograma.com\/hu\/cookie-szabalyzat","name":"Cookie-szab\u00e1lyzat | Planograma","isPartOf":{"@id":"https:\/\/planograma.com\/hu#website"},"datePublished":"2021-02-01T15:23:38+00:00","dateModified":"2026-04-17T12:07:53+00:00","description":"A Planogram\u00e1n\u00e1l fontos sz\u00e1munkra az adataid v\u00e9delme, \u00e9s elk\u00f6telezettek vagyunk a meg\u00f3v\u00e1suk ir\u00e1nt. N\u00e9zd meg a cookie-szab\u00e1lyzatunkat.","breadcrumb":{"@id":"https:\/\/planograma.com\/hu\/cookie-szabalyzat#breadcrumb"},"inLanguage":"hu","potentialAction":[{"@type":"ReadAction","target":["https:\/\/planograma.com\/hu\/cookie-szabalyzat"]}]},{"@type":"BreadcrumbList","@id":"https:\/\/planograma.com\/hu\/cookie-szabalyzat#breadcrumb","itemListElement":[{"@type":"ListItem","position":1,"name":"Kezd\u0151lap","item":"https:\/\/planograma.com\/hu\/kezdolap"},{"@type":"ListItem","position":2,"name":"Cookie-szab\u00e1lyzat"}]},{"@type":"WebSite","@id":"https:\/\/planograma.com\/hu#website","url":"https:\/\/planograma.com\/hu","name":"Planograma","description":"Professzion\u00e1lis WMS felh\u0151megold\u00e1s","publisher":{"@id":"https:\/\/planograma.com\/hu#organization"},"potentialAction":[{"@type":"SearchAction","target":{"@type":"EntryPoint","urlTemplate":"https:\/\/planograma.com\/hu?s={search_term_string}"},"query-input":{"@type":"PropertyValueSpecification","valueRequired":true,"valueName":"search_term_string"}}],"inLanguage":"hu"},{"@type":"Organization","@id":"https:\/\/planograma.com\/hu#organization","name":"Planograma","url":"https:\/\/planograma.com\/hu","logo":{"@type":"ImageObject","inLanguage":"hu","@id":"https:\/\/planograma.com\/hu#\/schema\/logo\/image\/","url":"https:\/\/planograma.com\/wp-content\/uploads\/2021\/03\/logo-planograma-200-x-200-px.jpg","contentUrl":"https:\/\/planograma.com\/wp-content\/uploads\/2021\/03\/logo-planograma-200-x-200-px.jpg","width":200,"height":200,"caption":"Planograma"},"image":{"@id":"https:\/\/planograma.com\/hu#\/schema\/logo\/image\/"}}]}},"_links":{"self":[{"href":"https:\/\/planograma.com\/hu\/wp-json\/wp\/v2\/pages\/9845","targetHints":{"allow":["GET"]}}],"collection":[{"href":"https:\/\/planograma.com\/hu\/wp-json\/wp\/v2\/pages"}],"about":[{"href":"https:\/\/planograma.com\/hu\/wp-json\/wp\/v2\/types\/page"}],"author":[{"embeddable":true,"href":"https:\/\/planograma.com\/hu\/wp-json\/wp\/v2\/users\/14"}],"replies":[{"embeddable":true,"href":"https:\/\/planograma.com\/hu\/wp-json\/wp\/v2\/comments?post=9845"}],"version-history":[{"count":1,"href":"https:\/\/planograma.com\/hu\/wp-json\/wp\/v2\/pages\/9845\/revisions"}],"predecessor-version":[{"id":9847,"href":"https:\/\/planograma.com\/hu\/wp-json\/wp\/v2\/pages\/9845\/revisions\/9847"}],"wp:attachment":[{"href":"https:\/\/planograma.com\/hu\/wp-json\/wp\/v2\/media?parent=9845"}],"curies":[{"name":"wp","href":"https:\/\/api.w.org\/{rel}","templated":true}]}}