{"id":9881,"date":"2021-01-05T14:47:59","date_gmt":"2021-01-05T14:47:59","guid":{"rendered":"https:\/\/planograma.com\/kapcsolat"},"modified":"2026-04-17T12:08:30","modified_gmt":"2026-04-17T12:08:30","slug":"kapcsolat","status":"publish","type":"page","link":"https:\/\/planograma.com\/hu\/kapcsolat","title":{"rendered":"Kapcsolat"},"content":{"rendered":"\t\t<div data-elementor-type=\"wp-page\" data-elementor-id=\"9881\" class=\"elementor elementor-9881 elementor-1908\" data-elementor-settings=\"{&quot;ha_cmc_init_switcher&quot;:&quot;no&quot;}\" data-elementor-post-type=\"page\">\n\t\t\t\t\t\t<section class=\"elementor-section elementor-top-section elementor-element elementor-element-6354381 elementor-section-height-min-height elementor-section-boxed elementor-section-height-default elementor-section-items-middle\" data-id=\"6354381\" data-element_type=\"section\" data-e-type=\"section\" data-settings=\"{&quot;background_background&quot;:&quot;classic&quot;,&quot;background_motion_fx_motion_fx_scrolling&quot;:&quot;yes&quot;,&quot;background_motion_fx_devices&quot;:[&quot;desktop&quot;,&quot;tablet&quot;,&quot;mobile&quot;],&quot;_ha_eqh_enable&quot;:false}\">\n\t\t\t\t\t\t\t<div class=\"elementor-background-overlay\"><\/div>\n\t\t\t\t\t\t\t<div class=\"elementor-container elementor-column-gap-default\">\n\t\t\t\t\t<div class=\"elementor-column elementor-col-100 elementor-top-column elementor-element elementor-element-621774b\" data-id=\"621774b\" data-element_type=\"column\" data-e-type=\"column\">\n\t\t\t<div class=\"elementor-widget-wrap elementor-element-populated\">\n\t\t\t\t\t\t<div class=\"elementor-element elementor-element-a2edf34 elementor-widget elementor-widget-heading\" data-id=\"a2edf34\" data-element_type=\"widget\" data-e-type=\"widget\" data-widget_type=\"heading.default\">\n\t\t\t\t<div class=\"elementor-widget-container\">\n\t\t\t\t\t<h1 class=\"elementor-heading-title elementor-size-medium\">Vegy\u00fck fel a kapcsolatot!<\/h1>\t\t\t\t<\/div>\n\t\t\t\t<\/div>\n\t\t\t\t\t<\/div>\n\t\t<\/div>\n\t\t\t\t\t<\/div>\n\t\t<\/section>\n\t\t\t\t<section class=\"elementor-section elementor-top-section elementor-element elementor-element-3ec2a4a elementor-section-boxed elementor-section-height-default elementor-section-height-default\" data-id=\"3ec2a4a\" data-element_type=\"section\" data-e-type=\"section\" data-settings=\"{&quot;_ha_eqh_enable&quot;:false}\">\n\t\t\t\t\t\t<div class=\"elementor-container elementor-column-gap-default\">\n\t\t\t\t\t<div class=\"elementor-column elementor-col-33 elementor-top-column elementor-element elementor-element-1c455ec\" data-id=\"1c455ec\" data-element_type=\"column\" data-e-type=\"column\">\n\t\t\t<div class=\"elementor-widget-wrap elementor-element-populated\">\n\t\t\t\t\t\t<div class=\"elementor-element elementor-element-a9280b1 elementor-view-stacked elementor-shape-circle elementor-position-block-start elementor-mobile-position-block-start elementor-widget elementor-widget-icon-box\" data-id=\"a9280b1\" data-element_type=\"widget\" data-e-type=\"widget\" data-widget_type=\"icon-box.default\">\n\t\t\t\t<div class=\"elementor-widget-container\">\n\t\t\t\t\t\t\t<div class=\"elementor-icon-box-wrapper\">\n\n\t\t\t\t\t\t<div class=\"elementor-icon-box-icon\">\n\t\t\t\t<a href=\"#planograma-map\" class=\"elementor-icon\" tabindex=\"-1\" aria-label=\"K\u00f6zpont\">\n\t\t\t\t<i aria-hidden=\"true\" class=\"hm hm-mail-open\"><\/i>\t\t\t\t<\/a>\n\t\t\t<\/div>\n\t\t\t\n\t\t\t\t\t\t<div class=\"elementor-icon-box-content\">\n\n\t\t\t\t\t\t\t\t\t<h3 class=\"elementor-icon-box-title\">\n\t\t\t\t\t\t<a href=\"#planograma-map\" >\n\t\t\t\t\t\t\tK\u00f6zpont\t\t\t\t\t\t<\/a>\n\t\t\t\t\t<\/h3>\n\t\t\t\t\n\t\t\t\t\t\t\t\t\t<p class=\"elementor-icon-box-description\">\n\t\t\t\t\t\t<a style=\"color:#7ac043;font-size:16px\" href=\"#planograma-map\">Mehadia utca 41, 6. ker\u00fclet,\n060541 ir\u00e1ny\u00edt\u00f3sz\u00e1m, Bukarest, Rom\u00e1nia<\/a>\t\t\t\t\t<\/p>\n\t\t\t\t\n\t\t\t<\/div>\n\t\t\t\n\t\t<\/div>\n\t\t\t\t\t\t<\/div>\n\t\t\t\t<\/div>\n\t\t\t\t\t<\/div>\n\t\t<\/div>\n\t\t\t\t<div class=\"elementor-column elementor-col-33 elementor-top-column elementor-element elementor-element-07df676\" data-id=\"07df676\" data-element_type=\"column\" data-e-type=\"column\">\n\t\t\t<div class=\"elementor-widget-wrap elementor-element-populated\">\n\t\t\t\t\t\t<div class=\"elementor-element elementor-element-5e86dde elementor-view-stacked elementor-shape-circle elementor-position-block-start elementor-mobile-position-block-start elementor-widget elementor-widget-icon-box\" data-id=\"5e86dde\" data-element_type=\"widget\" data-e-type=\"widget\" data-widget_type=\"icon-box.default\">\n\t\t\t\t<div class=\"elementor-widget-container\">\n\t\t\t\t\t\t\t<div class=\"elementor-icon-box-wrapper\">\n\n\t\t\t\t\t\t<div class=\"elementor-icon-box-icon\">\n\t\t\t\t<a href=\"mailto:wms@planograma.com\" class=\"elementor-icon\" tabindex=\"-1\" aria-label=\"Levelez\u00e9si c\u00edm\">\n\t\t\t\t<i aria-hidden=\"true\" class=\"icon icon-chat\"><\/i>\t\t\t\t<\/a>\n\t\t\t<\/div>\n\t\t\t\n\t\t\t\t\t\t<div class=\"elementor-icon-box-content\">\n\n\t\t\t\t\t\t\t\t\t<h3 class=\"elementor-icon-box-title\">\n\t\t\t\t\t\t<a href=\"mailto:wms@planograma.com\" >\n\t\t\t\t\t\t\tLevelez\u00e9si c\u00edm\t\t\t\t\t\t<\/a>\n\t\t\t\t\t<\/h3>\n\t\t\t\t\n\t\t\t\t\t\t\t\t\t<p class=\"elementor-icon-box-description\">\n\t\t\t\t\t\t<a style=\"color:#7ac043;font-size:16px\" href=\"mailto:wms@planograma.com\">wms@planograma.com<\/a> \t\t\t\t\t<\/p>\n\t\t\t\t\n\t\t\t<\/div>\n\t\t\t\n\t\t<\/div>\n\t\t\t\t\t\t<\/div>\n\t\t\t\t<\/div>\n\t\t\t\t\t<\/div>\n\t\t<\/div>\n\t\t\t\t<div class=\"elementor-column elementor-col-33 elementor-top-column elementor-element elementor-element-22868cf\" data-id=\"22868cf\" data-element_type=\"column\" data-e-type=\"column\">\n\t\t\t<div class=\"elementor-widget-wrap elementor-element-populated\">\n\t\t\t\t\t\t<div class=\"elementor-element elementor-element-d514455 elementor-view-stacked elementor-shape-circle elementor-position-block-start elementor-mobile-position-block-start elementor-widget elementor-widget-icon-box\" data-id=\"d514455\" data-element_type=\"widget\" data-e-type=\"widget\" data-widget_type=\"icon-box.default\">\n\t\t\t\t<div class=\"elementor-widget-container\">\n\t\t\t\t\t\t\t<div class=\"elementor-icon-box-wrapper\">\n\n\t\t\t\t\t\t<div class=\"elementor-icon-box-icon\">\n\t\t\t\t<a href=\"tel:+40723309057\" class=\"elementor-icon\" tabindex=\"-1\" aria-label=\"\u00dczleti megkeres\u00e9s\">\n\t\t\t\t<i aria-hidden=\"true\" class=\"icon icon-smartphone2\"><\/i>\t\t\t\t<\/a>\n\t\t\t<\/div>\n\t\t\t\n\t\t\t\t\t\t<div class=\"elementor-icon-box-content\">\n\n\t\t\t\t\t\t\t\t\t<h3 class=\"elementor-icon-box-title\">\n\t\t\t\t\t\t<a href=\"tel:+40723309057\" >\n\t\t\t\t\t\t\t\u00dczleti megkeres\u00e9s\t\t\t\t\t\t<\/a>\n\t\t\t\t\t<\/h3>\n\t\t\t\t\n\t\t\t\t\t\t\t\t\t<p class=\"elementor-icon-box-description\">\n\t\t\t\t\t\t<a style=\"color:#7ac043;font-size:16px\" href=\"tel:+40%20723%20309%20057\">+40 723 309 057<\/a>\t\t\t\t\t<\/p>\n\t\t\t\t\n\t\t\t<\/div>\n\t\t\t\n\t\t<\/div>\n\t\t\t\t\t\t<\/div>\n\t\t\t\t<\/div>\n\t\t\t\t\t<\/div>\n\t\t<\/div>\n\t\t\t\t\t<\/div>\n\t\t<\/section>\n\t\t\t\t<section class=\"elementor-section elementor-top-section elementor-element elementor-element-a1a4e7d elementor-section-boxed elementor-section-height-default elementor-section-height-default\" data-id=\"a1a4e7d\" data-element_type=\"section\" data-e-type=\"section\" data-settings=\"{&quot;background_background&quot;:&quot;classic&quot;,&quot;_ha_eqh_enable&quot;:false}\">\n\t\t\t\t\t\t<div class=\"elementor-container elementor-column-gap-default\">\n\t\t\t\t\t<div class=\"elementor-column elementor-col-100 elementor-top-column elementor-element elementor-element-912761c\" data-id=\"912761c\" data-element_type=\"column\" data-e-type=\"column\">\n\t\t\t<div class=\"elementor-widget-wrap elementor-element-populated\">\n\t\t\t\t\t\t<div class=\"elementor-element elementor-element-364aba0 elementor-widget elementor-widget-heading\" data-id=\"364aba0\" data-element_type=\"widget\" data-e-type=\"widget\" data-widget_type=\"heading.default\">\n\t\t\t\t<div class=\"elementor-widget-container\">\n\t\t\t\t\t<h2 class=\"elementor-heading-title elementor-size-default\">Van k\u00e9rd\u00e9sed, vagy csak k\u00f6sz\u00f6nn\u00e9l? <br>Sz\u00edvesen hallunk r\u00f3lad!<\/h2>\t\t\t\t<\/div>\n\t\t\t\t<\/div>\n\t\t\t\t<section class=\"elementor-section elementor-inner-section elementor-element elementor-element-f9fac7e elementor-section-boxed elementor-section-height-default elementor-section-height-default\" data-id=\"f9fac7e\" data-element_type=\"section\" data-e-type=\"section\" data-settings=\"{&quot;_ha_eqh_enable&quot;:false}\">\n\t\t\t\t\t\t<div class=\"elementor-container elementor-column-gap-default\">\n\t\t\t\t\t<div class=\"elementor-column elementor-col-100 elementor-inner-column elementor-element elementor-element-dd042d0\" data-id=\"dd042d0\" data-element_type=\"column\" data-e-type=\"column\" data-settings=\"{&quot;background_background&quot;:&quot;classic&quot;}\">\n\t\t\t<div class=\"elementor-widget-wrap elementor-element-populated\">\n\t\t\t\t\t\t<div class=\"elementor-element elementor-element-365a2bb elementor-widget elementor-widget-shortcode\" data-id=\"365a2bb\" data-element_type=\"widget\" data-e-type=\"widget\" data-widget_type=\"shortcode.default\">\n\t\t\t\t<div class=\"elementor-widget-container\">\n\t\t\t\t\t\t\t<div class=\"elementor-shortcode\">\t\t<div data-elementor-type=\"section\" data-elementor-id=\"9764\" class=\"elementor elementor-9764 elementor-6320 elementor-6320\" data-elementor-settings=\"{&quot;ha_cmc_init_switcher&quot;:&quot;no&quot;}\" data-elementor-post-type=\"elementor_library\">\n\t\t\t\t\t<section class=\"elementor-section elementor-top-section elementor-element elementor-element-d35ac52 elementor-section-boxed elementor-section-height-default elementor-section-height-default\" data-id=\"d35ac52\" data-element_type=\"section\" data-e-type=\"section\" data-settings=\"{&quot;_ha_eqh_enable&quot;:false}\">\n\t\t\t\t\t\t<div class=\"elementor-container elementor-column-gap-default\">\n\t\t\t\t\t<div class=\"elementor-column elementor-col-100 elementor-top-column elementor-element elementor-element-b8528a8\" data-id=\"b8528a8\" data-element_type=\"column\" data-e-type=\"column\">\n\t\t\t<div class=\"elementor-widget-wrap elementor-element-populated\">\n\t\t\t\t\t\t<div class=\"elementor-element elementor-element-749f515 elementor-tablet-button-align-stretch elementor-button-align-center elementor-widget elementor-widget-form\" data-id=\"749f515\" data-element_type=\"widget\" data-e-type=\"widget\" data-settings=\"{&quot;step_next_label&quot;:&quot;K\\u00f6vetkez\\u0151&quot;,&quot;step_previous_label&quot;:&quot;El\\u0151z\\u0151&quot;,&quot;button_width_tablet&quot;:&quot;100&quot;,&quot;button_width&quot;:&quot;100&quot;,&quot;step_type&quot;:&quot;number_text&quot;,&quot;step_icon_shape&quot;:&quot;circle&quot;}\" data-widget_type=\"form.default\">\n\t\t\t\t<div class=\"elementor-widget-container\">\n\t\t\t\t\t\t\t<form class=\"elementor-form\" method=\"post\" name=\"Kapcsolatfelv\u00e9teli \u0171rlap\" aria-label=\"Kapcsolatfelv\u00e9teli \u0171rlap\">\n\t\t\t<input type=\"hidden\" name=\"post_id\" value=\"9764\"\/>\n\t\t\t<input type=\"hidden\" name=\"form_id\" value=\"749f515\"\/>\n\t\t\t<input type=\"hidden\" name=\"referer_title\" value=\"Planograma | Kezeld a rakt\u00e1rad egyetlen helyen\" \/>\n\n\t\t\t\t\t\t\t<input type=\"hidden\" name=\"queried_id\" value=\"9948\"\/>\n\t\t\t\n\t\t\t<div class=\"elementor-form-fields-wrapper elementor-labels-above\">\n\t\t\t\t\t\t\t\t<div class=\"elementor-field-type-text elementor-field-group elementor-column elementor-field-group-name elementor-col-50 elementor-field-required\">\n\t\t\t\t\t\t\t\t\t\t\t\t\t<input size=\"1\" type=\"text\" name=\"form_fields[name]\" id=\"form-field-name\" class=\"elementor-field elementor-size-sm  elementor-field-textual\" placeholder=\"N\u00e9v\" required=\"required\">\n\t\t\t\t\t\t\t\t\t\t\t<\/div>\n\t\t\t\t\t\t\t\t<div class=\"elementor-field-type-email elementor-field-group elementor-column elementor-field-group-email elementor-col-50 elementor-field-required\">\n\t\t\t\t\t\t\t\t\t\t\t\t\t<input size=\"1\" type=\"email\" name=\"form_fields[email]\" id=\"form-field-email\" class=\"elementor-field elementor-size-sm  elementor-field-textual\" placeholder=\"Munkahelyi e-mail\" required=\"required\">\n\t\t\t\t\t\t\t\t\t\t\t<\/div>\n\t\t\t\t\t\t\t\t<div class=\"elementor-field-type-text elementor-field-group elementor-column elementor-field-group-country elementor-col-25\">\n\t\t\t\t\t\t\t\t\t\t\t\t\t<input size=\"1\" type=\"text\" name=\"form_fields[country]\" id=\"form-field-country\" class=\"elementor-field elementor-size-sm  elementor-field-textual\" placeholder=\"Orsz\u00e1g\">\n\t\t\t\t\t\t\t\t\t\t\t<\/div>\n\t\t\t\t\t\t\t\t<div class=\"elementor-field-type-tel elementor-field-group elementor-column elementor-field-group-tel elementor-col-25 elementor-field-required\">\n\t\t\t\t\t\t\t<input size=\"1\" type=\"tel\" name=\"form_fields[tel]\" id=\"form-field-tel\" class=\"elementor-field elementor-size-sm  elementor-field-textual\" placeholder=\"Telefon\" required=\"required\" pattern=\"[0-9()#&amp;+*-=.]+\" title=\"Only numbers and phone characters (#, -, *, etc) are accepted.\">\n\n\t\t\t\t\t\t<\/div>\n\t\t\t\t\t\t\t\t<div class=\"elementor-field-type-text elementor-field-group elementor-column elementor-field-group-companyname elementor-col-50 elementor-field-required\">\n\t\t\t\t\t\t\t\t\t\t\t\t\t<input size=\"1\" type=\"text\" name=\"form_fields[companyname]\" id=\"form-field-companyname\" class=\"elementor-field elementor-size-sm  elementor-field-textual\" placeholder=\"C\u00e9gn\u00e9v\" required=\"required\">\n\t\t\t\t\t\t\t\t\t\t\t<\/div>\n\t\t\t\t\t\t\t\t<div class=\"elementor-field-type-textarea elementor-field-group elementor-column elementor-field-group-message elementor-col-100 elementor-field-required\">\n\t\t\t\t\t<textarea class=\"elementor-field-textual elementor-field  elementor-size-sm\" name=\"form_fields[message]\" id=\"form-field-message\" rows=\"4\" placeholder=\"\u00dczenet\" required=\"required\"><\/textarea>\t\t\t\t<\/div>\n\t\t\t\t\t\t\t\t<div class=\"elementor-field-type-acceptance elementor-field-group elementor-column elementor-field-group-personaldata elementor-col-50 elementor-field-required\">\n\t\t\t\t\t\t\t<div class=\"elementor-field-subgroup\">\n\t\t\t<span class=\"elementor-field-option\">\n\t\t\t\t<input type=\"checkbox\" name=\"form_fields[personaldata]\" id=\"form-field-personaldata\" class=\"elementor-field elementor-size-sm  elementor-acceptance-field\" required=\"required\">\n\t\t\t\t<label for=\"form-field-personaldata\">Hozz\u00e1j\u00e1rulok a <a href=\"https:\/\/planograma.com\/terms-conditions?swcfpc=1\">szem\u00e9lyes adatok<\/a> kezel\u00e9s\u00e9hez.*<\/label>\t\t\t<\/span>\n\t\t<\/div>\n\t\t\t\t\t\t<\/div>\n\t\t\t\t\t\t\t\t<div class=\"elementor-field-type-acceptance elementor-field-group elementor-column elementor-field-group-marketing elementor-col-50 elementor-field-required\">\n\t\t\t\t\t\t\t<div class=\"elementor-field-subgroup\">\n\t\t\t<span class=\"elementor-field-option\">\n\t\t\t\t<input type=\"checkbox\" name=\"form_fields[marketing]\" id=\"form-field-marketing\" class=\"elementor-field elementor-size-sm  elementor-acceptance-field\" required=\"required\">\n\t\t\t\t<label for=\"form-field-marketing\">Hozz\u00e1j\u00e1rulok marketing anyagok fogad\u00e1s\u00e1hoz.<\/label>\t\t\t<\/span>\n\t\t<\/div>\n\t\t\t\t\t\t<\/div>\n\t\t\t\t\t\t\t\t<div class=\"elementor-field-type-recaptcha_v3 elementor-field-group elementor-column elementor-field-group-field_edb6fcc elementor-col-100 recaptcha_v3-bottomright\">\n\t\t\t\t\t<div class=\"elementor-field\" id=\"form-field-field_edb6fcc\"><div class=\"elementor-g-recaptcha\" data-sitekey=\"6LfobWorAAAAAD1VElVTRVGe9q2nmpNQd0H4a_Mh\" data-type=\"v3\" data-action=\"Form\" data-badge=\"bottomright\" data-size=\"invisible\"><\/div><\/div>\t\t\t\t<\/div>\n\t\t\t\t\t\t\t\t<div class=\"elementor-field-group elementor-column elementor-field-type-submit elementor-col-100 e-form__buttons elementor-md-100\">\n\t\t\t\t\t<button class=\"elementor-button elementor-size-sm\" type=\"submit\">\n\t\t\t\t\t\t<span class=\"elementor-button-content-wrapper\">\n\t\t\t\t\t\t\t\t\t\t\t\t\t\t\t\t\t\t\t\t\t\t<span class=\"elementor-button-text\">K\u00fcld\u00e9s<\/span>\n\t\t\t\t\t\t\t\t\t\t\t\t\t<\/span>\n\t\t\t\t\t<\/button>\n\t\t\t\t<\/div>\n\t\t\t<\/div>\n\t\t<\/form>\n\t\t\t\t\t\t<\/div>\n\t\t\t\t<\/div>\n\t\t\t\t\t<\/div>\n\t\t<\/div>\n\t\t\t\t\t<\/div>\n\t\t<\/section>\n\t\t\t\t<\/div>\n\t\t<\/div>\n\t\t\t\t\t\t<\/div>\n\t\t\t\t<\/div>\n\t\t\t\t\t<\/div>\n\t\t<\/div>\n\t\t\t\t\t<\/div>\n\t\t<\/section>\n\t\t\t\t\t<\/div>\n\t\t<\/div>\n\t\t\t\t\t<\/div>\n\t\t<\/section>\n\t\t<div class=\"elementor-element elementor-element-2b97bec e-flex e-con-boxed e-con e-parent\" data-id=\"2b97bec\" data-element_type=\"container\" data-e-type=\"container\" data-settings=\"{&quot;_ha_eqh_enable&quot;:false}\">\n\t\t\t\t\t<div class=\"e-con-inner\">\n\t\t\t\t<div class=\"elementor-element elementor-element-6c49ae6 elementor-widget elementor-widget-google_maps\" data-id=\"6c49ae6\" data-element_type=\"widget\" data-e-type=\"widget\" data-widget_type=\"google_maps.default\">\n\t\t\t\t<div class=\"elementor-widget-container\">\n\t\t\t\t\t\t\t<div class=\"elementor-custom-embed\">\n\t\t\t<iframe loading=\"lazy\"\n\t\t\t\t\tsrc=\"https:\/\/maps.google.com\/maps?q=it%20genetics&#038;t=m&#038;z=10&#038;output=embed&#038;iwloc=near\"\n\t\t\t\t\ttitle=\"it genetics\"\n\t\t\t\t\taria-label=\"it genetics\"\n\t\t\t><\/iframe>\n\t\t<\/div>\n\t\t\t\t\t\t<\/div>\n\t\t\t\t<\/div>\n\t\t\t\t\t<\/div>\n\t\t\t\t<\/div>\n\t\t\t\t<\/div>\n\t\t","protected":false},"excerpt":{"rendered":"<p>Vegy\u00fck fel a kapcsolatot! K\u00f6zpont Mehadia utca 41, 6. ker\u00fclet, 060541 ir\u00e1ny\u00edt\u00f3sz\u00e1m, Bukarest, Rom\u00e1nia Levelez\u00e9si c\u00edm wms@planograma.com \u00dczleti megkeres\u00e9s +40 723 309 057 Van k\u00e9rd\u00e9sed, vagy csak k\u00f6sz\u00f6nn\u00e9l? Sz\u00edvesen hallunk r\u00f3lad!<\/p>\n","protected":false},"author":14,"featured_media":0,"parent":0,"menu_order":0,"comment_status":"closed","ping_status":"closed","template":"elementor_header_footer","meta":{"footnotes":""},"class_list":["post-9881","page","type-page","status-publish","hentry"],"yoast_head":"<!-- This site is optimized with the Yoast SEO plugin v27.3 - https:\/\/yoast.com\/product\/yoast-seo-wordpress\/ -->\n<title>Kapcsolat | Planograma<\/title>\n<meta name=\"description\" content=\"Van k\u00e9rd\u00e9sed, vagy csak k\u00f6sz\u00f6nn\u00e9l? Sz\u00edvesen hallunk r\u00f3lad! Vegy\u00fck fel a kapcsolatot! Egy Planograma szak\u00e9rt\u0151 fel fog venni veled a kapcsolatot.\" \/>\n<meta name=\"robots\" content=\"index, follow, max-snippet:-1, max-image-preview:large, max-video-preview:-1\" \/>\n<link rel=\"canonical\" href=\"https:\/\/planograma.com\/hu\/kapcsolat\" \/>\n<meta property=\"og:locale\" content=\"hu_HU\" \/>\n<meta property=\"og:type\" content=\"article\" \/>\n<meta property=\"og:title\" content=\"Kapcsolat | Planograma\" \/>\n<meta property=\"og:description\" content=\"Van k\u00e9rd\u00e9sed, vagy csak k\u00f6sz\u00f6nn\u00e9l? Sz\u00edvesen hallunk r\u00f3lad! Vegy\u00fck fel a kapcsolatot!\" \/>\n<meta property=\"og:url\" content=\"https:\/\/planograma.com\/hu\/kapcsolat\" \/>\n<meta property=\"og:site_name\" content=\"Planograma\" \/>\n<meta property=\"article:modified_time\" content=\"2026-04-17T12:08:30+00:00\" \/>\n<meta property=\"og:image\" content=\"https:\/\/planograma.com\/wp-content\/uploads\/2021\/03\/logo-planograma-200-x-200-px.jpg\" \/>\n<meta name=\"twitter:card\" content=\"summary_large_image\" \/>\n<meta name=\"twitter:title\" content=\"Kapcsolat | Planograma\" \/>\n<meta name=\"twitter:description\" content=\"Van k\u00e9rd\u00e9sed, vagy csak k\u00f6sz\u00f6nn\u00e9l? Sz\u00edvesen hallunk r\u00f3lad! Vegy\u00fck fel a kapcsolatot!\" \/>\n<meta name=\"twitter:image\" content=\"https:\/\/planograma.com\/wp-content\/uploads\/2021\/03\/logo-planograma-200-x-200-px.jpg\" \/>\n<script type=\"application\/ld+json\" class=\"yoast-schema-graph\">{\"@context\":\"https:\\\/\\\/schema.org\",\"@graph\":[{\"@type\":\"WebPage\",\"@id\":\"https:\\\/\\\/planograma.com\\\/hu\\\/kapcsolat\",\"url\":\"https:\\\/\\\/planograma.com\\\/hu\\\/kapcsolat\",\"name\":\"Kapcsolat | Planograma\",\"isPartOf\":{\"@id\":\"https:\\\/\\\/planograma.com\\\/hu#website\"},\"datePublished\":\"2021-01-05T14:47:59+00:00\",\"dateModified\":\"2026-04-17T12:08:30+00:00\",\"description\":\"Van k\u00e9rd\u00e9sed, vagy csak k\u00f6sz\u00f6nn\u00e9l? Sz\u00edvesen hallunk r\u00f3lad! Vegy\u00fck fel a kapcsolatot! Egy Planograma szak\u00e9rt\u0151 fel fog venni veled a kapcsolatot.\",\"breadcrumb\":{\"@id\":\"https:\\\/\\\/planograma.com\\\/hu\\\/kapcsolat#breadcrumb\"},\"inLanguage\":\"hu\",\"potentialAction\":[{\"@type\":\"ReadAction\",\"target\":[\"https:\\\/\\\/planograma.com\\\/hu\\\/kapcsolat\"]}]},{\"@type\":\"BreadcrumbList\",\"@id\":\"https:\\\/\\\/planograma.com\\\/hu\\\/kapcsolat#breadcrumb\",\"itemListElement\":[{\"@type\":\"ListItem\",\"position\":1,\"name\":\"Kezd\u0151lap\",\"item\":\"https:\\\/\\\/planograma.com\\\/hu\\\/kezdolap\"},{\"@type\":\"ListItem\",\"position\":2,\"name\":\"Kapcsolat\"}]},{\"@type\":\"WebSite\",\"@id\":\"https:\\\/\\\/planograma.com\\\/hu#website\",\"url\":\"https:\\\/\\\/planograma.com\\\/hu\",\"name\":\"Planograma\",\"description\":\"Professzion\u00e1lis WMS felh\u0151megold\u00e1s\",\"publisher\":{\"@id\":\"https:\\\/\\\/planograma.com\\\/hu#organization\"},\"potentialAction\":[{\"@type\":\"SearchAction\",\"target\":{\"@type\":\"EntryPoint\",\"urlTemplate\":\"https:\\\/\\\/planograma.com\\\/hu?s={search_term_string}\"},\"query-input\":{\"@type\":\"PropertyValueSpecification\",\"valueRequired\":true,\"valueName\":\"search_term_string\"}}],\"inLanguage\":\"hu\"},{\"@type\":\"Organization\",\"@id\":\"https:\\\/\\\/planograma.com\\\/hu#organization\",\"name\":\"Planograma\",\"url\":\"https:\\\/\\\/planograma.com\\\/hu\",\"logo\":{\"@type\":\"ImageObject\",\"inLanguage\":\"hu\",\"@id\":\"https:\\\/\\\/planograma.com\\\/hu#\\\/schema\\\/logo\\\/image\\\/\",\"url\":\"https:\\\/\\\/planograma.com\\\/wp-content\\\/uploads\\\/2021\\\/03\\\/logo-planograma-200-x-200-px.jpg\",\"contentUrl\":\"https:\\\/\\\/planograma.com\\\/wp-content\\\/uploads\\\/2021\\\/03\\\/logo-planograma-200-x-200-px.jpg\",\"width\":200,\"height\":200,\"caption\":\"Planograma\"},\"image\":{\"@id\":\"https:\\\/\\\/planograma.com\\\/hu#\\\/schema\\\/logo\\\/image\\\/\"}}]}<\/script>\n<!-- \/ Yoast SEO plugin. -->","yoast_head_json":{"title":"Kapcsolat | Planograma","description":"Van k\u00e9rd\u00e9sed, vagy csak k\u00f6sz\u00f6nn\u00e9l? Sz\u00edvesen hallunk r\u00f3lad! Vegy\u00fck fel a kapcsolatot! Egy Planograma szak\u00e9rt\u0151 fel fog venni veled a kapcsolatot.","robots":{"index":"index","follow":"follow","max-snippet":"max-snippet:-1","max-image-preview":"max-image-preview:large","max-video-preview":"max-video-preview:-1"},"canonical":"https:\/\/planograma.com\/hu\/kapcsolat","og_locale":"hu_HU","og_type":"article","og_title":"Kapcsolat | Planograma","og_description":"Van k\u00e9rd\u00e9sed, vagy csak k\u00f6sz\u00f6nn\u00e9l? Sz\u00edvesen hallunk r\u00f3lad! Vegy\u00fck fel a kapcsolatot!","og_url":"https:\/\/planograma.com\/hu\/kapcsolat","og_site_name":"Planograma","article_modified_time":"2026-04-17T12:08:30+00:00","og_image":[{"url":"https:\/\/planograma.com\/wp-content\/uploads\/2021\/03\/logo-planograma-200-x-200-px.jpg","type":"","width":"","height":""}],"twitter_card":"summary_large_image","twitter_title":"Kapcsolat | Planograma","twitter_description":"Van k\u00e9rd\u00e9sed, vagy csak k\u00f6sz\u00f6nn\u00e9l? Sz\u00edvesen hallunk r\u00f3lad! Vegy\u00fck fel a kapcsolatot!","twitter_image":"https:\/\/planograma.com\/wp-content\/uploads\/2021\/03\/logo-planograma-200-x-200-px.jpg","schema":{"@context":"https:\/\/schema.org","@graph":[{"@type":"WebPage","@id":"https:\/\/planograma.com\/hu\/kapcsolat","url":"https:\/\/planograma.com\/hu\/kapcsolat","name":"Kapcsolat | Planograma","isPartOf":{"@id":"https:\/\/planograma.com\/hu#website"},"datePublished":"2021-01-05T14:47:59+00:00","dateModified":"2026-04-17T12:08:30+00:00","description":"Van k\u00e9rd\u00e9sed, vagy csak k\u00f6sz\u00f6nn\u00e9l? Sz\u00edvesen hallunk r\u00f3lad! Vegy\u00fck fel a kapcsolatot! Egy Planograma szak\u00e9rt\u0151 fel fog venni veled a kapcsolatot.","breadcrumb":{"@id":"https:\/\/planograma.com\/hu\/kapcsolat#breadcrumb"},"inLanguage":"hu","potentialAction":[{"@type":"ReadAction","target":["https:\/\/planograma.com\/hu\/kapcsolat"]}]},{"@type":"BreadcrumbList","@id":"https:\/\/planograma.com\/hu\/kapcsolat#breadcrumb","itemListElement":[{"@type":"ListItem","position":1,"name":"Kezd\u0151lap","item":"https:\/\/planograma.com\/hu\/kezdolap"},{"@type":"ListItem","position":2,"name":"Kapcsolat"}]},{"@type":"WebSite","@id":"https:\/\/planograma.com\/hu#website","url":"https:\/\/planograma.com\/hu","name":"Planograma","description":"Professzion\u00e1lis WMS felh\u0151megold\u00e1s","publisher":{"@id":"https:\/\/planograma.com\/hu#organization"},"potentialAction":[{"@type":"SearchAction","target":{"@type":"EntryPoint","urlTemplate":"https:\/\/planograma.com\/hu?s={search_term_string}"},"query-input":{"@type":"PropertyValueSpecification","valueRequired":true,"valueName":"search_term_string"}}],"inLanguage":"hu"},{"@type":"Organization","@id":"https:\/\/planograma.com\/hu#organization","name":"Planograma","url":"https:\/\/planograma.com\/hu","logo":{"@type":"ImageObject","inLanguage":"hu","@id":"https:\/\/planograma.com\/hu#\/schema\/logo\/image\/","url":"https:\/\/planograma.com\/wp-content\/uploads\/2021\/03\/logo-planograma-200-x-200-px.jpg","contentUrl":"https:\/\/planograma.com\/wp-content\/uploads\/2021\/03\/logo-planograma-200-x-200-px.jpg","width":200,"height":200,"caption":"Planograma"},"image":{"@id":"https:\/\/planograma.com\/hu#\/schema\/logo\/image\/"}}]}},"_links":{"self":[{"href":"https:\/\/planograma.com\/hu\/wp-json\/wp\/v2\/pages\/9881","targetHints":{"allow":["GET"]}}],"collection":[{"href":"https:\/\/planograma.com\/hu\/wp-json\/wp\/v2\/pages"}],"about":[{"href":"https:\/\/planograma.com\/hu\/wp-json\/wp\/v2\/types\/page"}],"author":[{"embeddable":true,"href":"https:\/\/planograma.com\/hu\/wp-json\/wp\/v2\/users\/14"}],"replies":[{"embeddable":true,"href":"https:\/\/planograma.com\/hu\/wp-json\/wp\/v2\/comments?post=9881"}],"version-history":[{"count":1,"href":"https:\/\/planograma.com\/hu\/wp-json\/wp\/v2\/pages\/9881\/revisions"}],"predecessor-version":[{"id":9883,"href":"https:\/\/planograma.com\/hu\/wp-json\/wp\/v2\/pages\/9881\/revisions\/9883"}],"wp:attachment":[{"href":"https:\/\/planograma.com\/hu\/wp-json\/wp\/v2\/media?parent=9881"}],"curies":[{"name":"wp","href":"https:\/\/api.w.org\/{rel}","templated":true}]}}