{"id":9926,"date":"2023-02-14T10:11:22","date_gmt":"2023-02-14T10:11:22","guid":{"rendered":"https:\/\/planograma.com\/ugyfeleink"},"modified":"2026-04-17T12:09:51","modified_gmt":"2026-04-17T12:09:51","slug":"ugyfeleink","status":"publish","type":"page","link":"https:\/\/planograma.com\/hu\/ugyfeleink","title":{"rendered":"\u00dcgyfeleink"},"content":{"rendered":"\t\t<div data-elementor-type=\"wp-page\" data-elementor-id=\"9926\" class=\"elementor elementor-9926 elementor-8003\" data-elementor-settings=\"{&quot;ha_cmc_init_switcher&quot;:&quot;no&quot;}\" data-elementor-post-type=\"page\">\n\t\t\t\t\t\t<section class=\"elementor-section elementor-top-section elementor-element elementor-element-ed5083c elementor-section-height-min-height elementor-section-boxed elementor-section-height-default elementor-section-items-middle\" data-id=\"ed5083c\" data-element_type=\"section\" data-e-type=\"section\" data-settings=\"{&quot;background_background&quot;:&quot;classic&quot;,&quot;background_motion_fx_motion_fx_scrolling&quot;:&quot;yes&quot;,&quot;background_motion_fx_devices&quot;:[&quot;desktop&quot;,&quot;tablet&quot;,&quot;mobile&quot;],&quot;_ha_eqh_enable&quot;:false}\">\n\t\t\t\t\t\t\t<div class=\"elementor-background-overlay\"><\/div>\n\t\t\t\t\t\t\t<div class=\"elementor-container elementor-column-gap-default\">\n\t\t\t\t\t<div class=\"elementor-column elementor-col-100 elementor-top-column elementor-element elementor-element-b63254d\" data-id=\"b63254d\" data-element_type=\"column\" data-e-type=\"column\">\n\t\t\t<div class=\"elementor-widget-wrap elementor-element-populated\">\n\t\t\t\t\t\t<div class=\"elementor-element elementor-element-f4681f5 elementor-widget elementor-widget-heading\" data-id=\"f4681f5\" data-element_type=\"widget\" data-e-type=\"widget\" data-widget_type=\"heading.default\">\n\t\t\t\t<div class=\"elementor-widget-container\">\n\t\t\t\t\t<h1 class=\"elementor-heading-title elementor-size-medium\">Gy\u0171jts relev\u00e1ns betekint\u00e9st a digit\u00e1lis \u00e1talakul\u00e1sod elind\u00edt\u00e1s\u00e1hoz.<\/h1>\t\t\t\t<\/div>\n\t\t\t\t<\/div>\n\t\t\t\t\t<\/div>\n\t\t<\/div>\n\t\t\t\t\t<\/div>\n\t\t<\/section>\n\t\t\t\t<section class=\"elementor-section elementor-top-section elementor-element elementor-element-4ba1492 elementor-section-boxed elementor-section-height-default elementor-section-height-default\" data-id=\"4ba1492\" data-element_type=\"section\" data-e-type=\"section\" data-settings=\"{&quot;_ha_eqh_enable&quot;:false}\">\n\t\t\t\t\t\t<div class=\"elementor-container elementor-column-gap-default\">\n\t\t\t\t\t<div class=\"elementor-column elementor-col-100 elementor-top-column elementor-element elementor-element-84dd588\" data-id=\"84dd588\" data-element_type=\"column\" data-e-type=\"column\">\n\t\t\t<div class=\"elementor-widget-wrap elementor-element-populated\">\n\t\t\t\t\t\t<section class=\"elementor-section elementor-inner-section elementor-element elementor-element-bdd7a0b elementor-section-boxed elementor-section-height-default elementor-section-height-default\" data-id=\"bdd7a0b\" data-element_type=\"section\" data-e-type=\"section\" data-settings=\"{&quot;_ha_eqh_enable&quot;:false}\">\n\t\t\t\t\t\t<div class=\"elementor-container elementor-column-gap-default\">\n\t\t\t\t\t<div class=\"elementor-column elementor-col-50 elementor-inner-column elementor-element elementor-element-b8dbb67\" data-id=\"b8dbb67\" data-element_type=\"column\" data-e-type=\"column\" data-settings=\"{&quot;background_background&quot;:&quot;classic&quot;}\">\n\t\t\t<div class=\"elementor-widget-wrap elementor-element-populated\">\n\t\t\t\t\t\t<div class=\"elementor-element elementor-element-fb7da66 elementor-widget elementor-widget-image\" data-id=\"fb7da66\" data-element_type=\"widget\" data-e-type=\"widget\" data-widget_type=\"image.default\">\n\t\t\t\t<div class=\"elementor-widget-container\">\n\t\t\t\t\t\t\t\t\t\t\t\t\t\t\t<img fetchpriority=\"high\" decoding=\"async\" width=\"626\" height=\"250\" src=\"https:\/\/planograma.com\/wp-content\/uploads\/2023\/02\/olive-oil-industry.png\" class=\"attachment-large size-large wp-image-9932\" alt=\"\" srcset=\"https:\/\/planograma.com\/wp-content\/uploads\/2023\/02\/olive-oil-industry.png 626w, https:\/\/planograma.com\/wp-content\/uploads\/2023\/02\/olive-oil-industry-300x120.png 300w\" sizes=\"(max-width: 626px) 100vw, 626px\" \/>\t\t\t\t\t\t\t\t\t\t\t\t\t\t\t<\/div>\n\t\t\t\t<\/div>\n\t\t\t\t<div class=\"elementor-element elementor-element-0ef92fe elementor-widget elementor-widget-image\" data-id=\"0ef92fe\" data-element_type=\"widget\" data-e-type=\"widget\" data-widget_type=\"image.default\">\n\t\t\t\t<div class=\"elementor-widget-container\">\n\t\t\t\t\t\t\t\t\t\t\t\t\t\t\t<img decoding=\"async\" width=\"500\" height=\"300\" src=\"https:\/\/planograma.com\/wp-content\/uploads\/2023\/02\/ola-good.png\" class=\"attachment-large size-large wp-image-9934\" alt=\"\" srcset=\"https:\/\/planograma.com\/wp-content\/uploads\/2023\/02\/ola-good.png 500w, https:\/\/planograma.com\/wp-content\/uploads\/2023\/02\/ola-good-300x180.png 300w\" sizes=\"(max-width: 500px) 100vw, 500px\" \/>\t\t\t\t\t\t\t\t\t\t\t\t\t\t\t<\/div>\n\t\t\t\t<\/div>\n\t\t\t\t<div class=\"elementor-element elementor-element-e03fa02 elementor-widget elementor-widget-text-editor\" data-id=\"e03fa02\" data-element_type=\"widget\" data-e-type=\"widget\" data-widget_type=\"text-editor.default\">\n\t\t\t\t<div class=\"elementor-widget-container\">\n\t\t\t\t\t\t\t\t\t<p>&#8222;A Planograma haszn\u00e1lata el\u0151tt teljesen k\u00fczd\u00f6tt\u00fcnk, hogy l\u00e9p\u00e9st tartsunk az \u00e1rumozg\u00e1ssal. Ahogy a v\u00e1llalkoz\u00e1sunk n\u0151tt, ez egyre fruszt\u00e1l\u00f3bb\u00e1 v\u00e1lt. Mi\u00f3ta az els\u0151 h\u00f3napt\u00f3l WMS megold\u00e1sk\u00e9nt haszn\u00e1ljuk, mobilit\u00e1sunk van \u00e9s k\u00f6nny\u0171 hozz\u00e1f\u00e9r\u00e9s\u00fcnk az inform\u00e1ci\u00f3khoz b\u00e1rmilyen helyr\u0151l \u00e9s b\u00e1rmilyen eszk\u00f6zr\u0151l. Mekkora megk\u00f6nnyebb\u00fcl\u00e9s! Helyben \u00e9s b\u00e1rmikor tudunk d\u00f6nt\u00e9seket hozni, amikor sz\u00fcks\u00e9ges.&#8221;<\/p>\t\t\t\t\t\t\t\t<\/div>\n\t\t\t\t<\/div>\n\t\t\t\t\t<\/div>\n\t\t<\/div>\n\t\t\t\t<div class=\"elementor-column elementor-col-50 elementor-inner-column elementor-element elementor-element-57d9b1d\" data-id=\"57d9b1d\" data-element_type=\"column\" data-e-type=\"column\" data-settings=\"{&quot;background_background&quot;:&quot;classic&quot;}\">\n\t\t\t<div class=\"elementor-widget-wrap elementor-element-populated\">\n\t\t\t\t\t\t<div class=\"elementor-element elementor-element-581ef9f elementor-widget elementor-widget-image\" data-id=\"581ef9f\" data-element_type=\"widget\" data-e-type=\"widget\" data-widget_type=\"image.default\">\n\t\t\t\t<div class=\"elementor-widget-container\">\n\t\t\t\t\t\t\t\t\t\t\t\t\t\t\t<img decoding=\"async\" width=\"626\" height=\"250\" src=\"https:\/\/planograma.com\/wp-content\/uploads\/2023\/02\/olive.png\" class=\"attachment-large size-large wp-image-9928\" alt=\"\" srcset=\"https:\/\/planograma.com\/wp-content\/uploads\/2023\/02\/olive.png 626w, https:\/\/planograma.com\/wp-content\/uploads\/2023\/02\/olive-300x120.png 300w\" sizes=\"(max-width: 626px) 100vw, 626px\" \/>\t\t\t\t\t\t\t\t\t\t\t\t\t\t\t<\/div>\n\t\t\t\t<\/div>\n\t\t\t\t<div class=\"elementor-element elementor-element-08ff4e0 elementor-widget elementor-widget-image\" data-id=\"08ff4e0\" data-element_type=\"widget\" data-e-type=\"widget\" data-widget_type=\"image.default\">\n\t\t\t\t<div class=\"elementor-widget-container\">\n\t\t\t\t\t\t\t\t\t\t\t\t\t\t\t<img loading=\"lazy\" decoding=\"async\" width=\"500\" height=\"300\" src=\"https:\/\/planograma.com\/wp-content\/uploads\/2023\/02\/logo-defne.png\" class=\"attachment-large size-large wp-image-9935\" alt=\"\" srcset=\"https:\/\/planograma.com\/wp-content\/uploads\/2023\/02\/logo-defne.png 500w, https:\/\/planograma.com\/wp-content\/uploads\/2023\/02\/logo-defne-300x180.png 300w\" sizes=\"(max-width: 500px) 100vw, 500px\" \/>\t\t\t\t\t\t\t\t\t\t\t\t\t\t\t<\/div>\n\t\t\t\t<\/div>\n\t\t\t\t<div class=\"elementor-element elementor-element-5b8ee41 elementor-widget elementor-widget-text-editor\" data-id=\"5b8ee41\" data-element_type=\"widget\" data-e-type=\"widget\" data-widget_type=\"text-editor.default\">\n\t\t\t\t<div class=\"elementor-widget-container\">\n\t\t\t\t\t\t\t\t\t<p>&#8222;A Planograma a k\u00e9szletkezel\u00e9si folyamat minden elem\u00e9t egyszer\u0171v\u00e9 \u00e9s megval\u00f3s\u00edthat\u00f3v\u00e1 tette. Seg\u00edtett teljes \u00e1ttekint\u00e9st nyern\u00fcnk a besz\u00e1ll\u00edt\u00f3 nev\u00e9r\u0151l, a beszerz\u00e9si rendel\u00e9sek sz\u00e1m\u00e1r\u00f3l, a bej\u00f6v\u0151 \u00e9s kimen\u0151 k\u00e9szletr\u0151l. Maximaliz\u00e1lni tudtuk az \u00e1tad\u00e1si produktivit\u00e1st \u00e9s val\u00f3s idej\u0171 k\u00e9szletfriss\u00edt\u00e9seket kaptunk.  <\/p><p>Nem is besz\u00e9lve arr\u00f3l, hogy a csapat nagyon rugalmas volt az ig\u00e9nyeink kiel\u00e9g\u00edt\u00e9s\u00e9ben. Gyorsak a kommunik\u00e1ci\u00f3ban \u00e9s megb\u00edzhat\u00f3ak a szolg\u00e1ltat\u00e1sban. \u00d6r\u00f6m egy olyan partnerrel dolgozni, mint a Planograma.&#8221;  <\/p>\t\t\t\t\t\t\t\t<\/div>\n\t\t\t\t<\/div>\n\t\t\t\t\t<\/div>\n\t\t<\/div>\n\t\t\t\t\t<\/div>\n\t\t<\/section>\n\t\t\t\t<section class=\"elementor-section elementor-inner-section elementor-element elementor-element-fe5d063 elementor-section-boxed elementor-section-height-default elementor-section-height-default\" data-id=\"fe5d063\" data-element_type=\"section\" data-e-type=\"section\" data-settings=\"{&quot;_ha_eqh_enable&quot;:false}\">\n\t\t\t\t\t\t<div class=\"elementor-container elementor-column-gap-default\">\n\t\t\t\t\t<div class=\"elementor-column elementor-col-50 elementor-inner-column elementor-element elementor-element-96b5ff4\" data-id=\"96b5ff4\" data-element_type=\"column\" data-e-type=\"column\" data-settings=\"{&quot;background_background&quot;:&quot;classic&quot;}\">\n\t\t\t<div class=\"elementor-widget-wrap elementor-element-populated\">\n\t\t\t\t\t\t<div class=\"elementor-element elementor-element-fbe6f72 elementor-widget elementor-widget-image\" data-id=\"fbe6f72\" data-element_type=\"widget\" data-e-type=\"widget\" data-widget_type=\"image.default\">\n\t\t\t\t<div class=\"elementor-widget-container\">\n\t\t\t\t\t\t\t\t\t\t\t\t\t\t\t<img loading=\"lazy\" decoding=\"async\" width=\"626\" height=\"250\" src=\"https:\/\/planograma.com\/wp-content\/uploads\/2023\/02\/technology.png\" class=\"attachment-large size-large wp-image-9930\" alt=\"\" srcset=\"https:\/\/planograma.com\/wp-content\/uploads\/2023\/02\/technology.png 626w, https:\/\/planograma.com\/wp-content\/uploads\/2023\/02\/technology-300x120.png 300w\" sizes=\"(max-width: 626px) 100vw, 626px\" \/>\t\t\t\t\t\t\t\t\t\t\t\t\t\t\t<\/div>\n\t\t\t\t<\/div>\n\t\t\t\t<div class=\"elementor-element elementor-element-ade8d38 elementor-widget elementor-widget-image\" data-id=\"ade8d38\" data-element_type=\"widget\" data-e-type=\"widget\" data-widget_type=\"image.default\">\n\t\t\t\t<div class=\"elementor-widget-container\">\n\t\t\t\t\t\t\t\t\t\t\t\t\t\t\t<img loading=\"lazy\" decoding=\"async\" width=\"500\" height=\"300\" src=\"https:\/\/planograma.com\/wp-content\/uploads\/2023\/02\/logo-surface-alien-1.png\" class=\"attachment-large size-large wp-image-9936\" alt=\"\" srcset=\"https:\/\/planograma.com\/wp-content\/uploads\/2023\/02\/logo-surface-alien-1.png 500w, https:\/\/planograma.com\/wp-content\/uploads\/2023\/02\/logo-surface-alien-1-300x180.png 300w\" sizes=\"(max-width: 500px) 100vw, 500px\" \/>\t\t\t\t\t\t\t\t\t\t\t\t\t\t\t<\/div>\n\t\t\t\t<\/div>\n\t\t\t\t<div class=\"elementor-element elementor-element-72f0e04 elementor-widget elementor-widget-text-editor\" data-id=\"72f0e04\" data-element_type=\"widget\" data-e-type=\"widget\" data-widget_type=\"text-editor.default\">\n\t\t\t\t<div class=\"elementor-widget-container\">\n\t\t\t\t\t\t\t\t\t<p>&#8222;Ha gyorsan, egyszer\u0171en \u00e9s f\u00e1jdalommentesen szeretn\u00e9d k\u00e9zben tartani a k\u00e9szletkezel\u00e9st, a Planograma a v\u00e1lasz. Percr\u0151l percre friss k\u00e9szletinform\u00e1ci\u00f3kat ad, \u00e9s az els\u0151dleges h\u00e1l\u00f3zatoddal val\u00f3 integr\u00e1ci\u00f3 nagyon sim\u00e1n t\u00f6rt\u00e9nik.&#8221;<\/p>\t\t\t\t\t\t\t\t<\/div>\n\t\t\t\t<\/div>\n\t\t\t\t\t<\/div>\n\t\t<\/div>\n\t\t\t\t<div class=\"elementor-column elementor-col-50 elementor-inner-column elementor-element elementor-element-a928d4e\" data-id=\"a928d4e\" data-element_type=\"column\" data-e-type=\"column\" data-settings=\"{&quot;background_background&quot;:&quot;classic&quot;}\">\n\t\t\t<div class=\"elementor-widget-wrap elementor-element-populated\">\n\t\t\t\t\t\t<div class=\"elementor-element elementor-element-e0e37c7 elementor-widget elementor-widget-image\" data-id=\"e0e37c7\" data-element_type=\"widget\" data-e-type=\"widget\" data-widget_type=\"image.default\">\n\t\t\t\t<div class=\"elementor-widget-container\">\n\t\t\t\t\t\t\t\t\t\t\t\t\t\t\t<img loading=\"lazy\" decoding=\"async\" width=\"626\" height=\"250\" src=\"https:\/\/planograma.com\/wp-content\/uploads\/2023\/02\/tools-industry.png\" class=\"attachment-large size-large wp-image-9931\" alt=\"\" srcset=\"https:\/\/planograma.com\/wp-content\/uploads\/2023\/02\/tools-industry.png 626w, https:\/\/planograma.com\/wp-content\/uploads\/2023\/02\/tools-industry-300x120.png 300w\" sizes=\"(max-width: 626px) 100vw, 626px\" \/>\t\t\t\t\t\t\t\t\t\t\t\t\t\t\t<\/div>\n\t\t\t\t<\/div>\n\t\t\t\t<div class=\"elementor-element elementor-element-80965f9 elementor-widget elementor-widget-image\" data-id=\"80965f9\" data-element_type=\"widget\" data-e-type=\"widget\" data-widget_type=\"image.default\">\n\t\t\t\t<div class=\"elementor-widget-container\">\n\t\t\t\t\t\t\t\t\t\t\t\t\t\t\t<img loading=\"lazy\" decoding=\"async\" width=\"500\" height=\"300\" src=\"https:\/\/planograma.com\/wp-content\/uploads\/2023\/02\/wunderhaff.png\" class=\"attachment-large size-large wp-image-9937\" alt=\"\" srcset=\"https:\/\/planograma.com\/wp-content\/uploads\/2023\/02\/wunderhaff.png 500w, https:\/\/planograma.com\/wp-content\/uploads\/2023\/02\/wunderhaff-300x180.png 300w\" sizes=\"(max-width: 500px) 100vw, 500px\" \/>\t\t\t\t\t\t\t\t\t\t\t\t\t\t\t<\/div>\n\t\t\t\t<\/div>\n\t\t\t\t<div class=\"elementor-element elementor-element-ca31d15 elementor-widget elementor-widget-text-editor\" data-id=\"ca31d15\" data-element_type=\"widget\" data-e-type=\"widget\" data-widget_type=\"text-editor.default\">\n\t\t\t\t<div class=\"elementor-widget-container\">\n\t\t\t\t\t\t\t\t\t<p>&#8222;Nem habozn\u00e9k aj\u00e1nlani a Planogram\u00e1t b\u00e1rmilyen v\u00e1llalkoz\u00e1snak, m\u00e9ret\u00e9t\u0151l f\u00fcggetlen\u00fcl. Hat\u00e9kony eszk\u00f6z az \u00fczleti n\u00f6veked\u00e9shez, az egyedi \u00fczleti ig\u00e9nyeinkre szabva. K\u00f6sz\u00f6net a t\u00e1mogat\u00f3 csapatnak a gyors \u00e9s megb\u00edzhat\u00f3 v\u00e1laszok\u00e9rt a k\u00e9rd\u00e9seinkre.&#8221;<\/p>\t\t\t\t\t\t\t\t<\/div>\n\t\t\t\t<\/div>\n\t\t\t\t\t<\/div>\n\t\t<\/div>\n\t\t\t\t\t<\/div>\n\t\t<\/section>\n\t\t\t\t<section class=\"elementor-section elementor-inner-section elementor-element elementor-element-a21010c elementor-section-boxed elementor-section-height-default elementor-section-height-default\" data-id=\"a21010c\" data-element_type=\"section\" data-e-type=\"section\" data-settings=\"{&quot;_ha_eqh_enable&quot;:false}\">\n\t\t\t\t\t\t<div class=\"elementor-container elementor-column-gap-default\">\n\t\t\t\t\t<div class=\"elementor-column elementor-col-100 elementor-inner-column elementor-element elementor-element-83c138d\" data-id=\"83c138d\" data-element_type=\"column\" data-e-type=\"column\" data-settings=\"{&quot;background_background&quot;:&quot;classic&quot;}\">\n\t\t\t<div class=\"elementor-widget-wrap\">\n\t\t\t\t\t\t\t<\/div>\n\t\t<\/div>\n\t\t\t\t\t<\/div>\n\t\t<\/section>\n\t\t\t\t\t<\/div>\n\t\t<\/div>\n\t\t\t\t\t<\/div>\n\t\t<\/section>\n\t\t\t\t<\/div>\n\t\t","protected":false},"excerpt":{"rendered":"<p>Gy\u0171jts relev\u00e1ns betekint\u00e9st a digit\u00e1lis \u00e1talakul\u00e1sod elind\u00edt\u00e1s\u00e1hoz. &#8222;A Planograma haszn\u00e1lata el\u0151tt teljesen k\u00fczd\u00f6tt\u00fcnk, hogy l\u00e9p\u00e9st tartsunk az \u00e1rumozg\u00e1ssal. Ahogy a v\u00e1llalkoz\u00e1sunk n\u0151tt, ez egyre fruszt\u00e1l\u00f3bb\u00e1 v\u00e1lt. Mi\u00f3ta az els\u0151 h\u00f3napt\u00f3l WMS megold\u00e1sk\u00e9nt haszn\u00e1ljuk, mobilit\u00e1sunk van \u00e9s k\u00f6nny\u0171 hozz\u00e1f\u00e9r\u00e9s\u00fcnk az inform\u00e1ci\u00f3khoz b\u00e1rmilyen helyr\u0151l \u00e9s b\u00e1rmilyen eszk\u00f6zr\u0151l. Mekkora megk\u00f6nnyebb\u00fcl\u00e9s! Helyben \u00e9s b\u00e1rmikor tudunk d\u00f6nt\u00e9seket hozni, amikor sz\u00fcks\u00e9ges.&#8221; [&hellip;]<\/p>\n","protected":false},"author":14,"featured_media":0,"parent":0,"menu_order":0,"comment_status":"closed","ping_status":"closed","template":"elementor_header_footer","meta":{"footnotes":""},"class_list":["post-9926","page","type-page","status-publish","hentry"],"yoast_head":"<!-- This site is optimized with the Yoast SEO plugin v27.3 - https:\/\/yoast.com\/product\/yoast-seo-wordpress\/ -->\n<title>\u00dcgyfeleink | Planograma<\/title>\n<meta name=\"robots\" content=\"index, follow, max-snippet:-1, max-image-preview:large, max-video-preview:-1\" \/>\n<link rel=\"canonical\" href=\"https:\/\/planograma.com\/hu\/ugyfeleink\" \/>\n<meta property=\"og:locale\" content=\"hu_HU\" \/>\n<meta property=\"og:type\" content=\"article\" \/>\n<meta property=\"og:title\" content=\"\u00dcgyfeleink | Planograma\" \/>\n<meta property=\"og:description\" content=\"Gy\u0171jts relev\u00e1ns betekint\u00e9st a digit\u00e1lis \u00e1talakul\u00e1sod elind\u00edt\u00e1s\u00e1hoz. &#8222;A Planograma haszn\u00e1lata el\u0151tt teljesen k\u00fczd\u00f6tt\u00fcnk, hogy l\u00e9p\u00e9st tartsunk az \u00e1rumozg\u00e1ssal. Ahogy a v\u00e1llalkoz\u00e1sunk n\u0151tt, ez egyre fruszt\u00e1l\u00f3bb\u00e1 v\u00e1lt. Mi\u00f3ta az els\u0151 h\u00f3napt\u00f3l WMS megold\u00e1sk\u00e9nt haszn\u00e1ljuk, mobilit\u00e1sunk van \u00e9s k\u00f6nny\u0171 hozz\u00e1f\u00e9r\u00e9s\u00fcnk az inform\u00e1ci\u00f3khoz b\u00e1rmilyen helyr\u0151l \u00e9s b\u00e1rmilyen eszk\u00f6zr\u0151l. Mekkora megk\u00f6nnyebb\u00fcl\u00e9s! Helyben \u00e9s b\u00e1rmikor tudunk d\u00f6nt\u00e9seket hozni, amikor sz\u00fcks\u00e9ges.&#8221; [&hellip;]\" \/>\n<meta property=\"og:url\" content=\"https:\/\/planograma.com\/hu\/ugyfeleink\" \/>\n<meta property=\"og:site_name\" content=\"Planograma\" \/>\n<meta property=\"article:modified_time\" content=\"2026-04-17T12:09:51+00:00\" \/>\n<meta property=\"og:image\" content=\"https:\/\/planograma.com\/wp-content\/uploads\/2023\/02\/olive-oil-industry.png\" \/>\n\t<meta property=\"og:image:width\" content=\"626\" \/>\n\t<meta property=\"og:image:height\" content=\"250\" \/>\n\t<meta property=\"og:image:type\" content=\"image\/png\" \/>\n<meta name=\"twitter:card\" content=\"summary_large_image\" \/>\n<meta name=\"twitter:label1\" content=\"Becs\u00fclt olvas\u00e1si id\u0151\" \/>\n\t<meta name=\"twitter:data1\" content=\"2 perc\" \/>\n<script type=\"application\/ld+json\" class=\"yoast-schema-graph\">{\"@context\":\"https:\\\/\\\/schema.org\",\"@graph\":[{\"@type\":\"WebPage\",\"@id\":\"https:\\\/\\\/planograma.com\\\/hu\\\/ugyfeleink\",\"url\":\"https:\\\/\\\/planograma.com\\\/hu\\\/ugyfeleink\",\"name\":\"\u00dcgyfeleink | Planograma\",\"isPartOf\":{\"@id\":\"https:\\\/\\\/planograma.com\\\/hu#website\"},\"primaryImageOfPage\":{\"@id\":\"https:\\\/\\\/planograma.com\\\/hu\\\/ugyfeleink#primaryimage\"},\"image\":{\"@id\":\"https:\\\/\\\/planograma.com\\\/hu\\\/ugyfeleink#primaryimage\"},\"thumbnailUrl\":\"https:\\\/\\\/planograma.com\\\/wp-content\\\/uploads\\\/2023\\\/02\\\/olive-oil-industry.png\",\"datePublished\":\"2023-02-14T10:11:22+00:00\",\"dateModified\":\"2026-04-17T12:09:51+00:00\",\"breadcrumb\":{\"@id\":\"https:\\\/\\\/planograma.com\\\/hu\\\/ugyfeleink#breadcrumb\"},\"inLanguage\":\"hu\",\"potentialAction\":[{\"@type\":\"ReadAction\",\"target\":[\"https:\\\/\\\/planograma.com\\\/hu\\\/ugyfeleink\"]}]},{\"@type\":\"ImageObject\",\"inLanguage\":\"hu\",\"@id\":\"https:\\\/\\\/planograma.com\\\/hu\\\/ugyfeleink#primaryimage\",\"url\":\"https:\\\/\\\/planograma.com\\\/wp-content\\\/uploads\\\/2023\\\/02\\\/olive-oil-industry.png\",\"contentUrl\":\"https:\\\/\\\/planograma.com\\\/wp-content\\\/uploads\\\/2023\\\/02\\\/olive-oil-industry.png\"},{\"@type\":\"BreadcrumbList\",\"@id\":\"https:\\\/\\\/planograma.com\\\/hu\\\/ugyfeleink#breadcrumb\",\"itemListElement\":[{\"@type\":\"ListItem\",\"position\":1,\"name\":\"Kezd\u0151lap\",\"item\":\"https:\\\/\\\/planograma.com\\\/hu\\\/kezdolap\"},{\"@type\":\"ListItem\",\"position\":2,\"name\":\"\u00dcgyfeleink\"}]},{\"@type\":\"WebSite\",\"@id\":\"https:\\\/\\\/planograma.com\\\/hu#website\",\"url\":\"https:\\\/\\\/planograma.com\\\/hu\",\"name\":\"Planograma\",\"description\":\"Professzion\u00e1lis WMS felh\u0151megold\u00e1s\",\"publisher\":{\"@id\":\"https:\\\/\\\/planograma.com\\\/hu#organization\"},\"potentialAction\":[{\"@type\":\"SearchAction\",\"target\":{\"@type\":\"EntryPoint\",\"urlTemplate\":\"https:\\\/\\\/planograma.com\\\/hu?s={search_term_string}\"},\"query-input\":{\"@type\":\"PropertyValueSpecification\",\"valueRequired\":true,\"valueName\":\"search_term_string\"}}],\"inLanguage\":\"hu\"},{\"@type\":\"Organization\",\"@id\":\"https:\\\/\\\/planograma.com\\\/hu#organization\",\"name\":\"Planograma\",\"url\":\"https:\\\/\\\/planograma.com\\\/hu\",\"logo\":{\"@type\":\"ImageObject\",\"inLanguage\":\"hu\",\"@id\":\"https:\\\/\\\/planograma.com\\\/hu#\\\/schema\\\/logo\\\/image\\\/\",\"url\":\"https:\\\/\\\/planograma.com\\\/wp-content\\\/uploads\\\/2021\\\/03\\\/logo-planograma-200-x-200-px.jpg\",\"contentUrl\":\"https:\\\/\\\/planograma.com\\\/wp-content\\\/uploads\\\/2021\\\/03\\\/logo-planograma-200-x-200-px.jpg\",\"width\":200,\"height\":200,\"caption\":\"Planograma\"},\"image\":{\"@id\":\"https:\\\/\\\/planograma.com\\\/hu#\\\/schema\\\/logo\\\/image\\\/\"}}]}<\/script>\n<!-- \/ Yoast SEO plugin. -->","yoast_head_json":{"title":"\u00dcgyfeleink | Planograma","robots":{"index":"index","follow":"follow","max-snippet":"max-snippet:-1","max-image-preview":"max-image-preview:large","max-video-preview":"max-video-preview:-1"},"canonical":"https:\/\/planograma.com\/hu\/ugyfeleink","og_locale":"hu_HU","og_type":"article","og_title":"\u00dcgyfeleink | Planograma","og_description":"Gy\u0171jts relev\u00e1ns betekint\u00e9st a digit\u00e1lis \u00e1talakul\u00e1sod elind\u00edt\u00e1s\u00e1hoz. &#8222;A Planograma haszn\u00e1lata el\u0151tt teljesen k\u00fczd\u00f6tt\u00fcnk, hogy l\u00e9p\u00e9st tartsunk az \u00e1rumozg\u00e1ssal. Ahogy a v\u00e1llalkoz\u00e1sunk n\u0151tt, ez egyre fruszt\u00e1l\u00f3bb\u00e1 v\u00e1lt. Mi\u00f3ta az els\u0151 h\u00f3napt\u00f3l WMS megold\u00e1sk\u00e9nt haszn\u00e1ljuk, mobilit\u00e1sunk van \u00e9s k\u00f6nny\u0171 hozz\u00e1f\u00e9r\u00e9s\u00fcnk az inform\u00e1ci\u00f3khoz b\u00e1rmilyen helyr\u0151l \u00e9s b\u00e1rmilyen eszk\u00f6zr\u0151l. Mekkora megk\u00f6nnyebb\u00fcl\u00e9s! Helyben \u00e9s b\u00e1rmikor tudunk d\u00f6nt\u00e9seket hozni, amikor sz\u00fcks\u00e9ges.&#8221; [&hellip;]","og_url":"https:\/\/planograma.com\/hu\/ugyfeleink","og_site_name":"Planograma","article_modified_time":"2026-04-17T12:09:51+00:00","og_image":[{"width":626,"height":250,"url":"https:\/\/planograma.com\/wp-content\/uploads\/2023\/02\/olive-oil-industry.png","type":"image\/png"}],"twitter_card":"summary_large_image","twitter_misc":{"Becs\u00fclt olvas\u00e1si id\u0151":"2 perc"},"schema":{"@context":"https:\/\/schema.org","@graph":[{"@type":"WebPage","@id":"https:\/\/planograma.com\/hu\/ugyfeleink","url":"https:\/\/planograma.com\/hu\/ugyfeleink","name":"\u00dcgyfeleink | Planograma","isPartOf":{"@id":"https:\/\/planograma.com\/hu#website"},"primaryImageOfPage":{"@id":"https:\/\/planograma.com\/hu\/ugyfeleink#primaryimage"},"image":{"@id":"https:\/\/planograma.com\/hu\/ugyfeleink#primaryimage"},"thumbnailUrl":"https:\/\/planograma.com\/wp-content\/uploads\/2023\/02\/olive-oil-industry.png","datePublished":"2023-02-14T10:11:22+00:00","dateModified":"2026-04-17T12:09:51+00:00","breadcrumb":{"@id":"https:\/\/planograma.com\/hu\/ugyfeleink#breadcrumb"},"inLanguage":"hu","potentialAction":[{"@type":"ReadAction","target":["https:\/\/planograma.com\/hu\/ugyfeleink"]}]},{"@type":"ImageObject","inLanguage":"hu","@id":"https:\/\/planograma.com\/hu\/ugyfeleink#primaryimage","url":"https:\/\/planograma.com\/wp-content\/uploads\/2023\/02\/olive-oil-industry.png","contentUrl":"https:\/\/planograma.com\/wp-content\/uploads\/2023\/02\/olive-oil-industry.png"},{"@type":"BreadcrumbList","@id":"https:\/\/planograma.com\/hu\/ugyfeleink#breadcrumb","itemListElement":[{"@type":"ListItem","position":1,"name":"Kezd\u0151lap","item":"https:\/\/planograma.com\/hu\/kezdolap"},{"@type":"ListItem","position":2,"name":"\u00dcgyfeleink"}]},{"@type":"WebSite","@id":"https:\/\/planograma.com\/hu#website","url":"https:\/\/planograma.com\/hu","name":"Planograma","description":"Professzion\u00e1lis WMS felh\u0151megold\u00e1s","publisher":{"@id":"https:\/\/planograma.com\/hu#organization"},"potentialAction":[{"@type":"SearchAction","target":{"@type":"EntryPoint","urlTemplate":"https:\/\/planograma.com\/hu?s={search_term_string}"},"query-input":{"@type":"PropertyValueSpecification","valueRequired":true,"valueName":"search_term_string"}}],"inLanguage":"hu"},{"@type":"Organization","@id":"https:\/\/planograma.com\/hu#organization","name":"Planograma","url":"https:\/\/planograma.com\/hu","logo":{"@type":"ImageObject","inLanguage":"hu","@id":"https:\/\/planograma.com\/hu#\/schema\/logo\/image\/","url":"https:\/\/planograma.com\/wp-content\/uploads\/2021\/03\/logo-planograma-200-x-200-px.jpg","contentUrl":"https:\/\/planograma.com\/wp-content\/uploads\/2021\/03\/logo-planograma-200-x-200-px.jpg","width":200,"height":200,"caption":"Planograma"},"image":{"@id":"https:\/\/planograma.com\/hu#\/schema\/logo\/image\/"}}]}},"_links":{"self":[{"href":"https:\/\/planograma.com\/hu\/wp-json\/wp\/v2\/pages\/9926","targetHints":{"allow":["GET"]}}],"collection":[{"href":"https:\/\/planograma.com\/hu\/wp-json\/wp\/v2\/pages"}],"about":[{"href":"https:\/\/planograma.com\/hu\/wp-json\/wp\/v2\/types\/page"}],"author":[{"embeddable":true,"href":"https:\/\/planograma.com\/hu\/wp-json\/wp\/v2\/users\/14"}],"replies":[{"embeddable":true,"href":"https:\/\/planograma.com\/hu\/wp-json\/wp\/v2\/comments?post=9926"}],"version-history":[{"count":1,"href":"https:\/\/planograma.com\/hu\/wp-json\/wp\/v2\/pages\/9926\/revisions"}],"predecessor-version":[{"id":9938,"href":"https:\/\/planograma.com\/hu\/wp-json\/wp\/v2\/pages\/9926\/revisions\/9938"}],"wp:attachment":[{"href":"https:\/\/planograma.com\/hu\/wp-json\/wp\/v2\/media?parent=9926"}],"curies":[{"name":"wp","href":"https:\/\/api.w.org\/{rel}","templated":true}]}}