{"id":10755,"date":"2023-02-14T10:11:22","date_gmt":"2023-02-14T10:11:22","guid":{"rendered":"https:\/\/planograma.com\/clienti"},"modified":"2026-04-17T13:57:08","modified_gmt":"2026-04-17T13:57:08","slug":"clienti","status":"publish","type":"page","link":"https:\/\/planograma.com\/it\/clienti","title":{"rendered":"Clienti"},"content":{"rendered":"\t\t<div data-elementor-type=\"wp-page\" data-elementor-id=\"10755\" class=\"elementor elementor-10755 elementor-8003\" data-elementor-settings=\"{&quot;ha_cmc_init_switcher&quot;:&quot;no&quot;}\" data-elementor-post-type=\"page\">\n\t\t\t\t\t\t<section class=\"elementor-section elementor-top-section elementor-element elementor-element-ed5083c elementor-section-height-min-height elementor-section-boxed elementor-section-height-default elementor-section-items-middle\" data-id=\"ed5083c\" data-element_type=\"section\" data-e-type=\"section\" data-settings=\"{&quot;background_background&quot;:&quot;classic&quot;,&quot;background_motion_fx_motion_fx_scrolling&quot;:&quot;yes&quot;,&quot;background_motion_fx_devices&quot;:[&quot;desktop&quot;,&quot;tablet&quot;,&quot;mobile&quot;],&quot;_ha_eqh_enable&quot;:false}\">\n\t\t\t\t\t\t\t<div class=\"elementor-background-overlay\"><\/div>\n\t\t\t\t\t\t\t<div class=\"elementor-container elementor-column-gap-default\">\n\t\t\t\t\t<div class=\"elementor-column elementor-col-100 elementor-top-column elementor-element elementor-element-b63254d\" data-id=\"b63254d\" data-element_type=\"column\" data-e-type=\"column\">\n\t\t\t<div class=\"elementor-widget-wrap elementor-element-populated\">\n\t\t\t\t\t\t<div class=\"elementor-element elementor-element-f4681f5 elementor-widget elementor-widget-heading\" data-id=\"f4681f5\" data-element_type=\"widget\" data-e-type=\"widget\" data-widget_type=\"heading.default\">\n\t\t\t\t<div class=\"elementor-widget-container\">\n\t\t\t\t\t<h1 class=\"elementor-heading-title elementor-size-medium\">Raccogli informazioni importanti per avviare la tua trasformazione digitale.<\/h1>\t\t\t\t<\/div>\n\t\t\t\t<\/div>\n\t\t\t\t\t<\/div>\n\t\t<\/div>\n\t\t\t\t\t<\/div>\n\t\t<\/section>\n\t\t\t\t<section class=\"elementor-section elementor-top-section elementor-element elementor-element-4ba1492 elementor-section-boxed elementor-section-height-default elementor-section-height-default\" data-id=\"4ba1492\" data-element_type=\"section\" data-e-type=\"section\" data-settings=\"{&quot;_ha_eqh_enable&quot;:false}\">\n\t\t\t\t\t\t<div class=\"elementor-container elementor-column-gap-default\">\n\t\t\t\t\t<div class=\"elementor-column elementor-col-100 elementor-top-column elementor-element elementor-element-84dd588\" data-id=\"84dd588\" data-element_type=\"column\" data-e-type=\"column\">\n\t\t\t<div class=\"elementor-widget-wrap elementor-element-populated\">\n\t\t\t\t\t\t<section class=\"elementor-section elementor-inner-section elementor-element elementor-element-bdd7a0b elementor-section-boxed elementor-section-height-default elementor-section-height-default\" data-id=\"bdd7a0b\" data-element_type=\"section\" data-e-type=\"section\" data-settings=\"{&quot;_ha_eqh_enable&quot;:false}\">\n\t\t\t\t\t\t<div class=\"elementor-container elementor-column-gap-default\">\n\t\t\t\t\t<div class=\"elementor-column elementor-col-50 elementor-inner-column elementor-element elementor-element-b8dbb67\" data-id=\"b8dbb67\" data-element_type=\"column\" data-e-type=\"column\" data-settings=\"{&quot;background_background&quot;:&quot;classic&quot;}\">\n\t\t\t<div class=\"elementor-widget-wrap elementor-element-populated\">\n\t\t\t\t\t\t<div class=\"elementor-element elementor-element-fb7da66 elementor-widget elementor-widget-image\" data-id=\"fb7da66\" data-element_type=\"widget\" data-e-type=\"widget\" data-widget_type=\"image.default\">\n\t\t\t\t<div class=\"elementor-widget-container\">\n\t\t\t\t\t\t\t\t\t\t\t\t\t\t\t<img fetchpriority=\"high\" decoding=\"async\" width=\"626\" height=\"250\" src=\"https:\/\/planograma.com\/wp-content\/uploads\/2023\/02\/olive-oil-industry.png\" class=\"attachment-large size-large wp-image-10767\" alt=\"\" srcset=\"https:\/\/planograma.com\/wp-content\/uploads\/2023\/02\/olive-oil-industry.png 626w, https:\/\/planograma.com\/wp-content\/uploads\/2023\/02\/olive-oil-industry-300x120.png 300w\" sizes=\"(max-width: 626px) 100vw, 626px\" \/>\t\t\t\t\t\t\t\t\t\t\t\t\t\t\t<\/div>\n\t\t\t\t<\/div>\n\t\t\t\t<div class=\"elementor-element elementor-element-0ef92fe elementor-widget elementor-widget-image\" data-id=\"0ef92fe\" data-element_type=\"widget\" data-e-type=\"widget\" data-widget_type=\"image.default\">\n\t\t\t\t<div class=\"elementor-widget-container\">\n\t\t\t\t\t\t\t\t\t\t\t\t\t\t\t<img decoding=\"async\" width=\"500\" height=\"300\" src=\"https:\/\/planograma.com\/wp-content\/uploads\/2023\/02\/ola-good.png\" class=\"attachment-large size-large wp-image-10769\" alt=\"\" srcset=\"https:\/\/planograma.com\/wp-content\/uploads\/2023\/02\/ola-good.png 500w, https:\/\/planograma.com\/wp-content\/uploads\/2023\/02\/ola-good-300x180.png 300w\" sizes=\"(max-width: 500px) 100vw, 500px\" \/>\t\t\t\t\t\t\t\t\t\t\t\t\t\t\t<\/div>\n\t\t\t\t<\/div>\n\t\t\t\t<div class=\"elementor-element elementor-element-e03fa02 elementor-widget elementor-widget-text-editor\" data-id=\"e03fa02\" data-element_type=\"widget\" data-e-type=\"widget\" data-widget_type=\"text-editor.default\">\n\t\t\t\t<div class=\"elementor-widget-container\">\n\t\t\t\t\t\t\t\t\t<p>&#8220;Prima di utilizzare Planograma facevamo assolutamente fatica a stare al passo con il movimento della merce. Man mano che la nostra attivit\u00e0 cresceva, la situazione diventava sempre pi\u00f9 frustrante. Dal primo mese di utilizzo come soluzione WMS, abbiamo mobilit\u00e0 e facile accesso alle informazioni da qualsiasi luogo e da qualsiasi dispositivo. Che sollievo! Possiamo prendere decisioni sul momento e in qualsiasi momento&#8221;.<\/p>\t\t\t\t\t\t\t\t<\/div>\n\t\t\t\t<\/div>\n\t\t\t\t\t<\/div>\n\t\t<\/div>\n\t\t\t\t<div class=\"elementor-column elementor-col-50 elementor-inner-column elementor-element elementor-element-57d9b1d\" data-id=\"57d9b1d\" data-element_type=\"column\" data-e-type=\"column\" data-settings=\"{&quot;background_background&quot;:&quot;classic&quot;}\">\n\t\t\t<div class=\"elementor-widget-wrap elementor-element-populated\">\n\t\t\t\t\t\t<div class=\"elementor-element elementor-element-581ef9f elementor-widget elementor-widget-image\" data-id=\"581ef9f\" data-element_type=\"widget\" data-e-type=\"widget\" data-widget_type=\"image.default\">\n\t\t\t\t<div class=\"elementor-widget-container\">\n\t\t\t\t\t\t\t\t\t\t\t\t\t\t\t<img decoding=\"async\" width=\"626\" height=\"250\" src=\"https:\/\/planograma.com\/wp-content\/uploads\/2023\/02\/olive.png\" class=\"attachment-large size-large wp-image-10760\" alt=\"\" srcset=\"https:\/\/planograma.com\/wp-content\/uploads\/2023\/02\/olive.png 626w, https:\/\/planograma.com\/wp-content\/uploads\/2023\/02\/olive-300x120.png 300w\" sizes=\"(max-width: 626px) 100vw, 626px\" \/>\t\t\t\t\t\t\t\t\t\t\t\t\t\t\t<\/div>\n\t\t\t\t<\/div>\n\t\t\t\t<div class=\"elementor-element elementor-element-08ff4e0 elementor-widget elementor-widget-image\" data-id=\"08ff4e0\" data-element_type=\"widget\" data-e-type=\"widget\" data-widget_type=\"image.default\">\n\t\t\t\t<div class=\"elementor-widget-container\">\n\t\t\t\t\t\t\t\t\t\t\t\t\t\t\t<img loading=\"lazy\" decoding=\"async\" width=\"500\" height=\"300\" src=\"https:\/\/planograma.com\/wp-content\/uploads\/2023\/02\/logo-defne.png\" class=\"attachment-large size-large wp-image-10771\" alt=\"\" srcset=\"https:\/\/planograma.com\/wp-content\/uploads\/2023\/02\/logo-defne.png 500w, https:\/\/planograma.com\/wp-content\/uploads\/2023\/02\/logo-defne-300x180.png 300w\" sizes=\"(max-width: 500px) 100vw, 500px\" \/>\t\t\t\t\t\t\t\t\t\t\t\t\t\t\t<\/div>\n\t\t\t\t<\/div>\n\t\t\t\t<div class=\"elementor-element elementor-element-5b8ee41 elementor-widget elementor-widget-text-editor\" data-id=\"5b8ee41\" data-element_type=\"widget\" data-e-type=\"widget\" data-widget_type=\"text-editor.default\">\n\t\t\t\t<div class=\"elementor-widget-container\">\n\t\t\t\t\t\t\t\t\t<p>&#8220;Planograma ha reso ogni elemento del processo di inventario facile e realizzabile. Ci ha aiutato a ottenere una panoramica completa dei nomi dei fornitori, del numero di ordini di acquisto, delle scorte in entrata e in uscita. Siamo riusciti a massimizzare la produttivit\u00e0 dei trasferimenti e ad avere aggiornamenti in tempo reale sull&#8217;inventario.  <\/p><p>Senza contare che il team \u00e8 stato molto flessibile nell&#8217;accogliere le nostre esigenze. Veloce nella comunicazione e affidabile nel servizio. \u00c8 un piacere avere un partner come Planograma&#8221;.  <\/p>\t\t\t\t\t\t\t\t<\/div>\n\t\t\t\t<\/div>\n\t\t\t\t\t<\/div>\n\t\t<\/div>\n\t\t\t\t\t<\/div>\n\t\t<\/section>\n\t\t\t\t<section class=\"elementor-section elementor-inner-section elementor-element elementor-element-fe5d063 elementor-section-boxed elementor-section-height-default elementor-section-height-default\" data-id=\"fe5d063\" data-element_type=\"section\" data-e-type=\"section\" data-settings=\"{&quot;_ha_eqh_enable&quot;:false}\">\n\t\t\t\t\t\t<div class=\"elementor-container elementor-column-gap-default\">\n\t\t\t\t\t<div class=\"elementor-column elementor-col-50 elementor-inner-column elementor-element elementor-element-96b5ff4\" data-id=\"96b5ff4\" data-element_type=\"column\" data-e-type=\"column\" data-settings=\"{&quot;background_background&quot;:&quot;classic&quot;}\">\n\t\t\t<div class=\"elementor-widget-wrap elementor-element-populated\">\n\t\t\t\t\t\t<div class=\"elementor-element elementor-element-fbe6f72 elementor-widget elementor-widget-image\" data-id=\"fbe6f72\" data-element_type=\"widget\" data-e-type=\"widget\" data-widget_type=\"image.default\">\n\t\t\t\t<div class=\"elementor-widget-container\">\n\t\t\t\t\t\t\t\t\t\t\t\t\t\t\t<img loading=\"lazy\" decoding=\"async\" width=\"626\" height=\"250\" src=\"https:\/\/planograma.com\/wp-content\/uploads\/2023\/02\/technology.png\" class=\"attachment-large size-large wp-image-10764\" alt=\"\" srcset=\"https:\/\/planograma.com\/wp-content\/uploads\/2023\/02\/technology.png 626w, https:\/\/planograma.com\/wp-content\/uploads\/2023\/02\/technology-300x120.png 300w\" sizes=\"(max-width: 626px) 100vw, 626px\" \/>\t\t\t\t\t\t\t\t\t\t\t\t\t\t\t<\/div>\n\t\t\t\t<\/div>\n\t\t\t\t<div class=\"elementor-element elementor-element-ade8d38 elementor-widget elementor-widget-image\" data-id=\"ade8d38\" data-element_type=\"widget\" data-e-type=\"widget\" data-widget_type=\"image.default\">\n\t\t\t\t<div class=\"elementor-widget-container\">\n\t\t\t\t\t\t\t\t\t\t\t\t\t\t\t<img loading=\"lazy\" decoding=\"async\" width=\"500\" height=\"300\" src=\"https:\/\/planograma.com\/wp-content\/uploads\/2023\/02\/logo-surface-alien-1.png\" class=\"attachment-large size-large wp-image-10772\" alt=\"\" srcset=\"https:\/\/planograma.com\/wp-content\/uploads\/2023\/02\/logo-surface-alien-1.png 500w, https:\/\/planograma.com\/wp-content\/uploads\/2023\/02\/logo-surface-alien-1-300x180.png 300w\" sizes=\"(max-width: 500px) 100vw, 500px\" \/>\t\t\t\t\t\t\t\t\t\t\t\t\t\t\t<\/div>\n\t\t\t\t<\/div>\n\t\t\t\t<div class=\"elementor-element elementor-element-72f0e04 elementor-widget elementor-widget-text-editor\" data-id=\"72f0e04\" data-element_type=\"widget\" data-e-type=\"widget\" data-widget_type=\"text-editor.default\">\n\t\t\t\t<div class=\"elementor-widget-container\">\n\t\t\t\t\t\t\t\t\t<p>&#8220;Se hai bisogno di controllare la gestione dell&#8217;inventario in modo rapido, semplice e indolore, Planograma \u00e8 la risposta che fa per te. Ti fornisce informazioni aggiornate sull&#8217;inventario e l&#8217;integrazione con la tua rete principale avviene senza problemi&#8221;.<\/p>\t\t\t\t\t\t\t\t<\/div>\n\t\t\t\t<\/div>\n\t\t\t\t\t<\/div>\n\t\t<\/div>\n\t\t\t\t<div class=\"elementor-column elementor-col-50 elementor-inner-column elementor-element elementor-element-a928d4e\" data-id=\"a928d4e\" data-element_type=\"column\" data-e-type=\"column\" data-settings=\"{&quot;background_background&quot;:&quot;classic&quot;}\">\n\t\t\t<div class=\"elementor-widget-wrap elementor-element-populated\">\n\t\t\t\t\t\t<div class=\"elementor-element elementor-element-e0e37c7 elementor-widget elementor-widget-image\" data-id=\"e0e37c7\" data-element_type=\"widget\" data-e-type=\"widget\" data-widget_type=\"image.default\">\n\t\t\t\t<div class=\"elementor-widget-container\">\n\t\t\t\t\t\t\t\t\t\t\t\t\t\t\t<img loading=\"lazy\" decoding=\"async\" width=\"626\" height=\"250\" src=\"https:\/\/planograma.com\/wp-content\/uploads\/2023\/02\/tools-industry.png\" class=\"attachment-large size-large wp-image-10765\" alt=\"\" srcset=\"https:\/\/planograma.com\/wp-content\/uploads\/2023\/02\/tools-industry.png 626w, https:\/\/planograma.com\/wp-content\/uploads\/2023\/02\/tools-industry-300x120.png 300w\" sizes=\"(max-width: 626px) 100vw, 626px\" \/>\t\t\t\t\t\t\t\t\t\t\t\t\t\t\t<\/div>\n\t\t\t\t<\/div>\n\t\t\t\t<div class=\"elementor-element elementor-element-80965f9 elementor-widget elementor-widget-image\" data-id=\"80965f9\" data-element_type=\"widget\" data-e-type=\"widget\" data-widget_type=\"image.default\">\n\t\t\t\t<div class=\"elementor-widget-container\">\n\t\t\t\t\t\t\t\t\t\t\t\t\t\t\t<img loading=\"lazy\" decoding=\"async\" width=\"500\" height=\"300\" src=\"https:\/\/planograma.com\/wp-content\/uploads\/2023\/02\/wunderhaff.png\" class=\"attachment-large size-large wp-image-10773\" alt=\"\" srcset=\"https:\/\/planograma.com\/wp-content\/uploads\/2023\/02\/wunderhaff.png 500w, https:\/\/planograma.com\/wp-content\/uploads\/2023\/02\/wunderhaff-300x180.png 300w\" sizes=\"(max-width: 500px) 100vw, 500px\" \/>\t\t\t\t\t\t\t\t\t\t\t\t\t\t\t<\/div>\n\t\t\t\t<\/div>\n\t\t\t\t<div class=\"elementor-element elementor-element-ca31d15 elementor-widget elementor-widget-text-editor\" data-id=\"ca31d15\" data-element_type=\"widget\" data-e-type=\"widget\" data-widget_type=\"text-editor.default\">\n\t\t\t\t<div class=\"elementor-widget-container\">\n\t\t\t\t\t\t\t\t\t<p>&#8220;Non esiterei a raccomandare Planograma a qualsiasi azienda, indipendentemente dalle sue dimensioni. \u00c8 un potente strumento di crescita aziendale, adattato alle nostre specifiche esigenze. Ringrazio il team di assistenza per le risposte rapide e affidabili alle nostre richieste&#8221;.<\/p>\t\t\t\t\t\t\t\t<\/div>\n\t\t\t\t<\/div>\n\t\t\t\t\t<\/div>\n\t\t<\/div>\n\t\t\t\t\t<\/div>\n\t\t<\/section>\n\t\t\t\t<section class=\"elementor-section elementor-inner-section elementor-element elementor-element-a21010c elementor-section-boxed elementor-section-height-default elementor-section-height-default\" data-id=\"a21010c\" data-element_type=\"section\" data-e-type=\"section\" data-settings=\"{&quot;_ha_eqh_enable&quot;:false}\">\n\t\t\t\t\t\t<div class=\"elementor-container elementor-column-gap-default\">\n\t\t\t\t\t<div class=\"elementor-column elementor-col-100 elementor-inner-column elementor-element elementor-element-83c138d\" data-id=\"83c138d\" data-element_type=\"column\" data-e-type=\"column\" data-settings=\"{&quot;background_background&quot;:&quot;classic&quot;}\">\n\t\t\t<div class=\"elementor-widget-wrap\">\n\t\t\t\t\t\t\t<\/div>\n\t\t<\/div>\n\t\t\t\t\t<\/div>\n\t\t<\/section>\n\t\t\t\t\t<\/div>\n\t\t<\/div>\n\t\t\t\t\t<\/div>\n\t\t<\/section>\n\t\t\t\t<\/div>\n\t\t","protected":false},"excerpt":{"rendered":"<p>Raccogli informazioni importanti per avviare la tua trasformazione digitale. &#8220;Prima di utilizzare Planograma facevamo assolutamente fatica a stare al passo con il movimento della merce. Man mano che la nostra attivit\u00e0 cresceva, la situazione diventava sempre pi\u00f9 frustrante. Dal primo mese di utilizzo come soluzione WMS, abbiamo mobilit\u00e0 e facile accesso alle informazioni da qualsiasi [&hellip;]<\/p>\n","protected":false},"author":14,"featured_media":0,"parent":0,"menu_order":0,"comment_status":"closed","ping_status":"closed","template":"elementor_header_footer","meta":{"footnotes":""},"class_list":["post-10755","page","type-page","status-publish","hentry"],"yoast_head":"<!-- This site is optimized with the Yoast SEO plugin v27.3 - https:\/\/yoast.com\/product\/yoast-seo-wordpress\/ -->\n<title>Clienti | Planogramma<\/title>\n<meta name=\"robots\" content=\"index, follow, max-snippet:-1, max-image-preview:large, max-video-preview:-1\" \/>\n<link rel=\"canonical\" href=\"https:\/\/planograma.com\/it\/clienti\" \/>\n<meta property=\"og:locale\" content=\"it_IT\" \/>\n<meta property=\"og:type\" content=\"article\" \/>\n<meta property=\"og:title\" content=\"Clienti | Planogramma\" \/>\n<meta property=\"og:description\" content=\"Raccogli informazioni importanti per avviare la tua trasformazione digitale. &#8220;Prima di utilizzare Planograma facevamo assolutamente fatica a stare al passo con il movimento della merce. Man mano che la nostra attivit\u00e0 cresceva, la situazione diventava sempre pi\u00f9 frustrante. Dal primo mese di utilizzo come soluzione WMS, abbiamo mobilit\u00e0 e facile accesso alle informazioni da qualsiasi [&hellip;]\" \/>\n<meta property=\"og:url\" content=\"https:\/\/planograma.com\/it\/clienti\" \/>\n<meta property=\"og:site_name\" content=\"Planogramma\" \/>\n<meta property=\"article:modified_time\" content=\"2026-04-17T13:57:08+00:00\" \/>\n<meta property=\"og:image\" content=\"https:\/\/planograma.com\/wp-content\/uploads\/2023\/02\/olive-oil-industry.png\" \/>\n<meta name=\"twitter:card\" content=\"summary_large_image\" \/>\n<meta name=\"twitter:label1\" content=\"Tempo di lettura stimato\" \/>\n\t<meta name=\"twitter:data1\" content=\"1 minuto\" \/>\n<script type=\"application\/ld+json\" class=\"yoast-schema-graph\">{\"@context\":\"https:\\\/\\\/schema.org\",\"@graph\":[{\"@type\":\"WebPage\",\"@id\":\"https:\\\/\\\/planograma.com\\\/it\\\/clienti\",\"url\":\"https:\\\/\\\/planograma.com\\\/it\\\/clienti\",\"name\":\"Clienti | Planogramma\",\"isPartOf\":{\"@id\":\"https:\\\/\\\/planograma.com\\\/it#website\"},\"primaryImageOfPage\":{\"@id\":\"https:\\\/\\\/planograma.com\\\/it\\\/clienti#primaryimage\"},\"image\":{\"@id\":\"https:\\\/\\\/planograma.com\\\/it\\\/clienti#primaryimage\"},\"thumbnailUrl\":\"https:\\\/\\\/planograma.com\\\/wp-content\\\/uploads\\\/2023\\\/02\\\/olive-oil-industry.png\",\"datePublished\":\"2023-02-14T10:11:22+00:00\",\"dateModified\":\"2026-04-17T13:57:08+00:00\",\"breadcrumb\":{\"@id\":\"https:\\\/\\\/planograma.com\\\/it\\\/clienti#breadcrumb\"},\"inLanguage\":\"it-IT\",\"potentialAction\":[{\"@type\":\"ReadAction\",\"target\":[\"https:\\\/\\\/planograma.com\\\/it\\\/clienti\"]}]},{\"@type\":\"ImageObject\",\"inLanguage\":\"it-IT\",\"@id\":\"https:\\\/\\\/planograma.com\\\/it\\\/clienti#primaryimage\",\"url\":\"https:\\\/\\\/planograma.com\\\/wp-content\\\/uploads\\\/2023\\\/02\\\/olive-oil-industry.png\",\"contentUrl\":\"https:\\\/\\\/planograma.com\\\/wp-content\\\/uploads\\\/2023\\\/02\\\/olive-oil-industry.png\"},{\"@type\":\"BreadcrumbList\",\"@id\":\"https:\\\/\\\/planograma.com\\\/it\\\/clienti#breadcrumb\",\"itemListElement\":[{\"@type\":\"ListItem\",\"position\":1,\"name\":\"Home\",\"item\":\"https:\\\/\\\/planograma.com\\\/it?page_id=11095\"},{\"@type\":\"ListItem\",\"position\":2,\"name\":\"Clienti\"}]},{\"@type\":\"WebSite\",\"@id\":\"https:\\\/\\\/planograma.com\\\/it#website\",\"url\":\"https:\\\/\\\/planograma.com\\\/it\",\"name\":\"Planogramma\",\"description\":\"Soluzione WMS cloud professionale\",\"publisher\":{\"@id\":\"https:\\\/\\\/planograma.com\\\/it#organization\"},\"potentialAction\":[{\"@type\":\"SearchAction\",\"target\":{\"@type\":\"EntryPoint\",\"urlTemplate\":\"https:\\\/\\\/planograma.com\\\/it?s={search_term_string}\"},\"query-input\":{\"@type\":\"PropertyValueSpecification\",\"valueRequired\":true,\"valueName\":\"search_term_string\"}}],\"inLanguage\":\"it-IT\"},{\"@type\":\"Organization\",\"@id\":\"https:\\\/\\\/planograma.com\\\/it#organization\",\"name\":\"Planogramma\",\"url\":\"https:\\\/\\\/planograma.com\\\/it\",\"logo\":{\"@type\":\"ImageObject\",\"inLanguage\":\"it-IT\",\"@id\":\"https:\\\/\\\/planograma.com\\\/it#\\\/schema\\\/logo\\\/image\\\/\",\"url\":\"https:\\\/\\\/planograma.com\\\/wp-content\\\/uploads\\\/2021\\\/03\\\/logo-planograma-200-x-200-px.jpg\",\"contentUrl\":\"https:\\\/\\\/planograma.com\\\/wp-content\\\/uploads\\\/2021\\\/03\\\/logo-planograma-200-x-200-px.jpg\",\"width\":200,\"height\":200,\"caption\":\"Planogramma\"},\"image\":{\"@id\":\"https:\\\/\\\/planograma.com\\\/it#\\\/schema\\\/logo\\\/image\\\/\"}}]}<\/script>\n<!-- \/ Yoast SEO plugin. -->","yoast_head_json":{"title":"Clienti | Planogramma","robots":{"index":"index","follow":"follow","max-snippet":"max-snippet:-1","max-image-preview":"max-image-preview:large","max-video-preview":"max-video-preview:-1"},"canonical":"https:\/\/planograma.com\/it\/clienti","og_locale":"it_IT","og_type":"article","og_title":"Clienti | Planogramma","og_description":"Raccogli informazioni importanti per avviare la tua trasformazione digitale. &#8220;Prima di utilizzare Planograma facevamo assolutamente fatica a stare al passo con il movimento della merce. Man mano che la nostra attivit\u00e0 cresceva, la situazione diventava sempre pi\u00f9 frustrante. Dal primo mese di utilizzo come soluzione WMS, abbiamo mobilit\u00e0 e facile accesso alle informazioni da qualsiasi [&hellip;]","og_url":"https:\/\/planograma.com\/it\/clienti","og_site_name":"Planogramma","article_modified_time":"2026-04-17T13:57:08+00:00","og_image":[{"url":"https:\/\/planograma.com\/wp-content\/uploads\/2023\/02\/olive-oil-industry.png","type":"","width":"","height":""}],"twitter_card":"summary_large_image","twitter_misc":{"Tempo di lettura stimato":"1 minuto"},"schema":{"@context":"https:\/\/schema.org","@graph":[{"@type":"WebPage","@id":"https:\/\/planograma.com\/it\/clienti","url":"https:\/\/planograma.com\/it\/clienti","name":"Clienti | Planogramma","isPartOf":{"@id":"https:\/\/planograma.com\/it#website"},"primaryImageOfPage":{"@id":"https:\/\/planograma.com\/it\/clienti#primaryimage"},"image":{"@id":"https:\/\/planograma.com\/it\/clienti#primaryimage"},"thumbnailUrl":"https:\/\/planograma.com\/wp-content\/uploads\/2023\/02\/olive-oil-industry.png","datePublished":"2023-02-14T10:11:22+00:00","dateModified":"2026-04-17T13:57:08+00:00","breadcrumb":{"@id":"https:\/\/planograma.com\/it\/clienti#breadcrumb"},"inLanguage":"it-IT","potentialAction":[{"@type":"ReadAction","target":["https:\/\/planograma.com\/it\/clienti"]}]},{"@type":"ImageObject","inLanguage":"it-IT","@id":"https:\/\/planograma.com\/it\/clienti#primaryimage","url":"https:\/\/planograma.com\/wp-content\/uploads\/2023\/02\/olive-oil-industry.png","contentUrl":"https:\/\/planograma.com\/wp-content\/uploads\/2023\/02\/olive-oil-industry.png"},{"@type":"BreadcrumbList","@id":"https:\/\/planograma.com\/it\/clienti#breadcrumb","itemListElement":[{"@type":"ListItem","position":1,"name":"Home","item":"https:\/\/planograma.com\/it?page_id=11095"},{"@type":"ListItem","position":2,"name":"Clienti"}]},{"@type":"WebSite","@id":"https:\/\/planograma.com\/it#website","url":"https:\/\/planograma.com\/it","name":"Planogramma","description":"Soluzione WMS cloud professionale","publisher":{"@id":"https:\/\/planograma.com\/it#organization"},"potentialAction":[{"@type":"SearchAction","target":{"@type":"EntryPoint","urlTemplate":"https:\/\/planograma.com\/it?s={search_term_string}"},"query-input":{"@type":"PropertyValueSpecification","valueRequired":true,"valueName":"search_term_string"}}],"inLanguage":"it-IT"},{"@type":"Organization","@id":"https:\/\/planograma.com\/it#organization","name":"Planogramma","url":"https:\/\/planograma.com\/it","logo":{"@type":"ImageObject","inLanguage":"it-IT","@id":"https:\/\/planograma.com\/it#\/schema\/logo\/image\/","url":"https:\/\/planograma.com\/wp-content\/uploads\/2021\/03\/logo-planograma-200-x-200-px.jpg","contentUrl":"https:\/\/planograma.com\/wp-content\/uploads\/2021\/03\/logo-planograma-200-x-200-px.jpg","width":200,"height":200,"caption":"Planogramma"},"image":{"@id":"https:\/\/planograma.com\/it#\/schema\/logo\/image\/"}}]}},"_links":{"self":[{"href":"https:\/\/planograma.com\/it\/wp-json\/wp\/v2\/pages\/10755","targetHints":{"allow":["GET"]}}],"collection":[{"href":"https:\/\/planograma.com\/it\/wp-json\/wp\/v2\/pages"}],"about":[{"href":"https:\/\/planograma.com\/it\/wp-json\/wp\/v2\/types\/page"}],"author":[{"embeddable":true,"href":"https:\/\/planograma.com\/it\/wp-json\/wp\/v2\/users\/14"}],"replies":[{"embeddable":true,"href":"https:\/\/planograma.com\/it\/wp-json\/wp\/v2\/comments?post=10755"}],"version-history":[{"count":2,"href":"https:\/\/planograma.com\/it\/wp-json\/wp\/v2\/pages\/10755\/revisions"}],"predecessor-version":[{"id":10776,"href":"https:\/\/planograma.com\/it\/wp-json\/wp\/v2\/pages\/10755\/revisions\/10776"}],"wp:attachment":[{"href":"https:\/\/planograma.com\/it\/wp-json\/wp\/v2\/media?parent=10755"}],"curies":[{"name":"wp","href":"https:\/\/api.w.org\/{rel}","templated":true}]}}