{"id":11029,"date":"2021-02-01T15:23:38","date_gmt":"2021-02-01T15:23:38","guid":{"rendered":"https:\/\/planograma.com\/informativa-sui-cookie"},"modified":"2026-04-17T13:59:49","modified_gmt":"2026-04-17T13:59:49","slug":"informativa-sui-cookie","status":"publish","type":"page","link":"https:\/\/planograma.com\/it\/informativa-sui-cookie","title":{"rendered":"Informativa sui cookie"},"content":{"rendered":"\t\t<div data-elementor-type=\"wp-page\" data-elementor-id=\"11029\" class=\"elementor elementor-11029 elementor-3299\" data-elementor-settings=\"{&quot;ha_cmc_init_switcher&quot;:&quot;no&quot;}\" data-elementor-post-type=\"page\">\n\t\t\t\t\t\t<section class=\"elementor-section elementor-top-section elementor-element elementor-element-58c5312 elementor-section-boxed elementor-section-height-default elementor-section-height-default\" data-id=\"58c5312\" data-element_type=\"section\" data-e-type=\"section\" data-settings=\"{&quot;_ha_eqh_enable&quot;:false}\">\n\t\t\t\t\t\t<div class=\"elementor-container elementor-column-gap-default\">\n\t\t\t\t\t<div class=\"elementor-column elementor-col-100 elementor-top-column elementor-element elementor-element-6e3be2b\" data-id=\"6e3be2b\" data-element_type=\"column\" data-e-type=\"column\">\n\t\t\t<div class=\"elementor-widget-wrap elementor-element-populated\">\n\t\t\t\t\t\t<div class=\"elementor-element elementor-element-b4ee990 elementor-widget elementor-widget-text-editor\" data-id=\"b4ee990\" data-element_type=\"widget\" data-e-type=\"widget\" data-widget_type=\"text-editor.default\">\n\t\t\t\t<div class=\"elementor-widget-container\">\n\t\t\t\t\t\t\t\t\t<h1><span style=\"color: #7bc144;\"><b>Informativa sui cookie<\/b> <\/span><\/h1><p><span data-contrast=\"auto\">Planograma ha a cuore la privacy dei tuoi dati e si impegna a proteggerli. La presente Informativa sulla privacy spiega quali informazioni raccogliamo su di te e perch\u00e9, cosa facciamo con tali informazioni e come le gestiamo. Questa informativa si applica a tutti i siti web che possediamo e gestiamo e a tutti i servizi che forniamo, compresa la nostra piattaforma online, l&#8217;applicazione mobile e qualsiasi altro servizio che possiamo offrire (ad esempio, eventi o formazione). Ai fini della presente informativa, li chiameremo semplicemente &#8220;servizi&#8221;.   <\/span><span data-ccp-props=\"{\"> <\/span><\/p><p><span data-contrast=\"auto\">Quando ci riferiamo a &#8220;noi&#8221; (o &#8220;nostro&#8221; o &#8220;ci&#8221;), intendiamo <b>Planograma S.R.L.<\/b>. La nostra sede centrale si trova a Mehadia 41, distretto 6, Bucarest, Romania. <\/span><span data-ccp-props=\"{\"> <\/span><\/p><ol><li><h5><b>  Che cos&#8217;\u00e8 un biscotto?<\/b><\/h5><\/li><\/ol><p><span data-contrast=\"auto\">Un cookie \u00e8 una piccola porzione di dati (file di testo) che un sito web &#8211; quando viene visitato da un utente &#8211; chiede al tuo browser di memorizzare sul tuo dispositivo al fine di ricordare informazioni su di te, come ad esempio la tua lingua preferita o le informazioni di login. Questi cookie sono impostati da noi e sono chiamati cookie di prima parte. Utilizziamo anche cookie di terze parti, ovvero cookie provenienti da un dominio diverso da quello del sito web che stai visitando, per le nostre attivit\u00e0 pubblicitarie e di marketing.    <\/span><span data-ccp-props=\"{\"> <\/span><\/p><ol start=\"2\"><li><h5><b>Che tipo di cookie utilizza Planograma?<\/b> <\/h5><\/li><\/ol><p><span data-contrast=\"auto\">Utilizziamo i cookie e altre tecnologie di tracciamento per i seguenti scopi:<\/span><span data-ccp-props=\"{\"> <\/span><\/p><ul><li><span style=\"color: #7bc144;\"><b><i>Cookie necessari<\/i><\/b><b>: <\/b><\/span><span data-contrast=\"auto\">Questi cookie sono necessari per il funzionamento del sito web e non possono essere disattivati nei nostri sistemi. Questi cookie sono necessari per il funzionamento del sito web e non possono essere disattivati nei nostri sistemi. Di solito vengono impostati solo in risposta ad azioni compiute dall&#8217;utente che equivalgono a una richiesta di servizi, come l&#8217;impostazione delle preferenze sulla privacy, il login o la compilazione di moduli.<\/span><span data-ccp-props=\"{\"> <\/span><\/li><li><span style=\"color: #7bc144;\"><b><i>Biscotti funzionali<\/i><\/b><b>: <\/b><\/span><span data-contrast=\"auto\">Questi cookie consentono al sito web di fornire funzionalit\u00e0 e personalizzazioni avanzate. Possono essere impostati da noi o da fornitori terzi i cui servizi sono stati aggiunti alle nostre pagine. Se non accetti questi cookie, alcuni o tutti i servizi potrebbero non funzionare correttamente.<\/span><span data-ccp-props=\"{\"> <\/span><\/li><li><span style=\"color: #7bc144;\"><b><i>Cookie statistici: <\/i><\/b><\/span><span data-contrast=\"auto\">Questi cookie aiutano i proprietari dei siti a capire come i visitatori interagiscono con i siti web raccogliendo e riportando informazioni anonime.<\/span><span data-ccp-props=\"{\"> <\/span><\/li><li><b><i><span data-contrast=\"auto\"><span style=\"color: #7bc144;\">Cookie di marketing<\/span>: <\/span><\/i><\/b><span data-contrast=\"auto\">Questi cookie tracciano la tua attivit\u00e0 online per aiutare gli inserzionisti a fornire pubblicit\u00e0 pi\u00f9 pertinenti o per limitare il numero di volte in cui vedi un annuncio. Questi cookie possono condividere queste informazioni con altre organizzazioni o inserzionisti. Si tratta di cookie persistenti e quasi sempre di terze parti.<\/span><span data-ccp-props=\"{\"> <\/span><\/li><\/ul><ul><li data-leveltext=\"\uf0b7\" data-font=\"Symbol\" data-listid=\"11\" aria-setsize=\"-1\" data-aria-posinset=\"29\" data-aria-level=\"1\"><span style=\"color: #7bc144;\"><b><i>Cookie dei social media:<\/i><\/b><\/span><span data-contrast=\"auto\"> I cookie dei social media consentono agli utenti di interagire pi\u00f9 facilmente con i social media, come Facebook e Instagram. Non controlliamo i cookie dei social media e questi non ci permettono di accedere ai tuoi account sui social media. Per informazioni sui cookie, consulta le politiche sulla privacy delle piattaforme di social media interessate.<\/span><span data-ccp-props=\"{\"> <\/span><\/li><\/ul>\t\t\t\t\t\t\t\t<\/div>\n\t\t\t\t<\/div>\n\t\t\t\t\t<\/div>\n\t\t<\/div>\n\t\t\t\t\t<\/div>\n\t\t<\/section>\n\t\t\t\t<\/div>\n\t\t","protected":false},"excerpt":{"rendered":"<p>Informativa sui cookie Planograma ha a cuore la privacy dei tuoi dati e si impegna a proteggerli. La presente Informativa sulla privacy spiega quali informazioni raccogliamo su di te e perch\u00e9, cosa facciamo con tali informazioni e come le gestiamo. Questa informativa si applica a tutti i siti web che possediamo e gestiamo e a [&hellip;]<\/p>\n","protected":false},"author":14,"featured_media":0,"parent":0,"menu_order":0,"comment_status":"closed","ping_status":"closed","template":"elementor_header_footer","meta":{"footnotes":""},"class_list":["post-11029","page","type-page","status-publish","hentry"],"yoast_head":"<!-- This site is optimized with the Yoast SEO plugin v27.3 - https:\/\/yoast.com\/product\/yoast-seo-wordpress\/ -->\n<title>Informativa sui cookie | Planogramma<\/title>\n<meta name=\"description\" content=\"Noi di Planograma teniamo alla privacy dei tuoi dati e ci impegniamo a proteggerli. Consulta la nostra politica sui cookie.\" \/>\n<meta name=\"robots\" content=\"index, follow, max-snippet:-1, max-image-preview:large, max-video-preview:-1\" \/>\n<link rel=\"canonical\" href=\"https:\/\/planograma.com\/it\/informativa-sui-cookie\" \/>\n<meta property=\"og:locale\" content=\"it_IT\" \/>\n<meta property=\"og:type\" content=\"article\" \/>\n<meta property=\"og:title\" content=\"Informativa sui cookie - Planograma\" \/>\n<meta property=\"og:description\" content=\"Noi di Planograma teniamo alla privacy dei tuoi dati e ci impegniamo a proteggerli. Consulta la nostra politica sui cookie.\" \/>\n<meta property=\"og:url\" content=\"https:\/\/planograma.com\/it\/informativa-sui-cookie\" \/>\n<meta property=\"og:site_name\" content=\"Planogramma\" \/>\n<meta property=\"article:modified_time\" content=\"2026-04-17T13:59:49+00:00\" \/>\n<meta property=\"og:image\" content=\"https:\/\/planograma.com\/wp-content\/uploads\/2021\/03\/logo-planograma-200-x-200-px.jpg\" \/>\n<meta name=\"twitter:card\" content=\"summary_large_image\" \/>\n<meta name=\"twitter:title\" content=\"Informativa sui cookie - Planograma\" \/>\n<meta name=\"twitter:description\" content=\"Noi di Planograma abbiamo a cuore la privacy dei tuoi dati e ci impegniamo a proteggerli. Consulta la nostra politica sui cookie.\" \/>\n<meta name=\"twitter:image\" content=\"https:\/\/planograma.com\/wp-content\/uploads\/2021\/03\/logo-planograma-200-x-200-px.jpg\" \/>\n<meta name=\"twitter:label1\" content=\"Tempo di lettura stimato\" \/>\n\t<meta name=\"twitter:data1\" content=\"2 minuti\" \/>\n<script type=\"application\/ld+json\" class=\"yoast-schema-graph\">{\"@context\":\"https:\\\/\\\/schema.org\",\"@graph\":[{\"@type\":\"WebPage\",\"@id\":\"https:\\\/\\\/planograma.com\\\/it\\\/informativa-sui-cookie\",\"url\":\"https:\\\/\\\/planograma.com\\\/it\\\/informativa-sui-cookie\",\"name\":\"Informativa sui cookie | Planogramma\",\"isPartOf\":{\"@id\":\"https:\\\/\\\/planograma.com\\\/it#website\"},\"datePublished\":\"2021-02-01T15:23:38+00:00\",\"dateModified\":\"2026-04-17T13:59:49+00:00\",\"description\":\"Noi di Planograma teniamo alla privacy dei tuoi dati e ci impegniamo a proteggerli. Consulta la nostra politica sui cookie.\",\"breadcrumb\":{\"@id\":\"https:\\\/\\\/planograma.com\\\/it\\\/informativa-sui-cookie#breadcrumb\"},\"inLanguage\":\"it-IT\",\"potentialAction\":[{\"@type\":\"ReadAction\",\"target\":[\"https:\\\/\\\/planograma.com\\\/it\\\/informativa-sui-cookie\"]}]},{\"@type\":\"BreadcrumbList\",\"@id\":\"https:\\\/\\\/planograma.com\\\/it\\\/informativa-sui-cookie#breadcrumb\",\"itemListElement\":[{\"@type\":\"ListItem\",\"position\":1,\"name\":\"Home\",\"item\":\"https:\\\/\\\/planograma.com\\\/it?page_id=11095\"},{\"@type\":\"ListItem\",\"position\":2,\"name\":\"Informativa sui cookie\"}]},{\"@type\":\"WebSite\",\"@id\":\"https:\\\/\\\/planograma.com\\\/it#website\",\"url\":\"https:\\\/\\\/planograma.com\\\/it\",\"name\":\"Planogramma\",\"description\":\"Soluzione WMS cloud professionale\",\"publisher\":{\"@id\":\"https:\\\/\\\/planograma.com\\\/it#organization\"},\"potentialAction\":[{\"@type\":\"SearchAction\",\"target\":{\"@type\":\"EntryPoint\",\"urlTemplate\":\"https:\\\/\\\/planograma.com\\\/it?s={search_term_string}\"},\"query-input\":{\"@type\":\"PropertyValueSpecification\",\"valueRequired\":true,\"valueName\":\"search_term_string\"}}],\"inLanguage\":\"it-IT\"},{\"@type\":\"Organization\",\"@id\":\"https:\\\/\\\/planograma.com\\\/it#organization\",\"name\":\"Planogramma\",\"url\":\"https:\\\/\\\/planograma.com\\\/it\",\"logo\":{\"@type\":\"ImageObject\",\"inLanguage\":\"it-IT\",\"@id\":\"https:\\\/\\\/planograma.com\\\/it#\\\/schema\\\/logo\\\/image\\\/\",\"url\":\"https:\\\/\\\/planograma.com\\\/wp-content\\\/uploads\\\/2021\\\/03\\\/logo-planograma-200-x-200-px.jpg\",\"contentUrl\":\"https:\\\/\\\/planograma.com\\\/wp-content\\\/uploads\\\/2021\\\/03\\\/logo-planograma-200-x-200-px.jpg\",\"width\":200,\"height\":200,\"caption\":\"Planogramma\"},\"image\":{\"@id\":\"https:\\\/\\\/planograma.com\\\/it#\\\/schema\\\/logo\\\/image\\\/\"}}]}<\/script>\n<!-- \/ Yoast SEO plugin. -->","yoast_head_json":{"title":"Informativa sui cookie | Planogramma","description":"Noi di Planograma teniamo alla privacy dei tuoi dati e ci impegniamo a proteggerli. Consulta la nostra politica sui cookie.","robots":{"index":"index","follow":"follow","max-snippet":"max-snippet:-1","max-image-preview":"max-image-preview:large","max-video-preview":"max-video-preview:-1"},"canonical":"https:\/\/planograma.com\/it\/informativa-sui-cookie","og_locale":"it_IT","og_type":"article","og_title":"Informativa sui cookie - Planograma","og_description":"Noi di Planograma teniamo alla privacy dei tuoi dati e ci impegniamo a proteggerli. Consulta la nostra politica sui cookie.","og_url":"https:\/\/planograma.com\/it\/informativa-sui-cookie","og_site_name":"Planogramma","article_modified_time":"2026-04-17T13:59:49+00:00","og_image":[{"url":"https:\/\/planograma.com\/wp-content\/uploads\/2021\/03\/logo-planograma-200-x-200-px.jpg","type":"","width":"","height":""}],"twitter_card":"summary_large_image","twitter_title":"Informativa sui cookie - Planograma","twitter_description":"Noi di Planograma abbiamo a cuore la privacy dei tuoi dati e ci impegniamo a proteggerli. Consulta la nostra politica sui cookie.","twitter_image":"https:\/\/planograma.com\/wp-content\/uploads\/2021\/03\/logo-planograma-200-x-200-px.jpg","twitter_misc":{"Tempo di lettura stimato":"2 minuti"},"schema":{"@context":"https:\/\/schema.org","@graph":[{"@type":"WebPage","@id":"https:\/\/planograma.com\/it\/informativa-sui-cookie","url":"https:\/\/planograma.com\/it\/informativa-sui-cookie","name":"Informativa sui cookie | Planogramma","isPartOf":{"@id":"https:\/\/planograma.com\/it#website"},"datePublished":"2021-02-01T15:23:38+00:00","dateModified":"2026-04-17T13:59:49+00:00","description":"Noi di Planograma teniamo alla privacy dei tuoi dati e ci impegniamo a proteggerli. Consulta la nostra politica sui cookie.","breadcrumb":{"@id":"https:\/\/planograma.com\/it\/informativa-sui-cookie#breadcrumb"},"inLanguage":"it-IT","potentialAction":[{"@type":"ReadAction","target":["https:\/\/planograma.com\/it\/informativa-sui-cookie"]}]},{"@type":"BreadcrumbList","@id":"https:\/\/planograma.com\/it\/informativa-sui-cookie#breadcrumb","itemListElement":[{"@type":"ListItem","position":1,"name":"Home","item":"https:\/\/planograma.com\/it?page_id=11095"},{"@type":"ListItem","position":2,"name":"Informativa sui cookie"}]},{"@type":"WebSite","@id":"https:\/\/planograma.com\/it#website","url":"https:\/\/planograma.com\/it","name":"Planogramma","description":"Soluzione WMS cloud professionale","publisher":{"@id":"https:\/\/planograma.com\/it#organization"},"potentialAction":[{"@type":"SearchAction","target":{"@type":"EntryPoint","urlTemplate":"https:\/\/planograma.com\/it?s={search_term_string}"},"query-input":{"@type":"PropertyValueSpecification","valueRequired":true,"valueName":"search_term_string"}}],"inLanguage":"it-IT"},{"@type":"Organization","@id":"https:\/\/planograma.com\/it#organization","name":"Planogramma","url":"https:\/\/planograma.com\/it","logo":{"@type":"ImageObject","inLanguage":"it-IT","@id":"https:\/\/planograma.com\/it#\/schema\/logo\/image\/","url":"https:\/\/planograma.com\/wp-content\/uploads\/2021\/03\/logo-planograma-200-x-200-px.jpg","contentUrl":"https:\/\/planograma.com\/wp-content\/uploads\/2021\/03\/logo-planograma-200-x-200-px.jpg","width":200,"height":200,"caption":"Planogramma"},"image":{"@id":"https:\/\/planograma.com\/it#\/schema\/logo\/image\/"}}]}},"_links":{"self":[{"href":"https:\/\/planograma.com\/it\/wp-json\/wp\/v2\/pages\/11029","targetHints":{"allow":["GET"]}}],"collection":[{"href":"https:\/\/planograma.com\/it\/wp-json\/wp\/v2\/pages"}],"about":[{"href":"https:\/\/planograma.com\/it\/wp-json\/wp\/v2\/types\/page"}],"author":[{"embeddable":true,"href":"https:\/\/planograma.com\/it\/wp-json\/wp\/v2\/users\/14"}],"replies":[{"embeddable":true,"href":"https:\/\/planograma.com\/it\/wp-json\/wp\/v2\/comments?post=11029"}],"version-history":[{"count":2,"href":"https:\/\/planograma.com\/it\/wp-json\/wp\/v2\/pages\/11029\/revisions"}],"predecessor-version":[{"id":11033,"href":"https:\/\/planograma.com\/it\/wp-json\/wp\/v2\/pages\/11029\/revisions\/11033"}],"wp:attachment":[{"href":"https:\/\/planograma.com\/it\/wp-json\/wp\/v2\/media?parent=11029"}],"curies":[{"name":"wp","href":"https:\/\/api.w.org\/{rel}","templated":true}]}}